{"id":703326,"date":"2025-08-27T15:24:33","date_gmt":"2025-08-27T12:24:33","guid":{"rendered":"https:\/\/roveyayinevi.com.tr\/index.php\/urun\/cogulcu-toplum-ve-demokrasi\/"},"modified":"2026-04-16T02:12:34","modified_gmt":"2026-04-15T23:12:34","slug":"cogulcu-toplum-ve-demokrasi","status":"publish","type":"product","link":"https:\/\/roveyayinevi.com.tr\/index.php\/urun\/cogulcu-toplum-ve-demokrasi\/","title":{"rendered":"\u00c7o\u011fulcu Toplum ve Demokrasi"},"content":{"rendered":"<p>&#8220;21. y\u00fczy\u0131l\u0131n ilk 15 y\u0131l\u0131n\u0131 geride b\u0131rak\u0131yoruz ama T\u00fcrkiye h\u00e2l\u00e2 temel sorunlar\u0131n\u0131 g\u00fcven verici bir \u00e7\u00f6z\u00fcm yoluna koyabilmi\u015f de\u011fil. K\u00fcreselle\u015fme \u00e7a\u011f\u0131nda sadece ekonomide ve d\u0131\u015f politikada de\u011fil, hemen her alanda m\u00fcthi\u015f bir rekabet ya\u015fan\u0131yor. Toplumlar\u0131n ve k\u00fclt\u00fcrlerin birbirlerini etkileme g\u00fcc\u00fc artt\u0131. Bir taraftan da d\u00fcnya ba\u015f d\u00f6nd\u00fcr\u00fcc\u00fc bir ivmeyle de\u011fi\u015fiyor. Bu ko\u015fullar ayn\u0131 zamanda, sorunlar\u0131n\u0131 \u00e7\u00f6zemeyen \u00fclkelerin a\u011f\u0131r bedeller \u00f6deyece\u011fi anlam\u0131na geliyor. Ka\u00e7\u0131\u015f yok.&#8221; Bu kitap \u00e7o\u011fulcu toplum, \u00f6zg\u00fcrl\u00fck, e\u015fitlik, sosyal demokrasi, siyasi partilerimizin zay\u0131f kurumsal yap\u0131lar\u0131, silahl\u0131 kuvvetlerin demokratik denetimi, K\u00fcrt ve Alevi a\u00e7\u0131l\u0131mlar\u0131, RP ve AKP \u00f6rne\u011finde \u0130slamc\u0131 siyaset tecr\u00fcbeleri gibi g\u00fcncel konular\u0131 ve T\u00fcrkiye&#8217;nin bir t\u00fcrl\u00fc \u00e7\u00f6z\u00fcm yoluna koyamad\u0131\u011f\u0131 sorunlar\u0131 ele al\u0131yor. Kitab\u0131n son b\u00f6l\u00fcm\u00fc d\u00fcnyay\u0131 tehdit eden iklim de\u011fi\u015fikli\u011fi problemi \u00fczerine T\u00fcrkiye perspektifinden bir de\u011ferlendirmeyi kaps\u0131yor. Yazar\u0131n ifadesiyle bu tehdit, \u00f6n\u00fcm\u00fczdeki on y\u0131llarda muhtemelen geli\u015fmi\u015f ve geli\u015fmekte olan \u00fclkeler aras\u0131ndaki ba\u015fl\u0131ca \u00e7at\u0131\u015fma alanlar\u0131ndan birini olu\u015fturacak. &#8220;Bu kapsaml\u0131 ve de\u011ferli \u00e7al\u0131\u015fma, \u00fclke sorunlar\u0131 \u00fczerinde d\u00fc\u015f\u00fcnen okurlar i\u00e7in neden-ni\u00e7in-nas\u0131l sorular\u0131na da yan\u0131t veren, doyurucu bir bilgilendirme ve referans kayna\u011f\u0131 olacak.&#8221; -Ali K\u00fclebi- <\/p>\n","protected":false},"excerpt":{"rendered":"<p>&#8220;21. y\u00fczy\u0131l\u0131n ilk 15 y\u0131l\u0131n\u0131 geride b\u0131rak\u0131yoruz ama T\u00fcrkiye h\u00e2l\u00e2 temel sorunlar\u0131n\u0131 g\u00fcven verici bir \u00e7\u00f6z\u00fcm yoluna koyabilmi\u015f de\u011fil. K\u00fcreselle\u015fme \u00e7a\u011f\u0131nda sadece ekonomide ve d\u0131\u015f politikada<span class=\"excerpt-hellip\"> [\u2026]<\/span><\/p>\n","protected":false},"featured_media":0,"template":"","meta":{"_monsterinsights_skip_tracking":false,"_monsterinsights_sitenote_active":false,"_monsterinsights_sitenote_note":"","_monsterinsights_sitenote_category":0},"product_brand":[],"product_cat":[12965,12337],"product_tag":[],"class_list":{"0":"post-703326","1":"product","2":"type-product","3":"status-publish","5":"product_cat-genel-politika","6":"product_cat-politika-siyaset","7":"pa_cilt-ciltsiz","8":"pa_tur-kitap","9":"pa_yayinevi-bencekitap","10":"pa_yazar-haluk-ozdalga","12":"first","13":"instock","14":"sale","15":"shipping-taxable","16":"purchasable","17":"product-type-simple"},"_links":{"self":[{"href":"https:\/\/roveyayinevi.com.tr\/index.php\/wp-json\/wp\/v2\/product\/703326","targetHints":{"allow":["GET"]}}],"collection":[{"href":"https:\/\/roveyayinevi.com.tr\/index.php\/wp-json\/wp\/v2\/product"}],"about":[{"href":"https:\/\/roveyayinevi.com.tr\/index.php\/wp-json\/wp\/v2\/types\/product"}],"wp:attachment":[{"href":"https:\/\/roveyayinevi.com.tr\/index.php\/wp-json\/wp\/v2\/media?parent=703326"}],"wp:term":[{"taxonomy":"product_brand","embeddable":true,"href":"https:\/\/roveyayinevi.com.tr\/index.php\/wp-json\/wp\/v2\/product_brand?post=703326"},{"taxonomy":"product_cat","embeddable":true,"href":"https:\/\/roveyayinevi.com.tr\/index.php\/wp-json\/wp\/v2\/product_cat?post=703326"},{"taxonomy":"product_tag","embeddable":true,"href":"https:\/\/roveyayinevi.com.tr\/index.php\/wp-json\/wp\/v2\/product_tag?post=703326"}],"curies":[{"name":"wp","href":"https:\/\/api.w.org\/{rel}","templated":true}]}}