{"id":703323,"date":"2025-08-27T15:24:32","date_gmt":"2025-08-27T12:24:32","guid":{"rendered":"https:\/\/roveyayinevi.com.tr\/index.php\/urun\/batman-olduren-saka-ozel-edisyon-retro\/"},"modified":"2025-12-30T09:56:21","modified_gmt":"2025-12-30T06:56:21","slug":"batman-olduren-saka-ozel-edisyon-retro","status":"publish","type":"product","link":"https:\/\/roveyayinevi.com.tr\/index.php\/urun\/batman-olduren-saka-ozel-edisyon-retro\/","title":{"rendered":"Batman: \u00d6ld\u00fcren \u015eaka \u00d6zel Edisyon (Retro!)"},"content":{"rendered":"<p>K\u00f6t\u00fc Bir G\u00fcn Joker olarak bilinen, s\u00fcrekli s\u0131r\u0131tan, delilik ve karga\u015fa makinesine g\u00f6re, akl\u0131 ba\u015f\u0131nda ile psikoz hastas\u0131 aras\u0131ndaki tek fark i\u015fte bu kadar basit. Arkham Ak\u0131l Hastanesinin s\u0131n\u0131rlar\u0131ndan bir kez daha kurtulan \u00e7\u0131lg\u0131n, bu dengesiz d\u00fc\u015f\u00fcncesini do\u011frulamak niyetindedir. Bunun i\u00e7in de Gotham&#8217;\u0131n en ba\u015far\u0131l\u0131 polis memuru Jim Gordon ile zeki ve g\u00fczel k\u0131z\u0131 Barbara&#8217;y\u0131 kullanacakt\u0131r. \u015eimdi Kara \u015e\u00f6valye, en yak\u0131n arkada\u015flar\u0131ndan ikisinin, ba\u015f d\u00fc\u015fman\u0131n\u0131n korku krall\u0131\u011f\u0131 taraf\u0131ndan ele ge\u00e7irilmesini durdurmak i\u00e7in \u00e7ok h\u0131zl\u0131 davranmal\u0131d\u0131r. Bu iki ikonik d\u00fc\u015fman\u0131 birbirine ba\u011flayan kana susam\u0131\u015fl\u0131k ve delilik d\u00f6ng\u00fcs\u00fc, \u00f6l\u00fcmc\u00fcl bir sona ula\u015fmadan \u00f6nce k\u0131r\u0131labilecek midir? Yoksa su\u00e7 d\u00fcnyas\u0131n\u0131n Palya\u00e7o Prensi&#8217;nin \u00fcrk\u00fct\u00fcc\u00fc orijini nihayet g\u00fcn y\u00fcz\u00fcne \u00e7\u0131kt\u0131\u011f\u0131nda, Batman&#8217;in asilli\u011fini ve Joker&#8217;in delili\u011fini ay\u0131ran ince de \u00e7izgi de sonsuza dek yok mu olacakt\u0131r? Efsanevi yazar Alan Moore s\u00fcper kahramanl\u0131\u011f\u0131n tan\u0131m\u0131n\u0131 Watchmen ve V For Vendetta&#8217;yla tekrar yapm\u0131\u015ft\u0131. Batman: \u00d6ld\u00fcren \u015eaka&#8217;yla da \u00e7izgi romanlar\u0131n en muhte\u015fem s\u00fcper k\u00f6t\u00fcs\u00fc Joker&#8217;in orijinini ele al\u0131yor -ve Batman&#8217;in d\u00fcnyas\u0131n\u0131 sonsuza dek de\u011fi\u015ftiriyor.<\/p>\n","protected":false},"excerpt":{"rendered":"<p>K\u00f6t\u00fc Bir G\u00fcn Joker olarak bilinen, s\u00fcrekli s\u0131r\u0131tan, delilik ve karga\u015fa makinesine g\u00f6re, akl\u0131 ba\u015f\u0131nda ile psikoz hastas\u0131 aras\u0131ndaki tek fark i\u015fte bu kadar basit. Arkham<span class=\"excerpt-hellip\"> [\u2026]<\/span><\/p>\n","protected":false},"featured_media":0,"template":"","meta":{"_monsterinsights_skip_tracking":false,"_monsterinsights_sitenote_active":false,"_monsterinsights_sitenote_note":"","_monsterinsights_sitenote_category":0},"product_brand":[],"product_cat":[12416,12291],"product_tag":[],"class_list":{"0":"post-703323","1":"product","2":"type-product","3":"status-publish","5":"product_cat-cizgi-roman","6":"product_cat-edebiyat","7":"pa_tur-kitap","8":"pa_yayinevi-jbc-yayincilik","9":"pa_yazar-alan-moore","11":"first","12":"instock","13":"sale","14":"shipping-taxable","15":"purchasable","16":"product-type-simple"},"_links":{"self":[{"href":"https:\/\/roveyayinevi.com.tr\/index.php\/wp-json\/wp\/v2\/product\/703323","targetHints":{"allow":["GET"]}}],"collection":[{"href":"https:\/\/roveyayinevi.com.tr\/index.php\/wp-json\/wp\/v2\/product"}],"about":[{"href":"https:\/\/roveyayinevi.com.tr\/index.php\/wp-json\/wp\/v2\/types\/product"}],"wp:attachment":[{"href":"https:\/\/roveyayinevi.com.tr\/index.php\/wp-json\/wp\/v2\/media?parent=703323"}],"wp:term":[{"taxonomy":"product_brand","embeddable":true,"href":"https:\/\/roveyayinevi.com.tr\/index.php\/wp-json\/wp\/v2\/product_brand?post=703323"},{"taxonomy":"product_cat","embeddable":true,"href":"https:\/\/roveyayinevi.com.tr\/index.php\/wp-json\/wp\/v2\/product_cat?post=703323"},{"taxonomy":"product_tag","embeddable":true,"href":"https:\/\/roveyayinevi.com.tr\/index.php\/wp-json\/wp\/v2\/product_tag?post=703323"}],"curies":[{"name":"wp","href":"https:\/\/api.w.org\/{rel}","templated":true}]}}