{"id":703321,"date":"2025-08-27T15:24:31","date_gmt":"2025-08-27T12:24:31","guid":{"rendered":"https:\/\/roveyayinevi.com.tr\/index.php\/urun\/mavi-sakal\/"},"modified":"2026-04-16T02:12:34","modified_gmt":"2026-04-15T23:12:34","slug":"mavi-sakal","status":"publish","type":"product","link":"https:\/\/roveyayinevi.com.tr\/index.php\/urun\/mavi-sakal\/","title":{"rendered":"Mavi Sakal"},"content":{"rendered":"<p>NE D\u00dc\u015e\u00dcN\u00dcRSEN D\u00dc\u015e\u00dcN AMA ARTIK BA\u015eKA B\u0130R \u015eEY D\u00dc\u015e\u00dcN!   \u201cTahmin etmek \u00e7ok zor de\u011fil,\u201d dedi. \u201cSava\u015f\u0131n tek maksad\u0131, kad\u0131nlar\u0131 her yerde bu duruma d\u00fc\u015f\u00fcrmektir. Asl\u0131nda sava\u015f her zaman erkeklerle kad\u0131nlar aras\u0131ndad\u0131r ama erkekler kendi aralar\u0131nda sava\u015ft\u0131klar\u0131n\u0131 farz ederler sadece.\u201d   Mavi Sakal, daha \u00f6nce \u015eampiyonlar\u0131n Kahvalt\u0131s\u0131\u2019nda kar\u015f\u0131la\u015ft\u0131\u011f\u0131m\u0131z soyut d\u0131\u015favurumcu ressam Rabo Karabekian\u2019\u0131n kurgusal otobiyografisi. Karabekian\u2019\u0131n tek arzusu, patates ambar\u0131nda kilit alt\u0131nda tuttu\u011fu s\u0131rr\u0131yla rahat b\u0131rak\u0131lmakt\u0131r; ama hayat\u0131na davetsiz bir misafir misali giren dul Circe Berman, m\u00fcnasebetsiz sorular\u0131yla onu hik\u00e2yesini anlatmaya zorlar. Sonu\u00e7, elbette tam da Kurt Vonnegut\u2019tan beklenece\u011fi \u00fczere, felaketi ve insan\u0131n merhametsizli\u011fini harikulade bir ironiyle ele alan bir hik\u00e2ye.   #amerikanedebiyat\u0131 #mizah #hiciv #amerika #sanat   \u201cBu, Vonnegut\u2019un en iyi \u00fcz\u00fcmlerinden yap\u0131lm\u0131\u015f iyi bir \u015farap.\u201d                                                                                The Detroit News <\/p>\n","protected":false},"excerpt":{"rendered":"<p>NE D\u00dc\u015e\u00dcN\u00dcRSEN D\u00dc\u015e\u00dcN AMA ARTIK BA\u015eKA B\u0130R \u015eEY D\u00dc\u015e\u00dcN! \u201cTahmin etmek \u00e7ok zor de\u011fil,\u201d dedi. \u201cSava\u015f\u0131n tek maksad\u0131, kad\u0131nlar\u0131 her yerde bu duruma d\u00fc\u015f\u00fcrmektir. Asl\u0131nda sava\u015f<span class=\"excerpt-hellip\"> [\u2026]<\/span><\/p>\n","protected":false},"featured_media":0,"template":"","meta":{"_monsterinsights_skip_tracking":false,"_monsterinsights_sitenote_active":false,"_monsterinsights_sitenote_note":"","_monsterinsights_sitenote_category":0},"product_brand":[],"product_cat":[12291,12711],"product_tag":[],"class_list":{"0":"post-703321","1":"product","2":"type-product","3":"status-publish","5":"product_cat-edebiyat","6":"product_cat-roman-oyku","7":"pa_cilt-ciltsiz","8":"pa_tur-kitap","9":"pa_yayinevi-can-yayinlari","10":"pa_yazar-kurt-vonnegut","12":"first","13":"instock","14":"sale","15":"shipping-taxable","16":"purchasable","17":"product-type-simple"},"_links":{"self":[{"href":"https:\/\/roveyayinevi.com.tr\/index.php\/wp-json\/wp\/v2\/product\/703321","targetHints":{"allow":["GET"]}}],"collection":[{"href":"https:\/\/roveyayinevi.com.tr\/index.php\/wp-json\/wp\/v2\/product"}],"about":[{"href":"https:\/\/roveyayinevi.com.tr\/index.php\/wp-json\/wp\/v2\/types\/product"}],"wp:attachment":[{"href":"https:\/\/roveyayinevi.com.tr\/index.php\/wp-json\/wp\/v2\/media?parent=703321"}],"wp:term":[{"taxonomy":"product_brand","embeddable":true,"href":"https:\/\/roveyayinevi.com.tr\/index.php\/wp-json\/wp\/v2\/product_brand?post=703321"},{"taxonomy":"product_cat","embeddable":true,"href":"https:\/\/roveyayinevi.com.tr\/index.php\/wp-json\/wp\/v2\/product_cat?post=703321"},{"taxonomy":"product_tag","embeddable":true,"href":"https:\/\/roveyayinevi.com.tr\/index.php\/wp-json\/wp\/v2\/product_tag?post=703321"}],"curies":[{"name":"wp","href":"https:\/\/api.w.org\/{rel}","templated":true}]}}