{"id":703320,"date":"2025-08-27T15:24:30","date_gmt":"2025-08-27T12:24:30","guid":{"rendered":"https:\/\/roveyayinevi.com.tr\/index.php\/urun\/badem-agaci\/"},"modified":"2026-04-16T02:12:34","modified_gmt":"2026-04-15T23:12:34","slug":"badem-agaci","status":"publish","type":"product","link":"https:\/\/roveyayinevi.com.tr\/index.php\/urun\/badem-agaci\/","title":{"rendered":"Badem A\u011fac\u0131"},"content":{"rendered":"<p>Ahmed Hamit, keskin zekas\u0131yla etraf\u0131ndaki herkesi kendine hayran b\u0131rakan sekiz ya\u015f\u0131nda bir \u00e7ocuktur. Fakat Filistin\u2019in i\u015fgal alt\u0131ndaki topraklar\u0131nda ya\u015fayan ailesini ve sevdiklerini kurtarmak i\u00e7in elinden hi\u00e7bir \u015fey gelmez. \u00dcstelik her \u015feylerini kaybetme korkusuyla ge\u00e7ip giden g\u00fcnler umutlar\u0131n\u0131 biraz daha s\u00f6nd\u00fcrmektedir. Ve Ahmed on ikinci ya\u015f\u0131na bast\u0131\u011f\u0131nda kabuslar ger\u00e7e\u011fe d\u00f6n\u00fc\u015f\u00fcr. Babas\u0131 tutuklan\u0131r, evleri yerle bir edilir ve karde\u015fleri \u00e7at\u0131\u015fmalar\u0131n k\u00f6r\u00fckledi\u011fi nefrete yenik d\u00fc\u015fer. Fakir ve yok olmaya mahkum ailesini kurtarmak i\u00e7in Ahmed\u2019in yapabilece\u011fi tek \u015fey ise zekas\u0131n\u0131 kulland\u0131\u011f\u0131 ilham verici bir hayat yolculu\u011funa \u00e7\u0131kmakt\u0131r. Bu yolda, \u015fiddetin ve kayb\u0131n o ac\u0131mas\u0131z hissi h\u00fck\u00fcm s\u00fcrecek, k\u00fc\u00e7\u00fcc\u00fck bir umut \u0131\u015f\u0131\u011f\u0131 bile \u00e7\u00f6ldeki bir su damlas\u0131 kadar de\u011ferli olacakt\u0131r\u2026 <\/p>\n","protected":false},"excerpt":{"rendered":"<p>Ahmed Hamit, keskin zekas\u0131yla etraf\u0131ndaki herkesi kendine hayran b\u0131rakan sekiz ya\u015f\u0131nda bir \u00e7ocuktur. Fakat Filistin\u2019in i\u015fgal alt\u0131ndaki topraklar\u0131nda ya\u015fayan ailesini ve sevdiklerini kurtarmak i\u00e7in elinden hi\u00e7bir<span class=\"excerpt-hellip\"> [\u2026]<\/span><\/p>\n","protected":false},"featured_media":0,"template":"","meta":{"_monsterinsights_skip_tracking":false,"_monsterinsights_sitenote_active":false,"_monsterinsights_sitenote_note":"","_monsterinsights_sitenote_category":0},"product_brand":[],"product_cat":[12291,12711],"product_tag":[],"class_list":{"0":"post-703320","1":"product","2":"type-product","3":"status-publish","5":"product_cat-edebiyat","6":"product_cat-roman-oyku","7":"pa_tur-kitap","8":"pa_yayinevi-pegasus-yayinlari","9":"pa_yazar-michele-cohen-corasanti","11":"first","12":"instock","13":"sale","14":"shipping-taxable","15":"purchasable","16":"product-type-simple"},"_links":{"self":[{"href":"https:\/\/roveyayinevi.com.tr\/index.php\/wp-json\/wp\/v2\/product\/703320","targetHints":{"allow":["GET"]}}],"collection":[{"href":"https:\/\/roveyayinevi.com.tr\/index.php\/wp-json\/wp\/v2\/product"}],"about":[{"href":"https:\/\/roveyayinevi.com.tr\/index.php\/wp-json\/wp\/v2\/types\/product"}],"wp:attachment":[{"href":"https:\/\/roveyayinevi.com.tr\/index.php\/wp-json\/wp\/v2\/media?parent=703320"}],"wp:term":[{"taxonomy":"product_brand","embeddable":true,"href":"https:\/\/roveyayinevi.com.tr\/index.php\/wp-json\/wp\/v2\/product_brand?post=703320"},{"taxonomy":"product_cat","embeddable":true,"href":"https:\/\/roveyayinevi.com.tr\/index.php\/wp-json\/wp\/v2\/product_cat?post=703320"},{"taxonomy":"product_tag","embeddable":true,"href":"https:\/\/roveyayinevi.com.tr\/index.php\/wp-json\/wp\/v2\/product_tag?post=703320"}],"curies":[{"name":"wp","href":"https:\/\/api.w.org\/{rel}","templated":true}]}}