{"id":703319,"date":"2025-08-27T15:24:30","date_gmt":"2025-08-27T12:24:30","guid":{"rendered":"https:\/\/roveyayinevi.com.tr\/index.php\/urun\/jacob-gece-gezginleri-1\/"},"modified":"2026-04-16T02:12:34","modified_gmt":"2026-04-15T23:12:34","slug":"jacob-gece-gezginleri-1","status":"publish","type":"product","link":"https:\/\/roveyayinevi.com.tr\/index.php\/urun\/jacob-gece-gezginleri-1\/","title":{"rendered":"Jacob &#8211; Gece Gezginleri 1"},"content":{"rendered":"<p>Yedi as\u0131rd\u0131r kimse onu ba\u015ftan \u00e7\u0131karamad\u0131. Ama bu gece farkl\u0131 olacak\u2026Zaman\u0131n ba\u015f\u0131ndan beri var olan Gece Gezginleri, karanl\u0131\u011f\u0131n g\u00f6lgelerinde ya\u015famaktad\u0131r. \u0130nsanlara a\u015f\u0131k olmalar\u0131 kesinlikle yasakt\u0131r ve bu kadim yasan\u0131n uygulanmas\u0131n\u0131 sa\u011flayan tek ki\u015fi \u0130nfazc\u0131 Jacob\u2019d\u0131r.Jacob insanlara kar\u015f\u0131 arzular\u0131na yenik d\u00fc\u015fen t\u00fcm Gezginleri, bahaneleri ne olursa olsun adalete teslim etmi\u015ftir. Yasak tutkulara, \u00f6n\u00fcne ge\u00e7ilemeyen a\u00e7l\u0131\u011fa hatta ay lanetine kar\u015f\u0131 bile ba\u011f\u0131\u015f\u0131kl\u0131\u011f\u0131 vard\u0131r ve kendine hakimiyeti tamd\u0131r\u2026 ta ki New York\u2019un karanl\u0131k bir soka\u011f\u0131nda Isabella\u2019y\u0131 g\u00f6rene dek. Jacob\u2019\u0131n akl\u0131nda kad\u0131n\u0131n hayat\u0131n\u0131 kurtarmak yoktur. Fakat onu kollar\u0131n\u0131n aras\u0131na ald\u0131\u011f\u0131 an engelleyemedi\u011fi duygulara kap\u0131l\u0131r ve birdenbire her \u015fey de\u011fi\u015fir.Birbirlerine kar\u015f\u0131 hissettikleri dayan\u0131lmaz cazibe kesinlikle yasalara ayk\u0131r\u0131d\u0131r ve Jacob\u2019\u0131n o ana dek inand\u0131\u011f\u0131 her \u015fey arzular\u0131n alevinde h\u0131zla yan\u0131p k\u00fcl olacakt\u0131r.Gece ba\u015flas\u0131n!..\u201cYepyeni bir ses, m\u00fcthi\u015f bir yetenek.\u201d- Sherrilyn Kenyon\u201cEn leziz \u00e7ikolatalar gibi, Jacob da yo\u011fun, karanl\u0131k ve i\u015ftah\u0131n\u0131z\u0131 tatmin ediyor.\u201d- JoAnn Ross\u201cJacob nefes kesen, b\u00fcy\u00fcleyici sahneler ve unutulmaz karakterlerle dolu. Bu kitaba bay\u0131ld\u0131m!\u201d- Christine Feehan\u201cGece Gezginleri serisinin heyecan dolu ilk kitab\u0131nda Jacob ile Isabella aras\u0131ndaki romantizm ger\u00e7ekten \u00e7ok \u00e7ekici. Yasak a\u015fk, gizli kaderler ve bir ruh \u00e7a\u011f\u0131ran\u0131n yaratt\u0131\u011f\u0131 tehlike, okurlar\u0131 nefes nefese b\u0131rak\u0131yor.&#8221;- Romance Junkies<\/p>\n","protected":false},"excerpt":{"rendered":"<p>Yedi as\u0131rd\u0131r kimse onu ba\u015ftan \u00e7\u0131karamad\u0131. Ama bu gece farkl\u0131 olacak\u2026Zaman\u0131n ba\u015f\u0131ndan beri var olan Gece Gezginleri, karanl\u0131\u011f\u0131n g\u00f6lgelerinde ya\u015famaktad\u0131r. \u0130nsanlara a\u015f\u0131k olmalar\u0131 kesinlikle yasakt\u0131r ve<span class=\"excerpt-hellip\"> [\u2026]<\/span><\/p>\n","protected":false},"featured_media":0,"template":"","meta":{"_monsterinsights_skip_tracking":false,"_monsterinsights_sitenote_active":false,"_monsterinsights_sitenote_note":"","_monsterinsights_sitenote_category":0},"product_brand":[],"product_cat":[12291,12711],"product_tag":[],"class_list":{"0":"post-703319","1":"product","2":"type-product","3":"status-publish","5":"product_cat-edebiyat","6":"product_cat-roman-oyku","7":"pa_cilt-ciltsiz","8":"pa_tur-kitap","9":"pa_yayinevi-pegasus-yayinlari","10":"pa_yazar-jacquelyn-frank","12":"first","13":"instock","14":"sale","15":"shipping-taxable","16":"purchasable","17":"product-type-simple"},"_links":{"self":[{"href":"https:\/\/roveyayinevi.com.tr\/index.php\/wp-json\/wp\/v2\/product\/703319","targetHints":{"allow":["GET"]}}],"collection":[{"href":"https:\/\/roveyayinevi.com.tr\/index.php\/wp-json\/wp\/v2\/product"}],"about":[{"href":"https:\/\/roveyayinevi.com.tr\/index.php\/wp-json\/wp\/v2\/types\/product"}],"wp:attachment":[{"href":"https:\/\/roveyayinevi.com.tr\/index.php\/wp-json\/wp\/v2\/media?parent=703319"}],"wp:term":[{"taxonomy":"product_brand","embeddable":true,"href":"https:\/\/roveyayinevi.com.tr\/index.php\/wp-json\/wp\/v2\/product_brand?post=703319"},{"taxonomy":"product_cat","embeddable":true,"href":"https:\/\/roveyayinevi.com.tr\/index.php\/wp-json\/wp\/v2\/product_cat?post=703319"},{"taxonomy":"product_tag","embeddable":true,"href":"https:\/\/roveyayinevi.com.tr\/index.php\/wp-json\/wp\/v2\/product_tag?post=703319"}],"curies":[{"name":"wp","href":"https:\/\/api.w.org\/{rel}","templated":true}]}}