{"id":703315,"date":"2025-08-27T15:24:29","date_gmt":"2025-08-27T12:24:29","guid":{"rendered":"https:\/\/roveyayinevi.com.tr\/index.php\/urun\/osmanli-doneminde-istanbul-hammallari\/"},"modified":"2026-04-16T02:12:34","modified_gmt":"2026-04-15T23:12:34","slug":"osmanli-doneminde-istanbul-hammallari","status":"publish","type":"product","link":"https:\/\/roveyayinevi.com.tr\/index.php\/urun\/osmanli-doneminde-istanbul-hammallari\/","title":{"rendered":"Osmanl\u0131 D\u00f6neminde \u0130stanbul Hammallar\u0131"},"content":{"rendered":"<p>Yerle\u015fim tarihi milattan \u00f6nce d\u00f6rt binli y\u0131llara uzanan \u0130stanbul \u015fehri, Fetih\u2018le birlikte \u00f6nemli bir ticaret merkezi olur Ticari yap\u0131n\u0131n bel kemi\u011fi diyebilece\u011fimiz hamallar da, \u0130stanbul ticaret hayat\u0131nda m\u00fchim bir rol oynar. <\/p>\n","protected":false},"excerpt":{"rendered":"<p>Yerle\u015fim tarihi milattan \u00f6nce d\u00f6rt binli y\u0131llara uzanan \u0130stanbul \u015fehri, Fetih\u2018le birlikte \u00f6nemli bir ticaret merkezi olur Ticari yap\u0131n\u0131n bel kemi\u011fi diyebilece\u011fimiz hamallar da, \u0130stanbul ticaret<span class=\"excerpt-hellip\"> [\u2026]<\/span><\/p>\n","protected":false},"featured_media":0,"template":"","meta":{"_monsterinsights_skip_tracking":false,"_monsterinsights_sitenote_active":false,"_monsterinsights_sitenote_note":"","_monsterinsights_sitenote_category":0},"product_brand":[],"product_cat":[12304,13493],"product_tag":[],"class_list":{"0":"post-703315","1":"product","2":"type-product","3":"status-publish","5":"product_cat-tarih","6":"product_cat-turkiye-ve-cumhuriyet-tarihi","7":"pa_tur-kitap","8":"pa_yayinevi-timas-yayinlari","9":"pa_yazar-nejdet-ertug","11":"first","12":"instock","13":"sale","14":"shipping-taxable","15":"purchasable","16":"product-type-simple"},"_links":{"self":[{"href":"https:\/\/roveyayinevi.com.tr\/index.php\/wp-json\/wp\/v2\/product\/703315","targetHints":{"allow":["GET"]}}],"collection":[{"href":"https:\/\/roveyayinevi.com.tr\/index.php\/wp-json\/wp\/v2\/product"}],"about":[{"href":"https:\/\/roveyayinevi.com.tr\/index.php\/wp-json\/wp\/v2\/types\/product"}],"wp:attachment":[{"href":"https:\/\/roveyayinevi.com.tr\/index.php\/wp-json\/wp\/v2\/media?parent=703315"}],"wp:term":[{"taxonomy":"product_brand","embeddable":true,"href":"https:\/\/roveyayinevi.com.tr\/index.php\/wp-json\/wp\/v2\/product_brand?post=703315"},{"taxonomy":"product_cat","embeddable":true,"href":"https:\/\/roveyayinevi.com.tr\/index.php\/wp-json\/wp\/v2\/product_cat?post=703315"},{"taxonomy":"product_tag","embeddable":true,"href":"https:\/\/roveyayinevi.com.tr\/index.php\/wp-json\/wp\/v2\/product_tag?post=703315"}],"curies":[{"name":"wp","href":"https:\/\/api.w.org\/{rel}","templated":true}]}}