{"id":703314,"date":"2025-08-27T15:24:28","date_gmt":"2025-08-27T12:24:28","guid":{"rendered":"https:\/\/roveyayinevi.com.tr\/index.php\/urun\/28-gun-yeter\/"},"modified":"2026-04-16T02:12:34","modified_gmt":"2026-04-15T23:12:34","slug":"28-gun-yeter","status":"publish","type":"product","link":"https:\/\/roveyayinevi.com.tr\/index.php\/urun\/28-gun-yeter\/","title":{"rendered":"28 G\u00fcn Yeter"},"content":{"rendered":"<p>Elinizdeki bu kitap sadece bir diyet kitab\u0131 de\u011fil, ayn\u0131 zamanda sa\u011fl\u0131kl\u0131 ya\u015fam kitab\u0131, mutluluk kitab\u0131, huzur kitab\u0131, sevgi kitab\u0131, spor kitab\u0131, bir nebze hayat kitab\u0131\u2026 Ve \u015fu bir ger\u00e7ek ki bir \u015feyleri de\u011fi\u015ftirmek istiyorsan\u0131z, kendinizden ba\u015fka sihirli bir de\u011fne\u011fe sahip de\u011filsiniz. Bu y\u00fczden i\u00e7inizdeki sihirli g\u00fcce iyi bak\u0131n ve inanc\u0131n\u0131z\u0131 kaybetmeyin. \ufffcTan\u0131t\u0131m Metni<\/p>\n","protected":false},"excerpt":{"rendered":"<p>Elinizdeki bu kitap sadece bir diyet kitab\u0131 de\u011fil, ayn\u0131 zamanda sa\u011fl\u0131kl\u0131 ya\u015fam kitab\u0131, mutluluk kitab\u0131, huzur kitab\u0131, sevgi kitab\u0131, spor kitab\u0131, bir nebze hayat kitab\u0131\u2026 Ve<span class=\"excerpt-hellip\"> [\u2026]<\/span><\/p>\n","protected":false},"featured_media":0,"template":"","meta":{"_monsterinsights_skip_tracking":false,"_monsterinsights_sitenote_active":false,"_monsterinsights_sitenote_note":"","_monsterinsights_sitenote_category":0},"product_brand":[],"product_cat":[13402,13365],"product_tag":[],"class_list":{"0":"post-703314","1":"product","2":"type-product","3":"status-publish","5":"product_cat-beslenme-ve-diyet","6":"product_cat-saglik","7":"pa_cilt-ciltsiz","8":"pa_tur-kitap","9":"pa_yayinevi-inkilap-kitabevi","10":"pa_yazar-merve-bilge-atalay","12":"first","13":"instock","14":"sale","15":"shipping-taxable","16":"purchasable","17":"product-type-simple"},"_links":{"self":[{"href":"https:\/\/roveyayinevi.com.tr\/index.php\/wp-json\/wp\/v2\/product\/703314","targetHints":{"allow":["GET"]}}],"collection":[{"href":"https:\/\/roveyayinevi.com.tr\/index.php\/wp-json\/wp\/v2\/product"}],"about":[{"href":"https:\/\/roveyayinevi.com.tr\/index.php\/wp-json\/wp\/v2\/types\/product"}],"wp:attachment":[{"href":"https:\/\/roveyayinevi.com.tr\/index.php\/wp-json\/wp\/v2\/media?parent=703314"}],"wp:term":[{"taxonomy":"product_brand","embeddable":true,"href":"https:\/\/roveyayinevi.com.tr\/index.php\/wp-json\/wp\/v2\/product_brand?post=703314"},{"taxonomy":"product_cat","embeddable":true,"href":"https:\/\/roveyayinevi.com.tr\/index.php\/wp-json\/wp\/v2\/product_cat?post=703314"},{"taxonomy":"product_tag","embeddable":true,"href":"https:\/\/roveyayinevi.com.tr\/index.php\/wp-json\/wp\/v2\/product_tag?post=703314"}],"curies":[{"name":"wp","href":"https:\/\/api.w.org\/{rel}","templated":true}]}}