{"id":703313,"date":"2025-08-27T15:24:28","date_gmt":"2025-08-27T12:24:28","guid":{"rendered":"https:\/\/roveyayinevi.com.tr\/index.php\/urun\/semos-ve-citirkizlar\/"},"modified":"2026-04-16T02:12:34","modified_gmt":"2026-04-15T23:12:34","slug":"semos-ve-citirkizlar","status":"publish","type":"product","link":"https:\/\/roveyayinevi.com.tr\/index.php\/urun\/semos-ve-citirkizlar\/","title":{"rendered":"Semo\u015f ve \u00c7\u0131t\u0131rk\u0131zlar"},"content":{"rendered":"<p>Semo\u015f, sabah sabah pek mutluydu. O kadar ne\u015feli uyanm\u0131\u015ft\u0131 ki y\u00fcz\u00fcndeki g\u00fcl\u00fcmsemesini fark etmesi birka\u00e7 saniyesini ald\u0131. D\u00fc\u015f\u00fcnd\u00fc\u2026 O g\u00fcn \u00f6zel bir g\u00fcn de\u011fildi; s\u0131radan bir ilkbahar sabah\u0131yd\u0131. Ama acaba ger\u00e7ekten s\u0131radan bir sabah m\u0131yd\u0131?  Yazar\u0131 Tu\u011f\u00e7e Macit&#8217;in ilk kitab\u0131 olan Semo\u015f ve \u00c7\u0131t\u0131rk\u0131zlar, k\u00fc\u00e7\u00fck kahraman\u0131 Semo\u015f&#8217;un ba\u015f\u0131ndan ge\u00e7en naif bir hikayeyi anlat\u0131yor. Zeynep Co\u015fkun&#8217;un \u00e7izimleriyle hayata ge\u00e7en Semo\u015f&#8217;u \u00e7ok sevece\u011finizi umuyoruz. <\/p>\n","protected":false},"excerpt":{"rendered":"<p>Semo\u015f, sabah sabah pek mutluydu. O kadar ne\u015feli uyanm\u0131\u015ft\u0131 ki y\u00fcz\u00fcndeki g\u00fcl\u00fcmsemesini fark etmesi birka\u00e7 saniyesini ald\u0131. D\u00fc\u015f\u00fcnd\u00fc\u2026 O g\u00fcn \u00f6zel bir g\u00fcn de\u011fildi; s\u0131radan bir<span class=\"excerpt-hellip\"> [\u2026]<\/span><\/p>\n","protected":false},"featured_media":0,"template":"","meta":{"_monsterinsights_skip_tracking":false,"_monsterinsights_sitenote_active":false,"_monsterinsights_sitenote_note":"","_monsterinsights_sitenote_category":0},"product_brand":[],"product_cat":[12913,12274],"product_tag":[],"class_list":{"0":"post-703313","1":"product","2":"type-product","3":"status-publish","5":"product_cat-3-6-yas-kitaplari","6":"product_cat-cocuk-ve-genclik-kitaplari","7":"pa_cilt-ciltsiz","8":"pa_tur-kitap","9":"pa_yayinevi-potikare-yayincilik","10":"pa_yazar-tugce-macit","12":"first","13":"instock","14":"sale","15":"shipping-taxable","16":"purchasable","17":"product-type-simple"},"_links":{"self":[{"href":"https:\/\/roveyayinevi.com.tr\/index.php\/wp-json\/wp\/v2\/product\/703313","targetHints":{"allow":["GET"]}}],"collection":[{"href":"https:\/\/roveyayinevi.com.tr\/index.php\/wp-json\/wp\/v2\/product"}],"about":[{"href":"https:\/\/roveyayinevi.com.tr\/index.php\/wp-json\/wp\/v2\/types\/product"}],"wp:attachment":[{"href":"https:\/\/roveyayinevi.com.tr\/index.php\/wp-json\/wp\/v2\/media?parent=703313"}],"wp:term":[{"taxonomy":"product_brand","embeddable":true,"href":"https:\/\/roveyayinevi.com.tr\/index.php\/wp-json\/wp\/v2\/product_brand?post=703313"},{"taxonomy":"product_cat","embeddable":true,"href":"https:\/\/roveyayinevi.com.tr\/index.php\/wp-json\/wp\/v2\/product_cat?post=703313"},{"taxonomy":"product_tag","embeddable":true,"href":"https:\/\/roveyayinevi.com.tr\/index.php\/wp-json\/wp\/v2\/product_tag?post=703313"}],"curies":[{"name":"wp","href":"https:\/\/api.w.org\/{rel}","templated":true}]}}