{"id":703312,"date":"2025-08-27T15:24:28","date_gmt":"2025-08-27T12:24:28","guid":{"rendered":"https:\/\/roveyayinevi.com.tr\/index.php\/urun\/marcel-proust-ya-da-bir-roman-yaratmak\/"},"modified":"2026-04-16T02:12:34","modified_gmt":"2026-04-15T23:12:34","slug":"marcel-proust-ya-da-bir-roman-yaratmak","status":"publish","type":"product","link":"https:\/\/roveyayinevi.com.tr\/index.php\/urun\/marcel-proust-ya-da-bir-roman-yaratmak\/","title":{"rendered":"Marcel Proust ya da Bir Roman Yaratmak"},"content":{"rendered":"<p>Yazma arzusunu s\u00fcrekli i\u00e7inde ta\u015f\u0131yan, hem \u00e7evresindeki d\u00fcnyalara (kibarlar d\u00fcnyas\u0131, a\u015fk d\u00fcnyas\u0131, sanat d\u00fcnyas\u0131) bak\u0131\u015f\u0131n\u0131, hem de okumalar\u0131n\u0131 yazma eylemi i\u00e7in s\u00fcrd\u00fcren b\u00fcy\u00fck bir yazar\u0131, roman t\u00fcr\u00fcnde devrim yaratm\u0131\u015f Marcel Proust\u2019u ve Kay\u0131p Zaman\u0131n \u0130zinde adl\u0131 ba\u015fyap\u0131t\u0131n\u0131 \u00e7e\u015fitli y\u00f6nleriyle konu ediniyor bu kitap. \ufffcTan\u0131t\u0131m Metni<\/p>\n","protected":false},"excerpt":{"rendered":"<p>Yazma arzusunu s\u00fcrekli i\u00e7inde ta\u015f\u0131yan, hem \u00e7evresindeki d\u00fcnyalara (kibarlar d\u00fcnyas\u0131, a\u015fk d\u00fcnyas\u0131, sanat d\u00fcnyas\u0131) bak\u0131\u015f\u0131n\u0131, hem de okumalar\u0131n\u0131 yazma eylemi i\u00e7in s\u00fcrd\u00fcren b\u00fcy\u00fck bir yazar\u0131, roman<span class=\"excerpt-hellip\"> [\u2026]<\/span><\/p>\n","protected":false},"featured_media":0,"template":"","meta":{"_monsterinsights_skip_tracking":false,"_monsterinsights_sitenote_active":false,"_monsterinsights_sitenote_note":"","_monsterinsights_sitenote_category":0},"product_brand":[],"product_cat":[13590,12337],"product_tag":[],"class_list":{"0":"post-703312","1":"product","2":"type-product","3":"status-publish","5":"product_cat-arastirma-inceleme-politika-siyaset","6":"product_cat-politika-siyaset","7":"pa_cilt-ciltsiz","8":"pa_tur-kitap","9":"pa_yayinevi-yapi-kredi-yayinlari","10":"pa_yazar-mehmet-rifat","12":"first","13":"instock","14":"sale","15":"shipping-taxable","16":"purchasable","17":"product-type-simple"},"_links":{"self":[{"href":"https:\/\/roveyayinevi.com.tr\/index.php\/wp-json\/wp\/v2\/product\/703312","targetHints":{"allow":["GET"]}}],"collection":[{"href":"https:\/\/roveyayinevi.com.tr\/index.php\/wp-json\/wp\/v2\/product"}],"about":[{"href":"https:\/\/roveyayinevi.com.tr\/index.php\/wp-json\/wp\/v2\/types\/product"}],"wp:attachment":[{"href":"https:\/\/roveyayinevi.com.tr\/index.php\/wp-json\/wp\/v2\/media?parent=703312"}],"wp:term":[{"taxonomy":"product_brand","embeddable":true,"href":"https:\/\/roveyayinevi.com.tr\/index.php\/wp-json\/wp\/v2\/product_brand?post=703312"},{"taxonomy":"product_cat","embeddable":true,"href":"https:\/\/roveyayinevi.com.tr\/index.php\/wp-json\/wp\/v2\/product_cat?post=703312"},{"taxonomy":"product_tag","embeddable":true,"href":"https:\/\/roveyayinevi.com.tr\/index.php\/wp-json\/wp\/v2\/product_tag?post=703312"}],"curies":[{"name":"wp","href":"https:\/\/api.w.org\/{rel}","templated":true}]}}