{"id":703310,"date":"2025-08-27T15:24:27","date_gmt":"2025-08-27T12:24:27","guid":{"rendered":"https:\/\/roveyayinevi.com.tr\/index.php\/urun\/bekleyis-ve-umut\/"},"modified":"2026-04-16T02:12:34","modified_gmt":"2026-04-15T23:12:34","slug":"bekleyis-ve-umut","status":"publish","type":"product","link":"https:\/\/roveyayinevi.com.tr\/index.php\/urun\/bekleyis-ve-umut\/","title":{"rendered":"Bekleyi\u015f ve Umut"},"content":{"rendered":"<p>Eugenio Borgna bu kitab\u0131nda insan olma halinin iki yap\u0131ta\u015f\u0131n\u0131, bekleyi\u015fi ve umudu fenomenolojik bir y\u00f6nelimle ele al\u0131yor. Klinik deneyimlerinin sa\u011flad\u0131\u011f\u0131 i\u00e7g\u00f6r\u00fcyle ruhun kuytular\u0131na n\u00fcfuz etmenin yollar\u0131n\u0131 arayan yazar, okuru bekleyi\u015f ve umudun felsefi ve edebi imgeleri aras\u0131nda umut dolu bir yolculu\u011fa \u00e7\u0131kar\u0131yor.  &#8220;Sadece g\u00fcnl\u00fck hayattaki kar\u015f\u0131la\u015fmalar\u0131m\u0131zda de\u011fil, kayg\u0131 ve huzursuzlu\u011fa kap\u0131lm\u0131\u015f hastalarla ya\u015fad\u0131\u011f\u0131m\u0131z kar\u015f\u0131la\u015fmalarda da ve hatta \u00f6zellikle bunlarda, sessizlik i\u00e7inde diyalog kurman\u0131n gizemli anlam\u0131n\u0131 kavramam\u0131z gereklidir; bu, onlar\u0131n ne hissettiklerini ve ne duyduklar\u0131n\u0131, huzursuz bekleyi\u015f ve umutlar\u0131n\u0131n neler oldu\u011funu, hayatlar\u0131n\u0131n ufuklar\u0131na inen g\u00f6lgeleri sezmek amac\u0131yla yap\u0131lmal\u0131d\u0131r.&#8221; (Tan\u0131t\u0131m B\u00fclteninden) <\/p>\n","protected":false},"excerpt":{"rendered":"<p>Eugenio Borgna bu kitab\u0131nda insan olma halinin iki yap\u0131ta\u015f\u0131n\u0131, bekleyi\u015fi ve umudu fenomenolojik bir y\u00f6nelimle ele al\u0131yor. Klinik deneyimlerinin sa\u011flad\u0131\u011f\u0131 i\u00e7g\u00f6r\u00fcyle ruhun kuytular\u0131na n\u00fcfuz etmenin yollar\u0131n\u0131<span class=\"excerpt-hellip\"> [\u2026]<\/span><\/p>\n","protected":false},"featured_media":0,"template":"","meta":{"_monsterinsights_skip_tracking":false,"_monsterinsights_sitenote_active":false,"_monsterinsights_sitenote_note":"","_monsterinsights_sitenote_category":0},"product_brand":[],"product_cat":[12358,12357],"product_tag":[],"class_list":{"0":"post-703310","1":"product","2":"type-product","3":"status-publish","5":"product_cat-genel-psikoloji","6":"product_cat-psikoloji","7":"pa_cilt-ciltsiz","8":"pa_tur-kitap","9":"pa_yayinevi-yapi-kredi-yayinlari","10":"pa_yazar-eugenio-borgna","12":"first","13":"instock","14":"sale","15":"shipping-taxable","16":"purchasable","17":"product-type-simple"},"_links":{"self":[{"href":"https:\/\/roveyayinevi.com.tr\/index.php\/wp-json\/wp\/v2\/product\/703310","targetHints":{"allow":["GET"]}}],"collection":[{"href":"https:\/\/roveyayinevi.com.tr\/index.php\/wp-json\/wp\/v2\/product"}],"about":[{"href":"https:\/\/roveyayinevi.com.tr\/index.php\/wp-json\/wp\/v2\/types\/product"}],"wp:attachment":[{"href":"https:\/\/roveyayinevi.com.tr\/index.php\/wp-json\/wp\/v2\/media?parent=703310"}],"wp:term":[{"taxonomy":"product_brand","embeddable":true,"href":"https:\/\/roveyayinevi.com.tr\/index.php\/wp-json\/wp\/v2\/product_brand?post=703310"},{"taxonomy":"product_cat","embeddable":true,"href":"https:\/\/roveyayinevi.com.tr\/index.php\/wp-json\/wp\/v2\/product_cat?post=703310"},{"taxonomy":"product_tag","embeddable":true,"href":"https:\/\/roveyayinevi.com.tr\/index.php\/wp-json\/wp\/v2\/product_tag?post=703310"}],"curies":[{"name":"wp","href":"https:\/\/api.w.org\/{rel}","templated":true}]}}