{"id":703308,"date":"2025-08-27T15:24:26","date_gmt":"2025-08-27T12:24:26","guid":{"rendered":"https:\/\/roveyayinevi.com.tr\/index.php\/urun\/muzigin-icsel-oyunlari\/"},"modified":"2026-04-16T02:12:34","modified_gmt":"2026-04-15T23:12:34","slug":"muzigin-icsel-oyunlari","status":"publish","type":"product","link":"https:\/\/roveyayinevi.com.tr\/index.php\/urun\/muzigin-icsel-oyunlari\/","title":{"rendered":"M\u00fczi\u011fin \u0130\u00e7sel Oyunlar\u0131"},"content":{"rendered":"<p>M\u00fczi\u011fin \u0130\u00e7sel Oyunlar\u0131 \u00fcnl\u00fc m\u00fczisyen Barry Green\u2019in, yine bir ba\u015fka \u00fcnl\u00fc yazar W. Timothy Gallwey\u2019in Tenisin \u0130\u00e7sel Oyunlar\u0131, Kaya\u011f\u0131n \u0130\u00e7sel Oyunlar\u0131 ve Golf\u00fcn \u0130\u00e7sel Oyunlar\u0131 kitaplar\u0131ndan esinlenerek, ayn\u0131 yazarla yapm\u0131\u015f oldu\u011fu e\u015fsiz bir i\u015fbirli\u011fin \u00fcr\u00fcn\u00fcd\u00fcr. Her iki yazar sporda \u00e7ok ba\u015far\u0131l\u0131 sonu\u00e7lar veren ilkeleri m\u00fczi\u011fe de uygulam\u0131\u015f ve ayn\u0131 ba\u015far\u0131l\u0131 sonu\u00e7lar\u0131 elde etmi\u015flerdir. \u00c7alg\u0131y\u0131 do\u011fru tutma, do\u011fru nefes alma ve do\u011fru yay teknikleri gibi m\u00fczi\u011fin \u201cd\u0131\u015f oyunlar\u0131\u201dn\u0131n yan\u0131 s\u0131ra \u201ci\u00e7 oyunlar\u201dda her m\u00fczisyen i\u00e7in \u00f6nemlidir. Do\u011fal \u00f6\u011frenme ilkelerine dayal\u0131 olan M\u00fczi\u011fin \u0130\u00e7sel Oyunlar\u0131 m\u00fczik yapmak i\u00e7in gereken teknikleri reddetmek yerine, m\u00fczikal yorumdaki engelleri ortadan kald\u0131ran yeni bir yakla\u015f\u0131m getirmektedir. Bu kitap, m\u00fczisyenlerin zorluklar\u0131n \u00fcstesinden gelebilmeleri, m\u00fczi\u011fe odaklanabilmeleri ve sahne heyecan\u0131n\u0131 azaltabilmeleri, sonu\u00e7ta en m\u00fckemmel performanslar\u0131n yolunu a\u00e7abilmeleri i\u00e7in yaz\u0131lm\u0131\u015ft\u0131r. \ufffcTan\u0131t\u0131m Metni<\/p>\n","protected":false},"excerpt":{"rendered":"<p>M\u00fczi\u011fin \u0130\u00e7sel Oyunlar\u0131 \u00fcnl\u00fc m\u00fczisyen Barry Green\u2019in, yine bir ba\u015fka \u00fcnl\u00fc yazar W. Timothy Gallwey\u2019in Tenisin \u0130\u00e7sel Oyunlar\u0131, Kaya\u011f\u0131n \u0130\u00e7sel Oyunlar\u0131 ve Golf\u00fcn \u0130\u00e7sel Oyunlar\u0131 kitaplar\u0131ndan<span class=\"excerpt-hellip\"> [\u2026]<\/span><\/p>\n","protected":false},"featured_media":0,"template":"","meta":{"_monsterinsights_skip_tracking":false,"_monsterinsights_sitenote_active":false,"_monsterinsights_sitenote_note":"","_monsterinsights_sitenote_category":0},"product_brand":[],"product_cat":[14556,20810],"product_tag":[],"class_list":{"0":"post-703308","1":"product","2":"type-product","3":"status-publish","5":"product_cat-muzik","6":"product_cat-ogrenim-kitaplari","7":"pa_cilt-ciltsiz","8":"pa_tur-kitap","9":"pa_yayinevi-muzik-egitimi-yayinlari","10":"pa_yazar-barry-green","12":"first","13":"instock","14":"sale","15":"shipping-taxable","16":"purchasable","17":"product-type-simple"},"_links":{"self":[{"href":"https:\/\/roveyayinevi.com.tr\/index.php\/wp-json\/wp\/v2\/product\/703308","targetHints":{"allow":["GET"]}}],"collection":[{"href":"https:\/\/roveyayinevi.com.tr\/index.php\/wp-json\/wp\/v2\/product"}],"about":[{"href":"https:\/\/roveyayinevi.com.tr\/index.php\/wp-json\/wp\/v2\/types\/product"}],"wp:attachment":[{"href":"https:\/\/roveyayinevi.com.tr\/index.php\/wp-json\/wp\/v2\/media?parent=703308"}],"wp:term":[{"taxonomy":"product_brand","embeddable":true,"href":"https:\/\/roveyayinevi.com.tr\/index.php\/wp-json\/wp\/v2\/product_brand?post=703308"},{"taxonomy":"product_cat","embeddable":true,"href":"https:\/\/roveyayinevi.com.tr\/index.php\/wp-json\/wp\/v2\/product_cat?post=703308"},{"taxonomy":"product_tag","embeddable":true,"href":"https:\/\/roveyayinevi.com.tr\/index.php\/wp-json\/wp\/v2\/product_tag?post=703308"}],"curies":[{"name":"wp","href":"https:\/\/api.w.org\/{rel}","templated":true}]}}