{"id":703307,"date":"2025-08-27T15:24:26","date_gmt":"2025-08-27T12:24:26","guid":{"rendered":"https:\/\/roveyayinevi.com.tr\/index.php\/urun\/leuko-ile-soylesiler\/"},"modified":"2026-04-16T02:12:34","modified_gmt":"2026-04-15T23:12:34","slug":"leuko-ile-soylesiler","status":"publish","type":"product","link":"https:\/\/roveyayinevi.com.tr\/index.php\/urun\/leuko-ile-soylesiler\/","title":{"rendered":"Leuko ile S\u00f6yle\u015filer"},"content":{"rendered":"<p>Cesare Pavese nin en iyi kitab\u0131 olarak de\u011ferlendirdi\u011fi  Leuko ile S\u00f6yle\u015filer , \u0130talyan edebiyat\u0131n\u0131n oldu\u011fu kadar d\u00fcnya edebiyat\u0131n\u0131n da benzersiz ba\u015fyap\u0131tlar\u0131ndan biridir.  Leuko ile S\u00f6yle\u015filer de Pavese, ya\u015fam gibi, a\u015fk gibi, \u00f6l\u00fcm gibi insan varolu\u015funun temel sorunlar\u0131n\u0131 i\u015flemek \u00fczere, insanl\u0131\u011f\u0131n en g\u00fczel yarat\u0131lar\u0131ndan birine, mitolojiye d\u00f6ner. \u00dcnl\u00fc mitoloji \u00f6yk\u00fclerinden kahramanlar\u0131 kar\u015f\u0131 kar\u015f\u0131ya getirerek, onlar\u0131n diyaloglar\u0131 arac\u0131l\u0131\u011f\u0131yla insanlar\u0131n insanlarla, tanr\u0131larla, yazg\u0131yla, do\u011fayla olan ili\u015fkilerini benzersiz bir kavray\u0131\u015fla aktar\u0131r. Mitolojik \u00f6yk\u00fclerin bir \u00e7er\u00e7eve olarak se\u00e7ilmesi, hem okura bu \u00f6yk\u00fcleri yeni bir g\u00f6zle okuma, onlar\u0131 yeni bir a\u00e7\u0131dan de\u011ferlendirme olana\u011f\u0131 verir, hem de  Leuko ile S\u00f6yle\u015filer e bir t\u00fcr kendine \u00f6zg\u00fc tarihsel geri plan yarat\u0131r. Belki de yaln\u0131zca Vergilius\u2019un  \u00c7oban T\u00fcrk\u00fcleri yle kar\u015f\u0131la\u015ft\u0131r\u0131labilecek olan  Leuko ile S\u00f6yle\u015filer , e\u015fsiz bir yazar\u0131n d\u00fczyaz\u0131 \u015fiirleri olarak da g\u00f6r\u00fclebilir. <\/p>\n","protected":false},"excerpt":{"rendered":"<p>Cesare Pavese nin en iyi kitab\u0131 olarak de\u011ferlendirdi\u011fi Leuko ile S\u00f6yle\u015filer , \u0130talyan edebiyat\u0131n\u0131n oldu\u011fu kadar d\u00fcnya edebiyat\u0131n\u0131n da benzersiz ba\u015fyap\u0131tlar\u0131ndan biridir. Leuko ile S\u00f6yle\u015filer de<span class=\"excerpt-hellip\"> [\u2026]<\/span><\/p>\n","protected":false},"featured_media":0,"template":"","meta":{"_monsterinsights_skip_tracking":false,"_monsterinsights_sitenote_active":false,"_monsterinsights_sitenote_note":"","_monsterinsights_sitenote_category":0},"product_brand":[],"product_cat":[12291,14218],"product_tag":[],"class_list":{"0":"post-703307","1":"product","2":"type-product","3":"status-publish","5":"product_cat-edebiyat","6":"product_cat-italyan-edebiyati","7":"pa_cilt-ciltsiz","8":"pa_tur-kitap","9":"pa_yayinevi-can-yayinlari","10":"pa_yazar-cesare-pavese","12":"first","13":"instock","14":"sale","15":"shipping-taxable","16":"purchasable","17":"product-type-simple"},"_links":{"self":[{"href":"https:\/\/roveyayinevi.com.tr\/index.php\/wp-json\/wp\/v2\/product\/703307","targetHints":{"allow":["GET"]}}],"collection":[{"href":"https:\/\/roveyayinevi.com.tr\/index.php\/wp-json\/wp\/v2\/product"}],"about":[{"href":"https:\/\/roveyayinevi.com.tr\/index.php\/wp-json\/wp\/v2\/types\/product"}],"wp:attachment":[{"href":"https:\/\/roveyayinevi.com.tr\/index.php\/wp-json\/wp\/v2\/media?parent=703307"}],"wp:term":[{"taxonomy":"product_brand","embeddable":true,"href":"https:\/\/roveyayinevi.com.tr\/index.php\/wp-json\/wp\/v2\/product_brand?post=703307"},{"taxonomy":"product_cat","embeddable":true,"href":"https:\/\/roveyayinevi.com.tr\/index.php\/wp-json\/wp\/v2\/product_cat?post=703307"},{"taxonomy":"product_tag","embeddable":true,"href":"https:\/\/roveyayinevi.com.tr\/index.php\/wp-json\/wp\/v2\/product_tag?post=703307"}],"curies":[{"name":"wp","href":"https:\/\/api.w.org\/{rel}","templated":true}]}}