{"id":703303,"date":"2025-08-27T15:24:24","date_gmt":"2025-08-27T12:24:24","guid":{"rendered":"https:\/\/roveyayinevi.com.tr\/index.php\/urun\/somurgeden-ulus-devlete\/"},"modified":"2026-04-16T02:12:34","modified_gmt":"2026-04-15T23:12:34","slug":"somurgeden-ulus-devlete","status":"publish","type":"product","link":"https:\/\/roveyayinevi.com.tr\/index.php\/urun\/somurgeden-ulus-devlete\/","title":{"rendered":"S\u00f6m\u00fcrgeden Ulus Devlete"},"content":{"rendered":"<p>Milliyet\u00e7ili\u011fin geli\u015fimi ve imparatorluklar\u0131n da\u011f\u0131lmas\u0131yla, zamanla ulus-devlet uluslararas\u0131 ili\u015fkilerin temel akt\u00f6r\u00fc haline gelmi\u015ftir. Bunun sonucu olarak ulus ile devlet \u00f6zde\u015fle\u015ftirilmi\u015ftir ve homojen ulus-devlet ideal y\u00f6netim birimi olarak g\u00f6r\u00fclmeye ba\u015flanm\u0131\u015ft\u0131r. Fakat her devlet tek bir ulustan olu\u015fmaz ve her ulus kendi devletine sahip de\u011fildir. Bu nedenle zaman i\u00e7erisinde ulus-devlet kavram\u0131 sorgulanmaya ba\u015flam\u0131\u015ft\u0131r. Devletlerin i\u00e7erisinde, kendini farkl\u0131 kimli\u011fe sahip g\u00f6ren topluluklar bulunabilir. Bu topluluklar\u0131n, devletin kabul etti\u011fi ulus-kimli\u011fini benimsemedi\u011fi durumlarda \u00e7at\u0131\u015fmalar ortaya \u00e7\u0131kmaktad\u0131r. Bu durum, devletler a\u00e7\u0131s\u0131ndan \u00e7at\u0131\u015fmalar\u0131n y\u00f6netilmesi ihtiyac\u0131n\u0131 g\u00fcndeme getirmektedir. <\/p>\n","protected":false},"excerpt":{"rendered":"<p>Milliyet\u00e7ili\u011fin geli\u015fimi ve imparatorluklar\u0131n da\u011f\u0131lmas\u0131yla, zamanla ulus-devlet uluslararas\u0131 ili\u015fkilerin temel akt\u00f6r\u00fc haline gelmi\u015ftir. Bunun sonucu olarak ulus ile devlet \u00f6zde\u015fle\u015ftirilmi\u015ftir ve homojen ulus-devlet ideal y\u00f6netim birimi<span class=\"excerpt-hellip\"> [\u2026]<\/span><\/p>\n","protected":false},"featured_media":0,"template":"","meta":{"_monsterinsights_skip_tracking":false,"_monsterinsights_sitenote_active":false,"_monsterinsights_sitenote_note":"","_monsterinsights_sitenote_category":0},"product_brand":[],"product_cat":[12337,14706],"product_tag":[],"class_list":{"0":"post-703303","1":"product","2":"type-product","3":"status-publish","5":"product_cat-politika-siyaset","6":"product_cat-siyaset-bilimi","7":"pa_tur-kitap","8":"pa_yayinevi-kalkedon-yayincilik","9":"pa_yazar-pinar-erkem-gulboy","11":"first","12":"instock","13":"sale","14":"shipping-taxable","15":"purchasable","16":"product-type-simple"},"_links":{"self":[{"href":"https:\/\/roveyayinevi.com.tr\/index.php\/wp-json\/wp\/v2\/product\/703303","targetHints":{"allow":["GET"]}}],"collection":[{"href":"https:\/\/roveyayinevi.com.tr\/index.php\/wp-json\/wp\/v2\/product"}],"about":[{"href":"https:\/\/roveyayinevi.com.tr\/index.php\/wp-json\/wp\/v2\/types\/product"}],"wp:attachment":[{"href":"https:\/\/roveyayinevi.com.tr\/index.php\/wp-json\/wp\/v2\/media?parent=703303"}],"wp:term":[{"taxonomy":"product_brand","embeddable":true,"href":"https:\/\/roveyayinevi.com.tr\/index.php\/wp-json\/wp\/v2\/product_brand?post=703303"},{"taxonomy":"product_cat","embeddable":true,"href":"https:\/\/roveyayinevi.com.tr\/index.php\/wp-json\/wp\/v2\/product_cat?post=703303"},{"taxonomy":"product_tag","embeddable":true,"href":"https:\/\/roveyayinevi.com.tr\/index.php\/wp-json\/wp\/v2\/product_tag?post=703303"}],"curies":[{"name":"wp","href":"https:\/\/api.w.org\/{rel}","templated":true}]}}