{"id":703301,"date":"2025-08-27T15:24:23","date_gmt":"2025-08-27T12:24:23","guid":{"rendered":"https:\/\/roveyayinevi.com.tr\/index.php\/urun\/turkcenin-sozvarligi\/"},"modified":"2026-04-16T02:12:34","modified_gmt":"2026-04-15T23:12:34","slug":"turkcenin-sozvarligi","status":"publish","type":"product","link":"https:\/\/roveyayinevi.com.tr\/index.php\/urun\/turkcenin-sozvarligi\/","title":{"rendered":"T\u00fcrk\u00e7enin S\u00f6zvarl\u0131\u011f\u0131"},"content":{"rendered":"<p>\u201cBu benim anadilim bir denizdir\u201d diyen Prof. Dr. Do\u011fan Aksan\u2019\u0131n aranan kaynak kitab\u0131 T\u00fcrk\u00e7enin S\u00f6zvarl\u0131\u011f\u0131, Bilgi Yay\u0131nevi\u2019nden \u00e7\u0131kt\u0131. <\/p>\n","protected":false},"excerpt":{"rendered":"<p>\u201cBu benim anadilim bir denizdir\u201d diyen Prof. Dr. Do\u011fan Aksan\u2019\u0131n aranan kaynak kitab\u0131 T\u00fcrk\u00e7enin S\u00f6zvarl\u0131\u011f\u0131, Bilgi Yay\u0131nevi\u2019nden \u00e7\u0131kt\u0131.<\/p>\n","protected":false},"featured_media":0,"template":"","meta":{"_monsterinsights_skip_tracking":false,"_monsterinsights_sitenote_active":false,"_monsterinsights_sitenote_note":"","_monsterinsights_sitenote_category":0},"product_brand":[],"product_cat":[13072,12291],"product_tag":[],"class_list":{"0":"post-703301","1":"product","2":"type-product","3":"status-publish","5":"product_cat-arastirma-inceleme-referans","6":"product_cat-edebiyat","7":"pa_tur-kitap","8":"pa_yayinevi-bilgi-yayinevi","9":"pa_yazar-dogan-aksan","11":"first","12":"instock","13":"sale","14":"shipping-taxable","15":"purchasable","16":"product-type-simple"},"_links":{"self":[{"href":"https:\/\/roveyayinevi.com.tr\/index.php\/wp-json\/wp\/v2\/product\/703301","targetHints":{"allow":["GET"]}}],"collection":[{"href":"https:\/\/roveyayinevi.com.tr\/index.php\/wp-json\/wp\/v2\/product"}],"about":[{"href":"https:\/\/roveyayinevi.com.tr\/index.php\/wp-json\/wp\/v2\/types\/product"}],"wp:attachment":[{"href":"https:\/\/roveyayinevi.com.tr\/index.php\/wp-json\/wp\/v2\/media?parent=703301"}],"wp:term":[{"taxonomy":"product_brand","embeddable":true,"href":"https:\/\/roveyayinevi.com.tr\/index.php\/wp-json\/wp\/v2\/product_brand?post=703301"},{"taxonomy":"product_cat","embeddable":true,"href":"https:\/\/roveyayinevi.com.tr\/index.php\/wp-json\/wp\/v2\/product_cat?post=703301"},{"taxonomy":"product_tag","embeddable":true,"href":"https:\/\/roveyayinevi.com.tr\/index.php\/wp-json\/wp\/v2\/product_tag?post=703301"}],"curies":[{"name":"wp","href":"https:\/\/api.w.org\/{rel}","templated":true}]}}