{"id":703300,"date":"2025-08-27T15:24:23","date_gmt":"2025-08-27T12:24:23","guid":{"rendered":"https:\/\/roveyayinevi.com.tr\/index.php\/urun\/deadpool-edebiyat-kahramanlarini-olduruyor\/"},"modified":"2026-04-16T02:12:34","modified_gmt":"2026-04-15T23:12:34","slug":"deadpool-edebiyat-kahramanlarini-olduruyor","status":"publish","type":"product","link":"https:\/\/roveyayinevi.com.tr\/index.php\/urun\/deadpool-edebiyat-kahramanlarini-olduruyor\/","title":{"rendered":"Deadpool &#8211; Edebiyat Kahramanlar\u0131n\u0131 \u00d6ld\u00fcr\u00fcyor"},"content":{"rendered":"<p>Marvel evreninin tamam\u0131n\u0131 \u00f6ld\u00fcren geveze paral\u0131 asker, y\u00f6n\u00fcn\u00fc klasik edebiyat\u0131n en \u00fcnl\u00fc karakterlerine \u00e7eviriyor! \ufffcTan\u0131t\u0131m Metni<\/p>\n","protected":false},"excerpt":{"rendered":"<p>Marvel evreninin tamam\u0131n\u0131 \u00f6ld\u00fcren geveze paral\u0131 asker, y\u00f6n\u00fcn\u00fc klasik edebiyat\u0131n en \u00fcnl\u00fc karakterlerine \u00e7eviriyor! \ufffcTan\u0131t\u0131m Metni<\/p>\n","protected":false},"featured_media":0,"template":"","meta":{"_monsterinsights_skip_tracking":false,"_monsterinsights_sitenote_active":false,"_monsterinsights_sitenote_note":"","_monsterinsights_sitenote_category":0},"product_brand":[],"product_cat":[12416,12291],"product_tag":[],"class_list":{"0":"post-703300","1":"product","2":"type-product","3":"status-publish","5":"product_cat-cizgi-roman","6":"product_cat-edebiyat","7":"pa_tur-kitap","8":"pa_yayinevi-jbc-yayincilik","9":"pa_yazar-cullen-bunn","11":"first","12":"instock","13":"sale","14":"shipping-taxable","15":"purchasable","16":"product-type-simple"},"_links":{"self":[{"href":"https:\/\/roveyayinevi.com.tr\/index.php\/wp-json\/wp\/v2\/product\/703300","targetHints":{"allow":["GET"]}}],"collection":[{"href":"https:\/\/roveyayinevi.com.tr\/index.php\/wp-json\/wp\/v2\/product"}],"about":[{"href":"https:\/\/roveyayinevi.com.tr\/index.php\/wp-json\/wp\/v2\/types\/product"}],"wp:attachment":[{"href":"https:\/\/roveyayinevi.com.tr\/index.php\/wp-json\/wp\/v2\/media?parent=703300"}],"wp:term":[{"taxonomy":"product_brand","embeddable":true,"href":"https:\/\/roveyayinevi.com.tr\/index.php\/wp-json\/wp\/v2\/product_brand?post=703300"},{"taxonomy":"product_cat","embeddable":true,"href":"https:\/\/roveyayinevi.com.tr\/index.php\/wp-json\/wp\/v2\/product_cat?post=703300"},{"taxonomy":"product_tag","embeddable":true,"href":"https:\/\/roveyayinevi.com.tr\/index.php\/wp-json\/wp\/v2\/product_tag?post=703300"}],"curies":[{"name":"wp","href":"https:\/\/api.w.org\/{rel}","templated":true}]}}