{"id":703299,"date":"2025-08-27T15:24:22","date_gmt":"2025-08-27T12:24:22","guid":{"rendered":"https:\/\/roveyayinevi.com.tr\/index.php\/urun\/magda-dondugunde\/"},"modified":"2026-04-16T02:12:34","modified_gmt":"2026-04-15T23:12:34","slug":"magda-dondugunde","status":"publish","type":"product","link":"https:\/\/roveyayinevi.com.tr\/index.php\/urun\/magda-dondugunde\/","title":{"rendered":"Magda D\u00f6nd\u00fc\u011f\u00fcnde"},"content":{"rendered":"<p>Salih Bey\u2019in s\u0131radan ihtiyarl\u0131k g\u00fcnleri, eski arkada\u015f\u0131 R\u00fcstem\u2019in \u00f6l\u00fcm\u00fc ve kar\u015f\u0131 apartmana ta\u015f\u0131nan a\u015fina \u00e7ehreli kad\u0131n\u0131n varl\u0131\u011f\u0131yla ka\u00e7\u0131n\u0131lmaz bir \u015fekilde de\u011fi\u015fmek \u00fczeredir: Magda\u2019n\u0131n zaman\u0131 d\u00f6nd\u00fc\u011f\u00fcnde, bedeni zay\u0131flay\u0131p ya\u015fam\u0131 darald\u0131k\u00e7a kuytuda semirip inad\u0131na b\u00fcy\u00fcyen hat\u0131ralar, onu karanl\u0131k ormanlara g\u00f6md\u00fc\u011f\u00fc u\u011fursuz ge\u00e7mi\u015fin hayaletleriyle y\u00fcz y\u00fcze getirecektir. <\/p>\n","protected":false},"excerpt":{"rendered":"<p>Salih Bey\u2019in s\u0131radan ihtiyarl\u0131k g\u00fcnleri, eski arkada\u015f\u0131 R\u00fcstem\u2019in \u00f6l\u00fcm\u00fc ve kar\u015f\u0131 apartmana ta\u015f\u0131nan a\u015fina \u00e7ehreli kad\u0131n\u0131n varl\u0131\u011f\u0131yla ka\u00e7\u0131n\u0131lmaz bir \u015fekilde de\u011fi\u015fmek \u00fczeredir: Magda\u2019n\u0131n zaman\u0131 d\u00f6nd\u00fc\u011f\u00fcnde, bedeni<span class=\"excerpt-hellip\"> [\u2026]<\/span><\/p>\n","protected":false},"featured_media":0,"template":"","meta":{"_monsterinsights_skip_tracking":false,"_monsterinsights_sitenote_active":false,"_monsterinsights_sitenote_note":"","_monsterinsights_sitenote_category":0},"product_brand":[],"product_cat":[12291,12711],"product_tag":[],"class_list":{"0":"post-703299","1":"product","2":"type-product","3":"status-publish","5":"product_cat-edebiyat","6":"product_cat-roman-oyku","7":"pa_cilt-ciltsiz","8":"pa_tur-kitap","9":"pa_yayinevi-yapi-kredi-yayinlari","10":"pa_yazar-omer-f-oyal","12":"first","13":"instock","14":"sale","15":"shipping-taxable","16":"purchasable","17":"product-type-simple"},"_links":{"self":[{"href":"https:\/\/roveyayinevi.com.tr\/index.php\/wp-json\/wp\/v2\/product\/703299","targetHints":{"allow":["GET"]}}],"collection":[{"href":"https:\/\/roveyayinevi.com.tr\/index.php\/wp-json\/wp\/v2\/product"}],"about":[{"href":"https:\/\/roveyayinevi.com.tr\/index.php\/wp-json\/wp\/v2\/types\/product"}],"wp:attachment":[{"href":"https:\/\/roveyayinevi.com.tr\/index.php\/wp-json\/wp\/v2\/media?parent=703299"}],"wp:term":[{"taxonomy":"product_brand","embeddable":true,"href":"https:\/\/roveyayinevi.com.tr\/index.php\/wp-json\/wp\/v2\/product_brand?post=703299"},{"taxonomy":"product_cat","embeddable":true,"href":"https:\/\/roveyayinevi.com.tr\/index.php\/wp-json\/wp\/v2\/product_cat?post=703299"},{"taxonomy":"product_tag","embeddable":true,"href":"https:\/\/roveyayinevi.com.tr\/index.php\/wp-json\/wp\/v2\/product_tag?post=703299"}],"curies":[{"name":"wp","href":"https:\/\/api.w.org\/{rel}","templated":true}]}}