{"id":703298,"date":"2025-08-27T15:24:22","date_gmt":"2025-08-27T12:24:22","guid":{"rendered":"https:\/\/roveyayinevi.com.tr\/index.php\/urun\/cingene-mitolojisi\/"},"modified":"2026-04-16T02:12:34","modified_gmt":"2026-04-15T23:12:34","slug":"cingene-mitolojisi","status":"publish","type":"product","link":"https:\/\/roveyayinevi.com.tr\/index.php\/urun\/cingene-mitolojisi\/","title":{"rendered":"\u00c7ingene Mitolojisi"},"content":{"rendered":"<p>\u00c7ingenelerin s\u00f6ylensel ya da s\u00f6ylene benzer s\u00f6zl\u00fc geleneklerinin ortaya \u00e7\u0131kt\u0131klar\u0131 zamana ve geldikleri yere bak\u0131ld\u0131\u011f\u0131nda, bunlar\u0131n birbirinden olduk\u00e7a farkl\u0131 \u00f6\u011felerden olu\u015ftu\u011fu anla\u015f\u0131lmaktad\u0131r. Kavimler eski gelenekleri farkl\u0131 farkl\u0131 \u00f6l\u00e7\u00fclerde devam ettirmi\u015flerdir. Bir de i\u00e7inde ya\u015fad\u0131klar\u0131 topluluklar\u0131n s\u00f6ylenlerini kendilerine uyarlam\u0131\u015flard\u0131r.\u00c7ingenelere ait eldeki s\u00f6ylenleri \u015f\u00f6yle kabaca s\u0131n\u0131fland\u0131racak olursak, bunlar\u0131 Hindu mitolojisini an\u0131msatan \u00f6\u011felerin oldu\u011fu H\u0131ristiyanl\u0131k \u00f6ncesi d\u00f6neme ait ve H\u0131ristiyanl\u0131k d\u00f6nemine ait s\u00f6ylenler olmak \u00fczere ikiye ay\u0131rabiliriz. <\/p>\n","protected":false},"excerpt":{"rendered":"<p>\u00c7ingenelerin s\u00f6ylensel ya da s\u00f6ylene benzer s\u00f6zl\u00fc geleneklerinin ortaya \u00e7\u0131kt\u0131klar\u0131 zamana ve geldikleri yere bak\u0131ld\u0131\u011f\u0131nda, bunlar\u0131n birbirinden olduk\u00e7a farkl\u0131 \u00f6\u011felerden olu\u015ftu\u011fu anla\u015f\u0131lmaktad\u0131r. Kavimler eski gelenekleri farkl\u0131<span class=\"excerpt-hellip\"> [\u2026]<\/span><\/p>\n","protected":false},"featured_media":0,"template":"","meta":{"_monsterinsights_skip_tracking":false,"_monsterinsights_sitenote_active":false,"_monsterinsights_sitenote_note":"","_monsterinsights_sitenote_category":0},"product_brand":[],"product_cat":[12718,12858],"product_tag":[],"class_list":{"0":"post-703298","1":"product","2":"type-product","3":"status-publish","5":"product_cat-din","6":"product_cat-mitolojiler","7":"pa_cilt-ciltsiz","8":"pa_tur-kitap","9":"pa_yayinevi-bilgesu-yayincilik","10":"pa_yazar-hermann-berger","12":"first","13":"instock","14":"sale","15":"shipping-taxable","16":"purchasable","17":"product-type-simple"},"_links":{"self":[{"href":"https:\/\/roveyayinevi.com.tr\/index.php\/wp-json\/wp\/v2\/product\/703298","targetHints":{"allow":["GET"]}}],"collection":[{"href":"https:\/\/roveyayinevi.com.tr\/index.php\/wp-json\/wp\/v2\/product"}],"about":[{"href":"https:\/\/roveyayinevi.com.tr\/index.php\/wp-json\/wp\/v2\/types\/product"}],"wp:attachment":[{"href":"https:\/\/roveyayinevi.com.tr\/index.php\/wp-json\/wp\/v2\/media?parent=703298"}],"wp:term":[{"taxonomy":"product_brand","embeddable":true,"href":"https:\/\/roveyayinevi.com.tr\/index.php\/wp-json\/wp\/v2\/product_brand?post=703298"},{"taxonomy":"product_cat","embeddable":true,"href":"https:\/\/roveyayinevi.com.tr\/index.php\/wp-json\/wp\/v2\/product_cat?post=703298"},{"taxonomy":"product_tag","embeddable":true,"href":"https:\/\/roveyayinevi.com.tr\/index.php\/wp-json\/wp\/v2\/product_tag?post=703298"}],"curies":[{"name":"wp","href":"https:\/\/api.w.org\/{rel}","templated":true}]}}