{"id":703295,"date":"2025-08-27T15:24:21","date_gmt":"2025-08-27T12:24:21","guid":{"rendered":"https:\/\/roveyayinevi.com.tr\/index.php\/urun\/kisa-filmler\/"},"modified":"2026-04-16T02:12:33","modified_gmt":"2026-04-15T23:12:33","slug":"kisa-filmler","status":"publish","type":"product","link":"https:\/\/roveyayinevi.com.tr\/index.php\/urun\/kisa-filmler\/","title":{"rendered":"K\u0131sa Filmler"},"content":{"rendered":"<p>Sineman\u0131nki kadar uzun bir tarihi olan k\u0131sa film format\u0131 her zaman i\u00e7in ya\u015famsal bir \u00f6neme sahip olmu\u015ftur. K\u0131sa film t\u00fcr\u00fc, film yap\u0131mc\u0131lar\u0131na deney yapma ve \u00f6\u011frenme olana\u011f\u0131n\u0131 e\u015fit \u00f6l\u00e7\u00fcde sa\u011flar. Film yapanlar\u0131n \u00e7o\u011fu, b\u00fcy\u00fck b\u00fct\u00e7elere ve uzun metraj film yapma f\u0131rsat\u0131na sahip olma hayalleri kursalar da st\u00fcdyo deste\u011fi ile birlikte gelen sanatsal ve ticari s\u0131n\u0131rlamalar\u0131 kolayca unuturlar. Buna ek olarak, yarat\u0131c\u0131l\u0131\u011f\u0131n de\u011fil, finans\u0131n dikte etti\u011fi bir \u00e7al\u0131\u015fma, genellikle y\u00f6netmenin vizyonuna g\u00f6lge d\u00fc\u015f\u00fcr\u00fcr. K\u0131sa film yapmak, kendinizi bu t\u00fcrden s\u0131n\u0131rlamalar olmadan ifade etme \u015fans\u0131n\u0131 vermekle birlikte, fikirlerle, konuyla ve uzun metraj filmler i\u00e7in \u00e7ok radikal ya da \u00e7ok s\u0131radan olabilecek bir estetikle u\u011fra\u015fma olana\u011f\u0131n\u0131 sa\u011flar. <\/p>\n","protected":false},"excerpt":{"rendered":"<p>Sineman\u0131nki kadar uzun bir tarihi olan k\u0131sa film format\u0131 her zaman i\u00e7in ya\u015famsal bir \u00f6neme sahip olmu\u015ftur. K\u0131sa film t\u00fcr\u00fc, film yap\u0131mc\u0131lar\u0131na deney yapma ve \u00f6\u011frenme<span class=\"excerpt-hellip\"> [\u2026]<\/span><\/p>\n","protected":false},"featured_media":0,"template":"","meta":{"_monsterinsights_skip_tracking":false,"_monsterinsights_sitenote_active":false,"_monsterinsights_sitenote_note":"","_monsterinsights_sitenote_category":0},"product_brand":[],"product_cat":[12409,12408],"product_tag":[],"class_list":{"0":"post-703295","1":"product","2":"type-product","3":"status-publish","5":"product_cat-fotograf-sinema-tiyatro","6":"product_cat-sanat","7":"pa_tur-kitap","8":"pa_yayinevi-kalkedon-yayincilik","9":"pa_yazar-nathan-parker","11":"first","12":"instock","13":"sale","14":"shipping-taxable","15":"purchasable","16":"product-type-simple"},"_links":{"self":[{"href":"https:\/\/roveyayinevi.com.tr\/index.php\/wp-json\/wp\/v2\/product\/703295","targetHints":{"allow":["GET"]}}],"collection":[{"href":"https:\/\/roveyayinevi.com.tr\/index.php\/wp-json\/wp\/v2\/product"}],"about":[{"href":"https:\/\/roveyayinevi.com.tr\/index.php\/wp-json\/wp\/v2\/types\/product"}],"wp:attachment":[{"href":"https:\/\/roveyayinevi.com.tr\/index.php\/wp-json\/wp\/v2\/media?parent=703295"}],"wp:term":[{"taxonomy":"product_brand","embeddable":true,"href":"https:\/\/roveyayinevi.com.tr\/index.php\/wp-json\/wp\/v2\/product_brand?post=703295"},{"taxonomy":"product_cat","embeddable":true,"href":"https:\/\/roveyayinevi.com.tr\/index.php\/wp-json\/wp\/v2\/product_cat?post=703295"},{"taxonomy":"product_tag","embeddable":true,"href":"https:\/\/roveyayinevi.com.tr\/index.php\/wp-json\/wp\/v2\/product_tag?post=703295"}],"curies":[{"name":"wp","href":"https:\/\/api.w.org\/{rel}","templated":true}]}}