{"id":703293,"date":"2025-08-27T15:24:20","date_gmt":"2025-08-27T12:24:20","guid":{"rendered":"https:\/\/roveyayinevi.com.tr\/index.php\/urun\/ozne-hayati-konusunca\/"},"modified":"2026-04-16T02:12:33","modified_gmt":"2026-04-15T23:12:33","slug":"ozne-hayati-konusunca","status":"publish","type":"product","link":"https:\/\/roveyayinevi.com.tr\/index.php\/urun\/ozne-hayati-konusunca\/","title":{"rendered":"\u00d6zne Hayat\u0131 Konu\u015funca"},"content":{"rendered":"<p>Hem d\u00fcnya genelinde hem de T\u00fcrkiye\u2019de, \u00e7ok az say\u0131da \u201ctemellendirilmi\u015f kuram\u201d (grounded theory) \u00e7al\u0131\u015fmas\u0131 var. Sosyal bilimlerde ve \u00f6zellikle sosyolojide en \u00f6nemli y\u00f6ntem tart\u0131s\u0327malar\u0131ndan biri, yap\u0131-fail veya sistem-\u00f6zne ikilig\u0306i \u00fczerinedir. Burada yap\u0131 veya sistemi daha \u00f6nemli kabul eden yaklas\u0327\u0131mlar (\u00f6rneg\u0306in, Althusser\u2019in Marksist yap\u0131salc\u0131l\u0131g\u0306\u0131, Lacan\u2019\u0131n b\u00fcy\u00fck \u00f6teki olarak adland\u0131rd\u0131g\u0306\u0131 simgesel yap\u0131) ile \u00f6zneyi daha \u00f6n plana alan yaklas\u0327\u0131mlar (\u00f6rneg\u0306in, Foucault\u2019nun postmodern iktidar kuram\u0131, mikro sosyolojiler) aras\u0131nda \u00e7ok ciddi bir y\u00f6ntemsel farkl\u0131la\u015fma vard\u0131r. <\/p>\n","protected":false},"excerpt":{"rendered":"<p>Hem d\u00fcnya genelinde hem de T\u00fcrkiye\u2019de, \u00e7ok az say\u0131da \u201ctemellendirilmi\u015f kuram\u201d (grounded theory) \u00e7al\u0131\u015fmas\u0131 var. Sosyal bilimlerde ve \u00f6zellikle sosyolojide en \u00f6nemli y\u00f6ntem tart\u0131s\u0327malar\u0131ndan biri, yap\u0131-fail<span class=\"excerpt-hellip\"> [\u2026]<\/span><\/p>\n","protected":false},"featured_media":0,"template":"","meta":{"_monsterinsights_skip_tracking":false,"_monsterinsights_sitenote_active":false,"_monsterinsights_sitenote_note":"","_monsterinsights_sitenote_category":0},"product_brand":[],"product_cat":[12312,12304],"product_tag":[],"class_list":{"0":"post-703293","1":"product","2":"type-product","3":"status-publish","5":"product_cat-diger","6":"product_cat-tarih","7":"pa_cilt-ciltsiz","8":"pa_tur-kitap","9":"pa_yayinevi-ayrinti-yayinlari","10":"pa_yazar-kolektif","12":"first","13":"instock","14":"sale","15":"shipping-taxable","16":"purchasable","17":"product-type-simple"},"_links":{"self":[{"href":"https:\/\/roveyayinevi.com.tr\/index.php\/wp-json\/wp\/v2\/product\/703293","targetHints":{"allow":["GET"]}}],"collection":[{"href":"https:\/\/roveyayinevi.com.tr\/index.php\/wp-json\/wp\/v2\/product"}],"about":[{"href":"https:\/\/roveyayinevi.com.tr\/index.php\/wp-json\/wp\/v2\/types\/product"}],"wp:attachment":[{"href":"https:\/\/roveyayinevi.com.tr\/index.php\/wp-json\/wp\/v2\/media?parent=703293"}],"wp:term":[{"taxonomy":"product_brand","embeddable":true,"href":"https:\/\/roveyayinevi.com.tr\/index.php\/wp-json\/wp\/v2\/product_brand?post=703293"},{"taxonomy":"product_cat","embeddable":true,"href":"https:\/\/roveyayinevi.com.tr\/index.php\/wp-json\/wp\/v2\/product_cat?post=703293"},{"taxonomy":"product_tag","embeddable":true,"href":"https:\/\/roveyayinevi.com.tr\/index.php\/wp-json\/wp\/v2\/product_tag?post=703293"}],"curies":[{"name":"wp","href":"https:\/\/api.w.org\/{rel}","templated":true}]}}