{"id":703288,"date":"2025-08-27T15:24:18","date_gmt":"2025-08-27T12:24:18","guid":{"rendered":"https:\/\/roveyayinevi.com.tr\/index.php\/urun\/insan-vucudunun-oykusu\/"},"modified":"2026-04-16T02:12:33","modified_gmt":"2026-04-15T23:12:33","slug":"insan-vucudunun-oykusu","status":"publish","type":"product","link":"https:\/\/roveyayinevi.com.tr\/index.php\/urun\/insan-vucudunun-oykusu\/","title":{"rendered":"\u0130nsan Vu\u0308cudunun \u00d6yku\u0308su\u0308"},"content":{"rendered":"<p>Uzayl\u0131 evrim biyologlar\u0131 d\u00fcnyadaki ya\u015fam\u0131 incelemek i\u00e7in gelseler, ilgilerini en \u00e7ok \u00e7ekecek t\u00fcr b\u00fcy\u00fck ihtimalle insan olurdu. Harvard \u00dcniversitesi\u2019nde profes\u00f6r olan Daniel E. Lieberman da t\u0131pk\u0131 uzayl\u0131 bir biyolog gibi insan\u0131n evrimini inceliyor. Yedi milyon y\u0131l \u00f6nce Do\u011fu Afrika\u2019da ba\u015flayan bu \u00f6yk\u00fcy\u00fc aktaran Profes\u00f6r Lieberman, g\u00fcn\u00fcm\u00fcze kadar olan s\u00fcre\u00e7te insan v\u00fccudundaki de\u011fi\u015fimin izlerini s\u00fcr\u00fcyor. Bu s\u00fcre\u00e7 insan atalar\u0131n\u0131n a\u011fa\u00e7lardan inmesi ve iki ayakl\u0131l\u0131\u011f\u0131n evrimiyle ba\u015flay\u0131p, avc\u0131-toplay\u0131c\u0131l\u0131\u011f\u0131n ortaya \u00e7\u0131kmas\u0131n\u0131 ve insanlar\u0131n gruplar halinde ya\u015famaya ba\u015flamas\u0131n\u0131 takiben tar\u0131m ve end\u00fcstri devrimlerinin sebep oldu\u011fu de\u011fi\u015fimi, ba\u015fka bir deyi\u015fle evrimi g\u00f6zler \u00f6n\u00fcne seriyor. G\u00fcn\u00fcm\u00fcze gelindi\u011finde ise Do\u011fu Afrika\u2019da avc\u0131-toplay\u0131c\u0131 olmak \u00fczere uyarlanm\u0131\u015f ve modern ya\u015fam tarzlar\u0131na uyum sa\u011flamakta zorlanan v\u00fccutlar\u0131m\u0131z\u0131n maruz kald\u0131\u011f\u0131 kalp hastal\u0131\u011f\u0131, kanser ve diyabet gibi uyumsuz hastal\u0131klar\u0131 g\u00f6r\u00fcyoruz. Daniel E. Lieberman, evrimsel bir bak\u0131\u015f a\u00e7\u0131s\u0131n\u0131n bu hastal\u0131klar\u0131n ni\u00e7in ortaya \u00e7\u0131kt\u0131klar\u0131n\u0131 anlamam\u0131za ve daha da \u00f6nemlisi \u00f6nlememize nas\u0131l yard\u0131mc\u0131 olaca\u011f\u0131n\u0131, son derece a\u00e7\u0131k ve kolay anla\u015f\u0131l\u0131r bir dille anlat\u0131yor. Bu kitapta bir yandan insan v\u00fccudunun ge\u00e7mi\u015ften g\u00fcn\u00fcm\u00fcze muhte\u015fem yolculu\u011funa tan\u0131k olurken, bir yandan da g\u00fcn\u00fcm\u00fczde sa\u011fl\u0131kl\u0131 bir ya\u015fam s\u00fcrebilmeye y\u00f6nelik ipu\u00e7lar\u0131 bulacaks\u0131n\u0131z. <\/p>\n","protected":false},"excerpt":{"rendered":"<p>Uzayl\u0131 evrim biyologlar\u0131 d\u00fcnyadaki ya\u015fam\u0131 incelemek i\u00e7in gelseler, ilgilerini en \u00e7ok \u00e7ekecek t\u00fcr b\u00fcy\u00fck ihtimalle insan olurdu. Harvard \u00dcniversitesi\u2019nde profes\u00f6r olan Daniel E. Lieberman da t\u0131pk\u0131<span class=\"excerpt-hellip\"> [\u2026]<\/span><\/p>\n","protected":false},"featured_media":0,"template":"","meta":{"_monsterinsights_skip_tracking":false,"_monsterinsights_sitenote_active":false,"_monsterinsights_sitenote_note":"","_monsterinsights_sitenote_category":0},"product_brand":[],"product_cat":[13005,38128],"product_tag":[],"class_list":{"0":"post-703288","1":"product","2":"type-product","3":"status-publish","5":"product_cat-bilim-muhendislik","6":"product_cat-tip-bilimleri","7":"pa_cilt-ciltsiz","8":"pa_tur-kitap","9":"pa_yayinevi-say-yayinlari","10":"pa_yazar-daniel-e-lieberman","12":"first","13":"instock","14":"sale","15":"shipping-taxable","16":"purchasable","17":"product-type-simple"},"_links":{"self":[{"href":"https:\/\/roveyayinevi.com.tr\/index.php\/wp-json\/wp\/v2\/product\/703288","targetHints":{"allow":["GET"]}}],"collection":[{"href":"https:\/\/roveyayinevi.com.tr\/index.php\/wp-json\/wp\/v2\/product"}],"about":[{"href":"https:\/\/roveyayinevi.com.tr\/index.php\/wp-json\/wp\/v2\/types\/product"}],"wp:attachment":[{"href":"https:\/\/roveyayinevi.com.tr\/index.php\/wp-json\/wp\/v2\/media?parent=703288"}],"wp:term":[{"taxonomy":"product_brand","embeddable":true,"href":"https:\/\/roveyayinevi.com.tr\/index.php\/wp-json\/wp\/v2\/product_brand?post=703288"},{"taxonomy":"product_cat","embeddable":true,"href":"https:\/\/roveyayinevi.com.tr\/index.php\/wp-json\/wp\/v2\/product_cat?post=703288"},{"taxonomy":"product_tag","embeddable":true,"href":"https:\/\/roveyayinevi.com.tr\/index.php\/wp-json\/wp\/v2\/product_tag?post=703288"}],"curies":[{"name":"wp","href":"https:\/\/api.w.org\/{rel}","templated":true}]}}