{"id":703287,"date":"2025-08-27T15:24:18","date_gmt":"2025-08-27T12:24:18","guid":{"rendered":"https:\/\/roveyayinevi.com.tr\/index.php\/urun\/sanat-101-leonardo-da-vinciden-andy-warhola-sanat-hakkinda-bilmeniz-gereken-her-sey\/"},"modified":"2026-04-16T02:12:33","modified_gmt":"2026-04-15T23:12:33","slug":"sanat-101-leonardo-da-vinciden-andy-warhola-sanat-hakkinda-bilmeniz-gereken-her-sey","status":"publish","type":"product","link":"https:\/\/roveyayinevi.com.tr\/index.php\/urun\/sanat-101-leonardo-da-vinciden-andy-warhola-sanat-hakkinda-bilmeniz-gereken-her-sey\/","title":{"rendered":"Sanat 101 &#8211; Leonardo da Vinci\u2019den Andy Warhol\u2019a Sanat Hakk\u0131nda Bilmeniz Gereken Her \u015eey"},"content":{"rendered":"<p>Sanat 101, s\u0131k\u0131c\u0131 ayr\u0131nt\u0131lara ve uzay\u0131p giden a\u00e7\u0131klamalara girmeden, Leonardo da Vinci ve El Greco\u2019dan Pablo Picasso ve Andy Warhol\u2019a dek d\u00fcnyan\u0131n en b\u00fcy\u00fck sanat\u00e7\u0131lar\u0131n\u0131 ve ba\u015fyap\u0131tlar\u0131n\u0131 ke\u015ffetmenizi sa\u011flayacak bir bilgi da\u011farc\u0131\u011f\u0131n\u0131 sizlere k\u0131sa b\u00f6l\u00fcmler halinde sunuyor. Okuduklar\u0131n\u0131z sizi hem bilgi sahibi yapacak hem de \u015fa\u015f\u0131rtacak. 750 milyon dolar paha bi\u00e7ilen Mona Lisa\u2019y\u0131 Paris\u2019teki Louvre M\u00fczesi\u2019nden \u00e7alan h\u0131rs\u0131z 6 ay hapis cezas\u0131yla pa\u00e7ay\u0131 kurtard\u0131! \u0130lk \u00e7izgi film insanlar\u0131n ma\u011faralarda ya\u015fad\u0131\u011f\u0131 devirde yap\u0131ld\u0131! Van Gogh\u2019un bir ya\u011fl\u0131boya tablosu 1990\u2019da 80 milyon dolara sat\u0131ld\u0131! Sanat 101 sayesinde, pop\u00fcler sanat ak\u0131mlar\u0131ndan \u00fcnl\u00fc eserlerin \u00e7arp\u0131c\u0131 ayr\u0131nt\u0131lar\u0131na kadar bilgi sahibi olacak ve art\u0131k resim sergilerini ve m\u00fczeleri gezmekten daha \u00e7ok ho\u015flanacaks\u0131n\u0131z. <\/p>\n","protected":false},"excerpt":{"rendered":"<p>Sanat 101, s\u0131k\u0131c\u0131 ayr\u0131nt\u0131lara ve uzay\u0131p giden a\u00e7\u0131klamalara girmeden, Leonardo da Vinci ve El Greco\u2019dan Pablo Picasso ve Andy Warhol\u2019a dek d\u00fcnyan\u0131n en b\u00fcy\u00fck sanat\u00e7\u0131lar\u0131n\u0131 ve<span class=\"excerpt-hellip\"> [\u2026]<\/span><\/p>\n","protected":false},"featured_media":0,"template":"","meta":{"_monsterinsights_skip_tracking":false,"_monsterinsights_sitenote_active":false,"_monsterinsights_sitenote_note":"","_monsterinsights_sitenote_category":0},"product_brand":[],"product_cat":[12274,14573],"product_tag":[],"class_list":{"0":"post-703287","1":"product","2":"type-product","3":"status-publish","5":"product_cat-cocuk-ve-genclik-kitaplari","6":"product_cat-referans-kitaplar-cocuk-ve-genclik-kitaplari","7":"pa_cilt-ciltsiz","8":"pa_tur-kitap","9":"pa_yayinevi-say-yayinlari","10":"pa_yazar-eric-grzymkowski","12":"first","13":"instock","14":"sale","15":"shipping-taxable","16":"purchasable","17":"product-type-simple"},"_links":{"self":[{"href":"https:\/\/roveyayinevi.com.tr\/index.php\/wp-json\/wp\/v2\/product\/703287","targetHints":{"allow":["GET"]}}],"collection":[{"href":"https:\/\/roveyayinevi.com.tr\/index.php\/wp-json\/wp\/v2\/product"}],"about":[{"href":"https:\/\/roveyayinevi.com.tr\/index.php\/wp-json\/wp\/v2\/types\/product"}],"wp:attachment":[{"href":"https:\/\/roveyayinevi.com.tr\/index.php\/wp-json\/wp\/v2\/media?parent=703287"}],"wp:term":[{"taxonomy":"product_brand","embeddable":true,"href":"https:\/\/roveyayinevi.com.tr\/index.php\/wp-json\/wp\/v2\/product_brand?post=703287"},{"taxonomy":"product_cat","embeddable":true,"href":"https:\/\/roveyayinevi.com.tr\/index.php\/wp-json\/wp\/v2\/product_cat?post=703287"},{"taxonomy":"product_tag","embeddable":true,"href":"https:\/\/roveyayinevi.com.tr\/index.php\/wp-json\/wp\/v2\/product_tag?post=703287"}],"curies":[{"name":"wp","href":"https:\/\/api.w.org\/{rel}","templated":true}]}}