{"id":703286,"date":"2025-08-27T15:24:17","date_gmt":"2025-08-27T12:24:17","guid":{"rendered":"https:\/\/roveyayinevi.com.tr\/index.php\/urun\/canavar-pesinde-serisi-32-kargasa-dunyasi-kemirgen-yaratik-muro\/"},"modified":"2026-04-16T02:12:33","modified_gmt":"2026-04-15T23:12:33","slug":"canavar-pesinde-serisi-32-kargasa-dunyasi-kemirgen-yaratik-muro","status":"publish","type":"product","link":"https:\/\/roveyayinevi.com.tr\/index.php\/urun\/canavar-pesinde-serisi-32-kargasa-dunyasi-kemirgen-yaratik-muro\/","title":{"rendered":"Canavar Pe\u015finde Serisi 32 &#8211; Karga\u015fa D\u00fcnyas\u0131 (Kemirgen Yarat\u0131k Muro)"},"content":{"rendered":"<p>Yepyeni Canavar Pe\u015finde maceras\u0131na ho\u015f geldiniz: Karga\u015fa D\u00fcnyas\u0131 Tom, annesini Malvel&#8217;in lanetli b\u00fcy\u00fcs\u00fcnden kurtarabilmek i\u00e7in ikinci iksiri ar\u0131yor. Bu kez Kemirgen Yarat\u0131k Muro ile kar\u015f\u0131 kar\u015f\u0131ya gelmek zorunda. Tom, Kayonya&#8217;daki t\u00fcm kemirgenleri \u00fcst\u00fcne salabilecek g\u00fc\u00e7te olan Muro&#8217;yu alt edebilecek mi? \ufffcTan\u0131t\u0131m Metni<\/p>\n","protected":false},"excerpt":{"rendered":"<p>Yepyeni Canavar Pe\u015finde maceras\u0131na ho\u015f geldiniz: Karga\u015fa D\u00fcnyas\u0131 Tom, annesini Malvel&#8217;in lanetli b\u00fcy\u00fcs\u00fcnden kurtarabilmek i\u00e7in ikinci iksiri ar\u0131yor. Bu kez Kemirgen Yarat\u0131k Muro ile kar\u015f\u0131 kar\u015f\u0131ya<span class=\"excerpt-hellip\"> [\u2026]<\/span><\/p>\n","protected":false},"featured_media":0,"template":"","meta":{"_monsterinsights_skip_tracking":false,"_monsterinsights_sitenote_active":false,"_monsterinsights_sitenote_note":"","_monsterinsights_sitenote_category":0},"product_brand":[],"product_cat":[12274,12631],"product_tag":[],"class_list":{"0":"post-703286","1":"product","2":"type-product","3":"status-publish","5":"product_cat-cocuk-ve-genclik-kitaplari","6":"product_cat-diger-cocuk-ve-genclik-kitaplari","7":"pa_cilt-ciltsiz","8":"pa_tur-kitap","9":"pa_yayinevi-beyaz-balina-yayinlari","10":"pa_yazar-adam-blade","12":"first","13":"instock","14":"sale","15":"shipping-taxable","16":"purchasable","17":"product-type-simple"},"_links":{"self":[{"href":"https:\/\/roveyayinevi.com.tr\/index.php\/wp-json\/wp\/v2\/product\/703286","targetHints":{"allow":["GET"]}}],"collection":[{"href":"https:\/\/roveyayinevi.com.tr\/index.php\/wp-json\/wp\/v2\/product"}],"about":[{"href":"https:\/\/roveyayinevi.com.tr\/index.php\/wp-json\/wp\/v2\/types\/product"}],"wp:attachment":[{"href":"https:\/\/roveyayinevi.com.tr\/index.php\/wp-json\/wp\/v2\/media?parent=703286"}],"wp:term":[{"taxonomy":"product_brand","embeddable":true,"href":"https:\/\/roveyayinevi.com.tr\/index.php\/wp-json\/wp\/v2\/product_brand?post=703286"},{"taxonomy":"product_cat","embeddable":true,"href":"https:\/\/roveyayinevi.com.tr\/index.php\/wp-json\/wp\/v2\/product_cat?post=703286"},{"taxonomy":"product_tag","embeddable":true,"href":"https:\/\/roveyayinevi.com.tr\/index.php\/wp-json\/wp\/v2\/product_tag?post=703286"}],"curies":[{"name":"wp","href":"https:\/\/api.w.org\/{rel}","templated":true}]}}