{"id":703280,"date":"2025-08-27T15:24:15","date_gmt":"2025-08-27T12:24:15","guid":{"rendered":"https:\/\/roveyayinevi.com.tr\/index.php\/urun\/kirmizi-klasor\/"},"modified":"2026-04-06T02:21:07","modified_gmt":"2026-04-05T23:21:07","slug":"kirmizi-klasor","status":"publish","type":"product","link":"https:\/\/roveyayinevi.com.tr\/index.php\/urun\/kirmizi-klasor\/","title":{"rendered":"K\u0131rm\u0131z\u0131 Klas\u00f6r"},"content":{"rendered":"<p>Ara\u015ft\u0131rmac\u0131 gazetecili\u011fin \u00f6nde gelen isimlerinden Sayg\u0131 \u00d6zt\u00fcrk, T\u00fcrkiye\u2019yi derinden sarsan \u00f6nemli olaylar\u0131 ele al\u0131yor. <\/p>\n","protected":false},"excerpt":{"rendered":"<p>Ara\u015ft\u0131rmac\u0131 gazetecili\u011fin \u00f6nde gelen isimlerinden Sayg\u0131 \u00d6zt\u00fcrk, T\u00fcrkiye\u2019yi derinden sarsan \u00f6nemli olaylar\u0131 ele al\u0131yor.<\/p>\n","protected":false},"featured_media":0,"template":"","meta":{"_monsterinsights_skip_tracking":false,"_monsterinsights_sitenote_active":false,"_monsterinsights_sitenote_note":"","_monsterinsights_sitenote_category":0},"product_brand":[],"product_cat":[12346,12337],"product_tag":[],"class_list":{"0":"post-703280","1":"product","2":"type-product","3":"status-publish","5":"product_cat-derin-siyaset-komplo-teorileri","6":"product_cat-politika-siyaset","7":"pa_tur-kitap","8":"pa_yayinevi-dogan-kitap","9":"pa_yazar-saygi-ozturk","11":"first","12":"instock","13":"sale","14":"shipping-taxable","15":"purchasable","16":"product-type-simple"},"_links":{"self":[{"href":"https:\/\/roveyayinevi.com.tr\/index.php\/wp-json\/wp\/v2\/product\/703280","targetHints":{"allow":["GET"]}}],"collection":[{"href":"https:\/\/roveyayinevi.com.tr\/index.php\/wp-json\/wp\/v2\/product"}],"about":[{"href":"https:\/\/roveyayinevi.com.tr\/index.php\/wp-json\/wp\/v2\/types\/product"}],"wp:attachment":[{"href":"https:\/\/roveyayinevi.com.tr\/index.php\/wp-json\/wp\/v2\/media?parent=703280"}],"wp:term":[{"taxonomy":"product_brand","embeddable":true,"href":"https:\/\/roveyayinevi.com.tr\/index.php\/wp-json\/wp\/v2\/product_brand?post=703280"},{"taxonomy":"product_cat","embeddable":true,"href":"https:\/\/roveyayinevi.com.tr\/index.php\/wp-json\/wp\/v2\/product_cat?post=703280"},{"taxonomy":"product_tag","embeddable":true,"href":"https:\/\/roveyayinevi.com.tr\/index.php\/wp-json\/wp\/v2\/product_tag?post=703280"}],"curies":[{"name":"wp","href":"https:\/\/api.w.org\/{rel}","templated":true}]}}