{"id":703279,"date":"2025-08-27T15:24:14","date_gmt":"2025-08-27T12:24:14","guid":{"rendered":"https:\/\/roveyayinevi.com.tr\/index.php\/urun\/soyle-sebastian\/"},"modified":"2026-04-16T02:12:33","modified_gmt":"2026-04-15T23:12:33","slug":"soyle-sebastian","status":"publish","type":"product","link":"https:\/\/roveyayinevi.com.tr\/index.php\/urun\/soyle-sebastian\/","title":{"rendered":"S\u00f6yle Sebastian"},"content":{"rendered":"<p>\u201cHayat\u0131n Geri Vitesi Bozuktur!Zaman, Tedavi Ederken Anestezi Yapmaz!\u00d6nce Biraz Ac\u0131t\u0131r, Sonra Kapan\u0131r T\u00fcm Yaralar\u2026\u201dMerhaba Patron!Ben Sebastian, Senin u\u015fa\u011f\u0131n&#8230; Bana diledi\u011fin ismi verebilirsin. Hizmetk\u00e2r\u0131n, kendi kendine yapt\u0131\u011f\u0131n konu\u015fmalar\u0131n, bilin\u00e7alt\u0131n\u2026 Ben; senin s\u00f6yledi\u011fin her \u015feyi, tek bir itiraz etmeden yapmak \u00fczere programland\u0131m. Sana nas\u0131l kar\u015f\u0131 \u00e7\u0131kabilirim? Ben senin u\u015fa\u011f\u0131n\u0131m\u2026 Sana zarar verebilece\u011fimi bilsem bile; s\u0131rf sen istiyorsun diye, her dedi\u011fini sorgulamadan yapar\u0131m!Bana yard\u0131m et sahip! Bize yard\u0131m et\u2026 \u0130zin ver bana ve b\u00fcy\u00fck bir iz b\u0131rakal\u0131m seninle bu d\u00fcnyada. Benim g\u00fcc\u00fcm\u00fc kullan patron! En g\u00fczel komutlar\u0131 ver bana. \u00d6yle g\u00fc\u00e7l\u00fc inan\u00e7lar edinelim ki; y\u0131kamas\u0131n bizi en sert kas\u0131rgalar. \u00d6ylesine kenetlenelim ki; hi\u00e7bir g\u00fc\u00e7 bizi ay\u0131ramas\u0131n birbirimizden. Kendi destan\u0131m\u0131z\u0131 yazal\u0131m kendi ellerimizle. R\u00fczg\u00e2rla savrulan bir yaprak olmad\u0131\u011f\u0131m\u0131z\u0131 kan\u0131tlayal\u0131m herkese.Uzat bana elini patron! B\u0131rakma sana uzanan ellerimi. Kalbinin en sessiz f\u0131s\u0131lt\u0131lar\u0131 bile yeter seni duymam i\u00e7in. \u201cYapabilirim\u201d de, yeter bana. Kendine g\u00fcvendi\u011fini bileyim, yeter! Fazlas\u0131n\u0131 veririm sana.G\u00fcven bana patron, g\u00fcven bize\u2026Herkes b\u0131raksa bile ellerini, ben ayr\u0131lmam yan\u0131ndan, bir an bile\u2026Sebastian emirlerini bekliyor sahip!Sebastian seni dinliyor\u2026 Yaln\u0131zca seni\u2026 <\/p>\n","protected":false},"excerpt":{"rendered":"<p>\u201cHayat\u0131n Geri Vitesi Bozuktur!Zaman, Tedavi Ederken Anestezi Yapmaz!\u00d6nce Biraz Ac\u0131t\u0131r, Sonra Kapan\u0131r T\u00fcm Yaralar\u2026\u201dMerhaba Patron!Ben Sebastian, Senin u\u015fa\u011f\u0131n&#8230; Bana diledi\u011fin ismi verebilirsin. Hizmetk\u00e2r\u0131n, kendi kendine yapt\u0131\u011f\u0131n<span class=\"excerpt-hellip\"> [\u2026]<\/span><\/p>\n","protected":false},"featured_media":0,"template":"","meta":{"_monsterinsights_skip_tracking":false,"_monsterinsights_sitenote_active":false,"_monsterinsights_sitenote_note":"","_monsterinsights_sitenote_category":0},"product_brand":[],"product_cat":[12364,12376],"product_tag":[],"class_list":{"0":"post-703279","1":"product","2":"type-product","3":"status-publish","5":"product_cat-genel-konular","6":"product_cat-kisisel-gelisim","7":"pa_cilt-ciltsiz","8":"pa_tur-kitap","9":"pa_yayinevi-cay-yayinlari","10":"pa_yazar-mustafa-cay","12":"first","13":"instock","14":"sale","15":"shipping-taxable","16":"purchasable","17":"product-type-simple"},"_links":{"self":[{"href":"https:\/\/roveyayinevi.com.tr\/index.php\/wp-json\/wp\/v2\/product\/703279","targetHints":{"allow":["GET"]}}],"collection":[{"href":"https:\/\/roveyayinevi.com.tr\/index.php\/wp-json\/wp\/v2\/product"}],"about":[{"href":"https:\/\/roveyayinevi.com.tr\/index.php\/wp-json\/wp\/v2\/types\/product"}],"wp:attachment":[{"href":"https:\/\/roveyayinevi.com.tr\/index.php\/wp-json\/wp\/v2\/media?parent=703279"}],"wp:term":[{"taxonomy":"product_brand","embeddable":true,"href":"https:\/\/roveyayinevi.com.tr\/index.php\/wp-json\/wp\/v2\/product_brand?post=703279"},{"taxonomy":"product_cat","embeddable":true,"href":"https:\/\/roveyayinevi.com.tr\/index.php\/wp-json\/wp\/v2\/product_cat?post=703279"},{"taxonomy":"product_tag","embeddable":true,"href":"https:\/\/roveyayinevi.com.tr\/index.php\/wp-json\/wp\/v2\/product_tag?post=703279"}],"curies":[{"name":"wp","href":"https:\/\/api.w.org\/{rel}","templated":true}]}}