{"id":703277,"date":"2025-08-27T15:24:14","date_gmt":"2025-08-27T12:24:14","guid":{"rendered":"https:\/\/roveyayinevi.com.tr\/index.php\/urun\/ozgurlukten-kacis\/"},"modified":"2026-04-16T02:12:33","modified_gmt":"2026-04-15T23:12:33","slug":"ozgurlukten-kacis","status":"publish","type":"product","link":"https:\/\/roveyayinevi.com.tr\/index.php\/urun\/ozgurlukten-kacis\/","title":{"rendered":"\u00d6zg\u00fcrl\u00fckten Ka\u00e7\u0131\u015f"},"content":{"rendered":"<p>\u0130nsano\u011flunda, doymak bilmez bir iktidar h\u0131rs\u0131 yaratan \u015fey nedir? Ya\u015famsal enerjilerinin g\u00fcc\u00fc m\u00fc, yoksa temelde ya\u015fam\u0131nkendili\u011findenli\u011fi i\u00e7inde, sevgiyle ya\u015fama yetersizli\u011fi ve zay\u0131fl\u0131\u011f\u0131 m\u0131? Bu kar\u015f\u0131 durulmas\u0131 zor isteklerin g\u00fcc\u00fcn\u00fc olu\u015fturanruhbilimsel ko\u015fullar nelerdir? Bu ruhbilimsel ko\u015fullar\u0131n dayand\u0131\u011f\u0131 toplumsal ko\u015fullar nelerdir?\u00d6zg\u00fcrl\u00fc\u011f\u00fcn ve yetkecilik g\u00fc\u00e7lerinin insansal y\u00f6nlerinin \u00e7\u00f6z\u00fcmlenmesi, genel bir sorunu, yani ruhbilimsel etmenlerintoplumsal s\u00fcre\u00e7 i\u00e7erisinde etkin g\u00fc\u00e7ler olarak oynad\u0131\u011f\u0131 rol\u00fc ele almam\u0131z\u0131 gerektirir; bu da sonunda bizi, toplumsal s\u00fcre\u00e7tekiruhbilimsel, ekonomik ve ideolojik etmenler aras\u0131ndaki kar\u015f\u0131l\u0131kl\u0131 etkile\u015fim sorununa g\u00f6t\u00fcr\u00fcr.<\/p>\n","protected":false},"excerpt":{"rendered":"<p>\u0130nsano\u011flunda, doymak bilmez bir iktidar h\u0131rs\u0131 yaratan \u015fey nedir? Ya\u015famsal enerjilerinin g\u00fcc\u00fc m\u00fc, yoksa temelde ya\u015fam\u0131nkendili\u011findenli\u011fi i\u00e7inde, sevgiyle ya\u015fama yetersizli\u011fi ve zay\u0131fl\u0131\u011f\u0131 m\u0131? Bu kar\u015f\u0131 durulmas\u0131<span class=\"excerpt-hellip\"> [\u2026]<\/span><\/p>\n","protected":false},"featured_media":0,"template":"","meta":{"_monsterinsights_skip_tracking":false,"_monsterinsights_sitenote_active":false,"_monsterinsights_sitenote_note":"","_monsterinsights_sitenote_category":0},"product_brand":[],"product_cat":[12358,12357],"product_tag":[],"class_list":{"0":"post-703277","1":"product","2":"type-product","3":"status-publish","5":"product_cat-genel-psikoloji","6":"product_cat-psikoloji","7":"pa_cilt-ciltsiz","8":"pa_tur-kitap","9":"pa_yayinevi-say-yayinlari","10":"pa_yazar-erich-fromm","12":"first","13":"instock","14":"sale","15":"shipping-taxable","16":"purchasable","17":"product-type-simple"},"_links":{"self":[{"href":"https:\/\/roveyayinevi.com.tr\/index.php\/wp-json\/wp\/v2\/product\/703277","targetHints":{"allow":["GET"]}}],"collection":[{"href":"https:\/\/roveyayinevi.com.tr\/index.php\/wp-json\/wp\/v2\/product"}],"about":[{"href":"https:\/\/roveyayinevi.com.tr\/index.php\/wp-json\/wp\/v2\/types\/product"}],"wp:attachment":[{"href":"https:\/\/roveyayinevi.com.tr\/index.php\/wp-json\/wp\/v2\/media?parent=703277"}],"wp:term":[{"taxonomy":"product_brand","embeddable":true,"href":"https:\/\/roveyayinevi.com.tr\/index.php\/wp-json\/wp\/v2\/product_brand?post=703277"},{"taxonomy":"product_cat","embeddable":true,"href":"https:\/\/roveyayinevi.com.tr\/index.php\/wp-json\/wp\/v2\/product_cat?post=703277"},{"taxonomy":"product_tag","embeddable":true,"href":"https:\/\/roveyayinevi.com.tr\/index.php\/wp-json\/wp\/v2\/product_tag?post=703277"}],"curies":[{"name":"wp","href":"https:\/\/api.w.org\/{rel}","templated":true}]}}