{"id":703275,"date":"2025-08-27T15:24:13","date_gmt":"2025-08-27T12:24:13","guid":{"rendered":"https:\/\/roveyayinevi.com.tr\/index.php\/urun\/gokten-bir-oksan-dustu\/"},"modified":"2025-10-20T03:27:44","modified_gmt":"2025-10-20T00:27:44","slug":"gokten-bir-oksan-dustu","status":"publish","type":"product","link":"https:\/\/roveyayinevi.com.tr\/index.php\/urun\/gokten-bir-oksan-dustu\/","title":{"rendered":"G\u00f6kten Bir Ok\u015fan D\u00fc\u015ft\u00fc"},"content":{"rendered":"<p>Ok\u015fan, ta\u015f devrinin \u00e7\u0131kmazlar\u0131yla y\u00fczle\u015fmek zorunda kalan, her duygunun insana dair oldu\u011funu do\u011frular bi\u00e7imde \u00e7e\u015fitli s\u0131navlardan ge\u00e7erek hikayesinde fark\u0131ndal\u0131k yaratan, yaratt\u0131\u011f\u0131 bu fark\u0131ndal\u0131kla hayat\u0131n\u0131 yeniden tan\u0131mlamaya \u00e7al\u0131\u015fan bir ma\u011fara kad\u0131n\u0131d\u0131r. Atlamak zorunda b\u0131rak\u0131ld\u0131\u011f\u0131 t\u00fcm engeller, zoraki tan\u0131\u015fmak durumunda b\u0131rak\u0131ld\u0131\u011f\u0131 s\u0131k\u0131nt\u0131lar kar\u015f\u0131s\u0131nda geli\u015ftirdi\u011fi dil sayesinde kendi devrinden ta\u015farak bazen i\u00e7g\u00fcd\u00fcsel bazen akla uygun bi\u00e7imde yol alm\u0131\u015ft\u0131r. Bir kad\u0131n\u0131n sorunlar\u0131n\u0131, akl\u0131n\u0131za gelebilecek en s\u0131radan\u0131ndan tutun da en \u00e7izgi d\u0131\u015f\u0131 olan\u0131na kadar tatm\u0131\u015f, bu sorunlar\u0131n \u00e7ok da devir mevir tan\u0131mad\u0131\u011f\u0131n\u0131 bize g\u00f6stermi\u015f, itina ile kad\u0131n sorunlar\u0131n\u0131n sadece bi\u00e7im de\u011fi\u015ftirerek varl\u0131\u011f\u0131n\u0131 g\u00fcn\u00fcm\u00fczde dahi korudu\u011funu, kad\u0131n- erkek ili\u015fkilerine zaman \u00fcst\u00fc bir yakla\u015f\u0131mla bakmak gerekti\u011fini anlatmaya \u00e7al\u0131\u015fm\u0131\u015ft\u0131r\u2026 Ok\u015fan\u2019\u0131n \u00e7\u00f6z\u00fcm yollar\u0131 bulmaya \u00e7al\u0131\u015f\u0131rken nas\u0131l da evrildi\u011fi, evrilmekle kalmay\u0131p toplay\u0131c\u0131l\u0131ktan avc\u0131l\u0131\u011fa nas\u0131l ge\u00e7ti\u011fi mizahi bir dille anlat\u0131lm\u0131\u015ft\u0131r. Toplay\u0131c\u0131l\u0131\u011f\u0131n hayat\u0131ndaki anlam\u0131, herifi ile olan ili\u015fkisi, kay\u0131nvalide ile ilgili sorunlar\u0131, di\u011fer ma\u011fara kad\u0131nlar\u0131 aras\u0131ndaki sosyal stat\u00fcs\u00fc, ihanetle bulu\u015fmas\u0131, evlilik d\u0131\u015f\u0131 ili\u015fki, zihinsel ve bedensel geli\u015fim s\u00fcrecinin ya\u015fad\u0131klar\u0131 ile orant\u0131s\u0131, kendini var etmek ad\u0131na \u00e7izdi\u011fi ya da kald\u0131rd\u0131\u011f\u0131 t\u00fcm s\u0131n\u0131rlar\u2026 <\/p>\n","protected":false},"excerpt":{"rendered":"<p>Ok\u015fan, ta\u015f devrinin \u00e7\u0131kmazlar\u0131yla y\u00fczle\u015fmek zorunda kalan, her duygunun insana dair oldu\u011funu do\u011frular bi\u00e7imde \u00e7e\u015fitli s\u0131navlardan ge\u00e7erek hikayesinde fark\u0131ndal\u0131k yaratan, yaratt\u0131\u011f\u0131 bu fark\u0131ndal\u0131kla hayat\u0131n\u0131 yeniden tan\u0131mlamaya<span class=\"excerpt-hellip\"> [\u2026]<\/span><\/p>\n","protected":false},"featured_media":0,"template":"","meta":{"_monsterinsights_skip_tracking":false,"_monsterinsights_sitenote_active":false,"_monsterinsights_sitenote_note":"","_monsterinsights_sitenote_category":0},"product_brand":[],"product_cat":[12835,12324],"product_tag":[],"class_list":{"0":"post-703275","1":"product","2":"type-product","3":"status-publish","5":"product_cat-genel-sosyoloji","6":"product_cat-sosyoloji","7":"pa_cilt-ciltsiz","8":"pa_tur-kitap","9":"pa_yayinevi-edge-akademi","10":"pa_yazar-nihal-berge","12":"first","13":"instock","14":"sale","15":"shipping-taxable","16":"purchasable","17":"product-type-simple"},"_links":{"self":[{"href":"https:\/\/roveyayinevi.com.tr\/index.php\/wp-json\/wp\/v2\/product\/703275","targetHints":{"allow":["GET"]}}],"collection":[{"href":"https:\/\/roveyayinevi.com.tr\/index.php\/wp-json\/wp\/v2\/product"}],"about":[{"href":"https:\/\/roveyayinevi.com.tr\/index.php\/wp-json\/wp\/v2\/types\/product"}],"wp:attachment":[{"href":"https:\/\/roveyayinevi.com.tr\/index.php\/wp-json\/wp\/v2\/media?parent=703275"}],"wp:term":[{"taxonomy":"product_brand","embeddable":true,"href":"https:\/\/roveyayinevi.com.tr\/index.php\/wp-json\/wp\/v2\/product_brand?post=703275"},{"taxonomy":"product_cat","embeddable":true,"href":"https:\/\/roveyayinevi.com.tr\/index.php\/wp-json\/wp\/v2\/product_cat?post=703275"},{"taxonomy":"product_tag","embeddable":true,"href":"https:\/\/roveyayinevi.com.tr\/index.php\/wp-json\/wp\/v2\/product_tag?post=703275"}],"curies":[{"name":"wp","href":"https:\/\/api.w.org\/{rel}","templated":true}]}}