{"id":703274,"date":"2025-08-27T15:24:13","date_gmt":"2025-08-27T12:24:13","guid":{"rendered":"https:\/\/roveyayinevi.com.tr\/index.php\/urun\/korkunun-psikolojisi\/"},"modified":"2026-04-16T02:12:33","modified_gmt":"2026-04-15T23:12:33","slug":"korkunun-psikolojisi","status":"publish","type":"product","link":"https:\/\/roveyayinevi.com.tr\/index.php\/urun\/korkunun-psikolojisi\/","title":{"rendered":"Korkunun Psikolojisi"},"content":{"rendered":"<p>Bazen hayat kurtar\u0131r, bazen de hayat\u0131 mahveder&#8230; Ki\u015fiyi \u00e7o\u011fu \u015feyden mahrum eder, y\u0131prat\u0131r, yaln\u0131zl\u0131\u011fa iter. Hepimizi etkiler. D\u00fcnya n\u00fcfusunun yar\u0131s\u0131 i\u00e7in bir engeldir. Her on ki\u015fiden birinin \u00f6zg\u00fcrl\u00fc\u011f\u00fcn\u00fc \u00e7alar. Etkisi zamanla artar, bunal\u0131mlara s\u00fcr\u00fckler. Bize bu kadar zarar verdi\u011fi halde varl\u0131\u011f\u0131na muhta\u00e7 oldu\u011fumuz duygudur korku&#8230; Fransa\u2019n\u0131n en iyi korku ve fobi uzmanlar\u0131ndan biri olan Christophe Andr\u00e9, kendi terapi seanslar\u0131ndan yola \u00e7\u0131karak korkunun biyolojik ve evrimsel y\u00f6n\u00fcn\u00fc g\u00f6zler \u00f6n\u00fcne seriyor. Korkunun Psikolojisi fobileri, korkular\u0131 ve kayg\u0131lar\u0131 beslendikleri kaynaklarla birlikte ele alarak tan\u0131mlayan, \u00e7\u00f6z\u00fcm ve tedavi yollar\u0131 sunan, korku mekanizmalar\u0131m\u0131z\u0131n bazen ray\u0131ndan \u00e7\u0131kabilece\u011fini ve b\u00f6yle durumlarda duygusal beynimizin devreye girece\u011fini anlatan bir ba\u015fvuru kitab\u0131.   \u201c\u0130\u00e7 ya\u015fam\u0131m\u0131z\u0131n g\u00f6lgeleri \u00fczerine bilgilendirici bir bak\u0131\u015f.\u201d \u2014Psychologies   \u201cFobilerin, kayg\u0131lar\u0131n ve di\u011fer panik durumlar\u0131n\u0131n anla\u015f\u0131lmas\u0131 \u00fczerine Kopernik Devrimi\u2019ne benzer bir yap\u0131t.\u201d \u2014Le Figaro <\/p>\n","protected":false},"excerpt":{"rendered":"<p>Bazen hayat kurtar\u0131r, bazen de hayat\u0131 mahveder&#8230; Ki\u015fiyi \u00e7o\u011fu \u015feyden mahrum eder, y\u0131prat\u0131r, yaln\u0131zl\u0131\u011fa iter. Hepimizi etkiler. D\u00fcnya n\u00fcfusunun yar\u0131s\u0131 i\u00e7in bir engeldir. Her on ki\u015fiden<span class=\"excerpt-hellip\"> [\u2026]<\/span><\/p>\n","protected":false},"featured_media":0,"template":"","meta":{"_monsterinsights_skip_tracking":false,"_monsterinsights_sitenote_active":false,"_monsterinsights_sitenote_note":"","_monsterinsights_sitenote_category":0},"product_brand":[],"product_cat":[12358,12357],"product_tag":[],"class_list":{"0":"post-703274","1":"product","2":"type-product","3":"status-publish","5":"product_cat-genel-psikoloji","6":"product_cat-psikoloji","7":"pa_cilt-ciltsiz","8":"pa_tur-kitap","9":"pa_yayinevi-say-yayinlari","10":"pa_yazar-christophe-andre","12":"first","13":"instock","14":"sale","15":"shipping-taxable","16":"purchasable","17":"product-type-simple"},"_links":{"self":[{"href":"https:\/\/roveyayinevi.com.tr\/index.php\/wp-json\/wp\/v2\/product\/703274","targetHints":{"allow":["GET"]}}],"collection":[{"href":"https:\/\/roveyayinevi.com.tr\/index.php\/wp-json\/wp\/v2\/product"}],"about":[{"href":"https:\/\/roveyayinevi.com.tr\/index.php\/wp-json\/wp\/v2\/types\/product"}],"wp:attachment":[{"href":"https:\/\/roveyayinevi.com.tr\/index.php\/wp-json\/wp\/v2\/media?parent=703274"}],"wp:term":[{"taxonomy":"product_brand","embeddable":true,"href":"https:\/\/roveyayinevi.com.tr\/index.php\/wp-json\/wp\/v2\/product_brand?post=703274"},{"taxonomy":"product_cat","embeddable":true,"href":"https:\/\/roveyayinevi.com.tr\/index.php\/wp-json\/wp\/v2\/product_cat?post=703274"},{"taxonomy":"product_tag","embeddable":true,"href":"https:\/\/roveyayinevi.com.tr\/index.php\/wp-json\/wp\/v2\/product_tag?post=703274"}],"curies":[{"name":"wp","href":"https:\/\/api.w.org\/{rel}","templated":true}]}}