{"id":703265,"date":"2025-08-27T15:24:09","date_gmt":"2025-08-27T12:24:09","guid":{"rendered":"https:\/\/roveyayinevi.com.tr\/index.php\/urun\/kizil-elma\/"},"modified":"2026-04-16T02:12:33","modified_gmt":"2026-04-15T23:12:33","slug":"kizil-elma","status":"publish","type":"product","link":"https:\/\/roveyayinevi.com.tr\/index.php\/urun\/kizil-elma\/","title":{"rendered":"K\u0131z\u0131l Elma"},"content":{"rendered":"<p>Vatan ne T\u00fcrkiye&#8217;dir T\u00fcrklere, ne T\u00fcrkistan;Vatan b\u00fcy\u00fck ve m\u00fcebbet bir \u00fclkedir: Turan\u2026Ziya G\u00f6kalp, b\u00fcy\u00fck bir \u00e7o\u011funlu\u011funu \u201cGen\u00e7 Kalemler\u201d, \u201cT\u00fcrk Yurdu\u201d, \u201cHalka Do\u011fru\u201d, \u201cT\u00fcrk S\u00f6z\u00fc\u201d gibi dergilerde yay\u0131mlad\u0131\u011f\u0131 \u015fiirlerini \u201cK\u0131z\u0131lelma\u201d ad\u0131 alt\u0131nda bir araya getirmi\u015ftir. Kitapta yer alan \u201cK\u0131z\u0131lelma\u201d \u015fiiri, kitab\u0131n ad\u0131n\u0131 ve kitapta yer alan \u015fiirlerin muhtevas\u0131n\u0131 da tayin etmi\u015ftir. \u201cTuran\u201d, \u201c\u00d6t\u00fcken \u00dclkesi\u201d, \u201cAlt\u0131n Yurt\u201d, \u201cAlt\u0131n Destan\u201d, \u201cErgenekon\u201d, \u201cBalkanlar Destan\u0131\u201d ve \u201cK\u0131z\u0131l Destan\u201d gibi \u015fiir adlar\u0131na bak\u0131ld\u0131\u011f\u0131nda bunlar\u0131n K\u0131z\u0131lelma mefk\u00fbresiyle \u00f6rt\u00fc\u015fen \u015fiirler olduklar\u0131 g\u00f6r\u00fcl\u00fcr. Ziya G\u00f6kalp&#8217;\u0131n bu kitab\u0131na \u201cK\u0131z\u0131lelma\u201d ad\u0131n\u0131 koymas\u0131 ve kitab\u0131nda ilk olarak \u201cTuran\u201d \u015fiirine yer vermesi tesad\u00fcf de\u011fildir. Bu iki \u015fiir, Ziya G\u00f6kalp&#8217;\u0131n hayat\u0131 boyunca savundu\u011fu ve dile getirdi\u011fi temel d\u00fc\u015f\u00fcncelerinin yans\u0131mas\u0131, hatta \u00f6zetidir. \u201cTuran\u201d \u015fiiri, T\u00fcrklerin b\u00fcy\u00fck bir \u00fclkede birlikte ya\u015fama ideallerini ve iste\u011fini anlat\u0131rken, \u201cK\u0131z\u0131lelma\u201d ise bu \u00fclkede ya\u015fayan insanlar\u0131n \u00fclk\u00fcs\u00fcn\u00fc dile getirmekte, onlara aramalar\u0131 ve ula\u015fmalar\u0131 gereken yerleri ve fikirleri i\u015faret etmektedir.K\u0131z\u0131lelma oldu bir g\u00fczel Cennet:Oradan Turan&#8217;a ya\u011fd\u0131 saadet. <\/p>\n","protected":false},"excerpt":{"rendered":"<p>Vatan ne T\u00fcrkiye&#8217;dir T\u00fcrklere, ne T\u00fcrkistan;Vatan b\u00fcy\u00fck ve m\u00fcebbet bir \u00fclkedir: Turan\u2026Ziya G\u00f6kalp, b\u00fcy\u00fck bir \u00e7o\u011funlu\u011funu \u201cGen\u00e7 Kalemler\u201d, \u201cT\u00fcrk Yurdu\u201d, \u201cHalka Do\u011fru\u201d, \u201cT\u00fcrk S\u00f6z\u00fc\u201d gibi dergilerde<span class=\"excerpt-hellip\"> [\u2026]<\/span><\/p>\n","protected":false},"featured_media":0,"template":"","meta":{"_monsterinsights_skip_tracking":false,"_monsterinsights_sitenote_active":false,"_monsterinsights_sitenote_note":"","_monsterinsights_sitenote_category":0},"product_brand":[],"product_cat":[12291,12509],"product_tag":[],"class_list":{"0":"post-703265","1":"product","2":"type-product","3":"status-publish","5":"product_cat-edebiyat","6":"product_cat-siir","7":"pa_cilt-ciltsiz","8":"pa_tur-kitap","9":"pa_yayinevi-otuken-nesriyat","10":"pa_yazar-ziya-gokalp","12":"first","13":"instock","14":"sale","15":"shipping-taxable","16":"purchasable","17":"product-type-simple"},"_links":{"self":[{"href":"https:\/\/roveyayinevi.com.tr\/index.php\/wp-json\/wp\/v2\/product\/703265","targetHints":{"allow":["GET"]}}],"collection":[{"href":"https:\/\/roveyayinevi.com.tr\/index.php\/wp-json\/wp\/v2\/product"}],"about":[{"href":"https:\/\/roveyayinevi.com.tr\/index.php\/wp-json\/wp\/v2\/types\/product"}],"wp:attachment":[{"href":"https:\/\/roveyayinevi.com.tr\/index.php\/wp-json\/wp\/v2\/media?parent=703265"}],"wp:term":[{"taxonomy":"product_brand","embeddable":true,"href":"https:\/\/roveyayinevi.com.tr\/index.php\/wp-json\/wp\/v2\/product_brand?post=703265"},{"taxonomy":"product_cat","embeddable":true,"href":"https:\/\/roveyayinevi.com.tr\/index.php\/wp-json\/wp\/v2\/product_cat?post=703265"},{"taxonomy":"product_tag","embeddable":true,"href":"https:\/\/roveyayinevi.com.tr\/index.php\/wp-json\/wp\/v2\/product_tag?post=703265"}],"curies":[{"name":"wp","href":"https:\/\/api.w.org\/{rel}","templated":true}]}}