{"id":703263,"date":"2025-08-27T15:24:09","date_gmt":"2025-08-27T12:24:09","guid":{"rendered":"https:\/\/roveyayinevi.com.tr\/index.php\/urun\/dunya-tarihi-4-kitap-takim\/"},"modified":"2026-04-16T02:12:33","modified_gmt":"2026-04-15T23:12:33","slug":"dunya-tarihi-4-kitap-takim","status":"publish","type":"product","link":"https:\/\/roveyayinevi.com.tr\/index.php\/urun\/dunya-tarihi-4-kitap-takim\/","title":{"rendered":"D\u00fcnya Tarihi (4 Kitap Tak\u0131m)"},"content":{"rendered":"<p>Suzan Wise Bauer\u2019in D\u00fcnya Tarihi serisi e\u011fitim alan\u0131nda bir\u00e7ok \u00f6d\u00fcl\u00fcn sahibi oldu d\u00fcnya \u00e7ap\u0131nda 150.000 kitaptan fazla sat\u0131ld\u0131. \u00c7ocuklar\u0131m\u0131zla birlikte okuyabilece\u011fimiz, okurken \u00f6\u011frenebilece\u011fimiz D\u00fcnya Tarihi kitaplar\u0131 dizisi. <\/p>\n","protected":false},"excerpt":{"rendered":"<p>Suzan Wise Bauer\u2019in D\u00fcnya Tarihi serisi e\u011fitim alan\u0131nda bir\u00e7ok \u00f6d\u00fcl\u00fcn sahibi oldu d\u00fcnya \u00e7ap\u0131nda 150.000 kitaptan fazla sat\u0131ld\u0131. \u00c7ocuklar\u0131m\u0131zla birlikte okuyabilece\u011fimiz, okurken \u00f6\u011frenebilece\u011fimiz D\u00fcnya Tarihi kitaplar\u0131<span class=\"excerpt-hellip\"> [\u2026]<\/span><\/p>\n","protected":false},"featured_media":0,"template":"","meta":{"_monsterinsights_skip_tracking":false,"_monsterinsights_sitenote_active":false,"_monsterinsights_sitenote_note":"","_monsterinsights_sitenote_category":0},"product_brand":[],"product_cat":[12305,12304],"product_tag":[],"class_list":{"0":"post-703263","1":"product","2":"type-product","3":"status-publish","5":"product_cat-dunya-tarihi","6":"product_cat-tarih","7":"pa_cilt-ciltsiz","8":"pa_tur-kitap","9":"pa_yayinevi-say-yayinlari","10":"pa_yazar-susan-wise-bauer","12":"first","13":"instock","14":"sale","15":"shipping-taxable","16":"purchasable","17":"product-type-simple"},"_links":{"self":[{"href":"https:\/\/roveyayinevi.com.tr\/index.php\/wp-json\/wp\/v2\/product\/703263","targetHints":{"allow":["GET"]}}],"collection":[{"href":"https:\/\/roveyayinevi.com.tr\/index.php\/wp-json\/wp\/v2\/product"}],"about":[{"href":"https:\/\/roveyayinevi.com.tr\/index.php\/wp-json\/wp\/v2\/types\/product"}],"wp:attachment":[{"href":"https:\/\/roveyayinevi.com.tr\/index.php\/wp-json\/wp\/v2\/media?parent=703263"}],"wp:term":[{"taxonomy":"product_brand","embeddable":true,"href":"https:\/\/roveyayinevi.com.tr\/index.php\/wp-json\/wp\/v2\/product_brand?post=703263"},{"taxonomy":"product_cat","embeddable":true,"href":"https:\/\/roveyayinevi.com.tr\/index.php\/wp-json\/wp\/v2\/product_cat?post=703263"},{"taxonomy":"product_tag","embeddable":true,"href":"https:\/\/roveyayinevi.com.tr\/index.php\/wp-json\/wp\/v2\/product_tag?post=703263"}],"curies":[{"name":"wp","href":"https:\/\/api.w.org\/{rel}","templated":true}]}}