{"id":703261,"date":"2025-08-27T15:24:08","date_gmt":"2025-08-27T12:24:08","guid":{"rendered":"https:\/\/roveyayinevi.com.tr\/index.php\/urun\/ilkel-mitoloji\/"},"modified":"2026-04-16T02:12:33","modified_gmt":"2026-04-15T23:12:33","slug":"ilkel-mitoloji","status":"publish","type":"product","link":"https:\/\/roveyayinevi.com.tr\/index.php\/urun\/ilkel-mitoloji\/","title":{"rendered":"\u0130lkel Mitoloji"},"content":{"rendered":"<p>Joseph Campbell\u2019in \u201cTanr\u0131n\u0131n Maskeleri\u201d dizisi, b\u00fct\u00fcn d\u00fcnya mitolojilerinden bir se\u00e7me de\u011fil; mitolojiyi insanl\u0131\u011f\u0131n \u00fcretti\u011fi anlama ve anlamland\u0131rma \u00e7abas\u0131 olarak ba\u015fta felsefe, antropoloji, psikoloji olmak \u00fczere di\u011fer disiplinlerden ve edebiyattan da yararlanarak \u00e7\u00f6z\u00fcmledi\u011fi ve ayn\u0131 anda b\u00fct\u00fcn bu insanl\u0131k birikiminin mitolojiden yararlanarak da anla\u015f\u0131labilece\u011fini ortaya koyan \u201ctez\u201dli bir ba\u015fyap\u0131tt\u0131r. Campbell bu tezini, insanl\u0131\u011f\u0131n do\u011fum, \u00f6l\u00fcm, sevgi kar\u015f\u0131s\u0131ndaki \u201ckader\u201dine kar\u015f\u0131 tek bir kaynaktan do\u011fup geli\u015fen ve farkl\u0131la\u015fan manevi ya\u015fam\u0131n\u0131n b\u00fct\u00fcnc\u00fcll\u00fc\u011f\u00fc \u00fcst\u00fcne kurdu\u011fu i\u00e7in de ba\u015far\u0131l\u0131d\u0131r. D\u00fcnyan\u0131n tarihe ge\u00e7mi\u015f ve antropologlar eliyle toplanm\u0131\u015f mitoslar\u0131n\u0131 anlaml\u0131 bir b\u00fct\u00fcnsellik i\u00e7inde \u00f6\u011frenirken, Freud, Jung, Mann, Spengler, Schopenhauer, Nietzsche, Goethe, Wagner, Joyce, Picasso ve daha bir\u00e7ok d\u00fc\u015f\u00fcn\u00fcr ve sanat\u00e7\u0131n\u0131n bu d\u00fcnyaya bak\u0131\u015flar\u0131na, bir de b\u00f6yle bir pencereden bakacaks\u0131n\u0131z. <\/p>\n","protected":false},"excerpt":{"rendered":"<p>Joseph Campbell\u2019in \u201cTanr\u0131n\u0131n Maskeleri\u201d dizisi, b\u00fct\u00fcn d\u00fcnya mitolojilerinden bir se\u00e7me de\u011fil; mitolojiyi insanl\u0131\u011f\u0131n \u00fcretti\u011fi anlama ve anlamland\u0131rma \u00e7abas\u0131 olarak ba\u015fta felsefe, antropoloji, psikoloji olmak \u00fczere di\u011fer<span class=\"excerpt-hellip\"> [\u2026]<\/span><\/p>\n","protected":false},"featured_media":0,"template":"","meta":{"_monsterinsights_skip_tracking":false,"_monsterinsights_sitenote_active":false,"_monsterinsights_sitenote_note":"","_monsterinsights_sitenote_category":0},"product_brand":[],"product_cat":[12718,12858],"product_tag":[],"class_list":{"0":"post-703261","1":"product","2":"type-product","3":"status-publish","5":"product_cat-din","6":"product_cat-mitolojiler","7":"pa_cilt-ciltsiz","8":"pa_tur-kitap","9":"pa_yayinevi-islik-yayinlari","10":"pa_yazar-joseph-campbell","12":"first","13":"instock","14":"sale","15":"shipping-taxable","16":"purchasable","17":"product-type-simple"},"_links":{"self":[{"href":"https:\/\/roveyayinevi.com.tr\/index.php\/wp-json\/wp\/v2\/product\/703261","targetHints":{"allow":["GET"]}}],"collection":[{"href":"https:\/\/roveyayinevi.com.tr\/index.php\/wp-json\/wp\/v2\/product"}],"about":[{"href":"https:\/\/roveyayinevi.com.tr\/index.php\/wp-json\/wp\/v2\/types\/product"}],"wp:attachment":[{"href":"https:\/\/roveyayinevi.com.tr\/index.php\/wp-json\/wp\/v2\/media?parent=703261"}],"wp:term":[{"taxonomy":"product_brand","embeddable":true,"href":"https:\/\/roveyayinevi.com.tr\/index.php\/wp-json\/wp\/v2\/product_brand?post=703261"},{"taxonomy":"product_cat","embeddable":true,"href":"https:\/\/roveyayinevi.com.tr\/index.php\/wp-json\/wp\/v2\/product_cat?post=703261"},{"taxonomy":"product_tag","embeddable":true,"href":"https:\/\/roveyayinevi.com.tr\/index.php\/wp-json\/wp\/v2\/product_tag?post=703261"}],"curies":[{"name":"wp","href":"https:\/\/api.w.org\/{rel}","templated":true}]}}