{"id":703259,"date":"2025-08-27T15:24:07","date_gmt":"2025-08-27T12:24:07","guid":{"rendered":"https:\/\/roveyayinevi.com.tr\/index.php\/urun\/gulsima-aglama-ne-olursun\/"},"modified":"2026-04-16T02:12:33","modified_gmt":"2026-04-15T23:12:33","slug":"gulsima-aglama-ne-olursun","status":"publish","type":"product","link":"https:\/\/roveyayinevi.com.tr\/index.php\/urun\/gulsima-aglama-ne-olursun\/","title":{"rendered":"G\u00fclsima A\u011flama Ne Olursun"},"content":{"rendered":"<p>Kadim sevdalar\u0131n son emanet\u00e7isi, efsanevi a\u015f\u0131klar\u0131n sonuncusu\u2026 Uzlet hanesinde k\u0131rk as\u0131rl\u0131k \u00e7ilesi hi\u00e7 dolmayan, bir lokma, bir h\u0131rkayla \u00f6m\u00fcr t\u00f6rp\u00fcleyen bir dervi\u015f\u2026 Hasretin be\u015fi\u011finde t\u00fcm varl\u0131\u011f\u0131 derd-i a\u015fkla kundaklanm\u0131\u015f bir \u00e7ocuk\u2026 Kadim sevdalar\u0131n son emanet\u00e7isi\u2026 Efsanevi \u00e2\u015f\u0131klar\u0131n son miras\u00e7\u0131s\u0131\u2026 \u00d6mr\u00fc, ikindiden ak\u015fama do\u011fru ak\u0131p giden bir g\u00fcn\u00fcn son demleri\u2026 Mirza\u2026 Ve a\u015fk\u0131 G\u00fclsima&#8230; <\/p>\n","protected":false},"excerpt":{"rendered":"<p>Kadim sevdalar\u0131n son emanet\u00e7isi, efsanevi a\u015f\u0131klar\u0131n sonuncusu\u2026 Uzlet hanesinde k\u0131rk as\u0131rl\u0131k \u00e7ilesi hi\u00e7 dolmayan, bir lokma, bir h\u0131rkayla \u00f6m\u00fcr t\u00f6rp\u00fcleyen bir dervi\u015f\u2026 Hasretin be\u015fi\u011finde t\u00fcm varl\u0131\u011f\u0131<span class=\"excerpt-hellip\"> [\u2026]<\/span><\/p>\n","protected":false},"featured_media":0,"template":"","meta":{"_monsterinsights_skip_tracking":false,"_monsterinsights_sitenote_active":false,"_monsterinsights_sitenote_note":"","_monsterinsights_sitenote_category":0},"product_brand":[],"product_cat":[12291,12711],"product_tag":[],"class_list":{"0":"post-703259","1":"product","2":"type-product","3":"status-publish","5":"product_cat-edebiyat","6":"product_cat-roman-oyku","7":"pa_tur-kitap","8":"pa_yayinevi-hayat-yayinlari","9":"pa_yazar-ferhad-fani","11":"first","12":"instock","13":"sale","14":"shipping-taxable","15":"purchasable","16":"product-type-simple"},"_links":{"self":[{"href":"https:\/\/roveyayinevi.com.tr\/index.php\/wp-json\/wp\/v2\/product\/703259","targetHints":{"allow":["GET"]}}],"collection":[{"href":"https:\/\/roveyayinevi.com.tr\/index.php\/wp-json\/wp\/v2\/product"}],"about":[{"href":"https:\/\/roveyayinevi.com.tr\/index.php\/wp-json\/wp\/v2\/types\/product"}],"wp:attachment":[{"href":"https:\/\/roveyayinevi.com.tr\/index.php\/wp-json\/wp\/v2\/media?parent=703259"}],"wp:term":[{"taxonomy":"product_brand","embeddable":true,"href":"https:\/\/roveyayinevi.com.tr\/index.php\/wp-json\/wp\/v2\/product_brand?post=703259"},{"taxonomy":"product_cat","embeddable":true,"href":"https:\/\/roveyayinevi.com.tr\/index.php\/wp-json\/wp\/v2\/product_cat?post=703259"},{"taxonomy":"product_tag","embeddable":true,"href":"https:\/\/roveyayinevi.com.tr\/index.php\/wp-json\/wp\/v2\/product_tag?post=703259"}],"curies":[{"name":"wp","href":"https:\/\/api.w.org\/{rel}","templated":true}]}}