{"id":703258,"date":"2025-08-27T15:24:07","date_gmt":"2025-08-27T12:24:07","guid":{"rendered":"https:\/\/roveyayinevi.com.tr\/index.php\/urun\/jules-verne-oykuler-3\/"},"modified":"2026-04-16T02:12:33","modified_gmt":"2026-04-15T23:12:33","slug":"jules-verne-oykuler-3","status":"publish","type":"product","link":"https:\/\/roveyayinevi.com.tr\/index.php\/urun\/jules-verne-oykuler-3\/","title":{"rendered":"Jules Verne \u00d6yk\u00fcler 3"},"content":{"rendered":"<p>Jules Verne&#8217;in yirmi iki e\u015fsiz \u00f6yk\u00fcs\u00fcn\u00fc i\u00e7eren \u00fc\u00e7 kitab\u0131n sonuncusunda gene birbirinden heyecanl\u0131 yedi \u00f6yk\u00fc var. Bu kitapta &#8220;K\u00fc\u00e7\u00fck \u0130rlandal\u0131&#8221;n\u0131n cesaret dolu maceralar\u0131na, Sahra&#8217;daki gizli \u015fehrin esrar\u0131na, Hindistan&#8217;daki, Kongo&#8217;daki ser\u00fcvenlere ve daha bir\u00e7ok s\u0131rad\u0131\u015f\u0131 hayata tan\u0131k olacaks\u0131n\u0131z. Jules Verne&#8217;nin sonsuz hayal g\u00fcc\u00fc bir kez daha hepimizi \u015fa\u015f\u0131rtmay\u0131, heyecanland\u0131rmay\u0131, hem g\u00fcld\u00fcr\u00fcp hem h\u00fcz\u00fcnlendirmeyi ba\u015far\u0131yor. <\/p>\n","protected":false},"excerpt":{"rendered":"<p>Jules Verne&#8217;in yirmi iki e\u015fsiz \u00f6yk\u00fcs\u00fcn\u00fc i\u00e7eren \u00fc\u00e7 kitab\u0131n sonuncusunda gene birbirinden heyecanl\u0131 yedi \u00f6yk\u00fc var. Bu kitapta &#8220;K\u00fc\u00e7\u00fck \u0130rlandal\u0131&#8221;n\u0131n cesaret dolu maceralar\u0131na, Sahra&#8217;daki gizli \u015fehrin<span class=\"excerpt-hellip\"> [\u2026]<\/span><\/p>\n","protected":false},"featured_media":0,"template":"","meta":{"_monsterinsights_skip_tracking":false,"_monsterinsights_sitenote_active":false,"_monsterinsights_sitenote_note":"","_monsterinsights_sitenote_category":0},"product_brand":[],"product_cat":[12291,13376],"product_tag":[],"class_list":{"0":"post-703258","1":"product","2":"type-product","3":"status-publish","5":"product_cat-edebiyat","6":"product_cat-fransiz-edebiyati","7":"pa_cilt-ciltsiz","8":"pa_tur-kitap","9":"pa_yayinevi-elma-yayinevi","10":"pa_yazar-jules-verne","12":"first","13":"instock","14":"sale","15":"shipping-taxable","16":"purchasable","17":"product-type-simple"},"_links":{"self":[{"href":"https:\/\/roveyayinevi.com.tr\/index.php\/wp-json\/wp\/v2\/product\/703258","targetHints":{"allow":["GET"]}}],"collection":[{"href":"https:\/\/roveyayinevi.com.tr\/index.php\/wp-json\/wp\/v2\/product"}],"about":[{"href":"https:\/\/roveyayinevi.com.tr\/index.php\/wp-json\/wp\/v2\/types\/product"}],"wp:attachment":[{"href":"https:\/\/roveyayinevi.com.tr\/index.php\/wp-json\/wp\/v2\/media?parent=703258"}],"wp:term":[{"taxonomy":"product_brand","embeddable":true,"href":"https:\/\/roveyayinevi.com.tr\/index.php\/wp-json\/wp\/v2\/product_brand?post=703258"},{"taxonomy":"product_cat","embeddable":true,"href":"https:\/\/roveyayinevi.com.tr\/index.php\/wp-json\/wp\/v2\/product_cat?post=703258"},{"taxonomy":"product_tag","embeddable":true,"href":"https:\/\/roveyayinevi.com.tr\/index.php\/wp-json\/wp\/v2\/product_tag?post=703258"}],"curies":[{"name":"wp","href":"https:\/\/api.w.org\/{rel}","templated":true}]}}