{"id":703257,"date":"2025-08-27T15:24:06","date_gmt":"2025-08-27T12:24:06","guid":{"rendered":"https:\/\/roveyayinevi.com.tr\/index.php\/urun\/bana-askimizi-anlat\/"},"modified":"2026-04-08T02:16:13","modified_gmt":"2026-04-07T23:16:13","slug":"bana-askimizi-anlat","status":"publish","type":"product","link":"https:\/\/roveyayinevi.com.tr\/index.php\/urun\/bana-askimizi-anlat\/","title":{"rendered":"Bana A\u015fk\u0131m\u0131z\u0131 Anlat"},"content":{"rendered":"<p>A\u015fk laf\u0131n\u0131 s\u00f6ylemek de\u011fil, saf\u0131n\u0131 belli etmektir\u2026 Her veda elveda de\u011fildir ey can; belki de bir merhabad\u0131r seni lime lime eden heyecan. Her seni terk ediyorum s\u00f6z\u00fcn\u00fc bir biti\u015f, bir t\u00fckeni\u015f ve bir son olarak alg\u0131lama. Seni terk ediyorum de\u011fil, seni dert ediyorumdur, unutma. Nihayet yang\u0131nlar\u0131n olacak k\u0131\u015fa \u00f6yk\u00fcn\u00fcr gibi ve donacaks\u0131n terledi\u011fin ak\u015famlarda. Kanatlar\u0131 k\u0131r\u0131lm\u0131\u015f bir ikindide gideceksin, oysa yuvas\u0131na d\u00f6nmemi\u015f olacak ebabil\u2026 A\u015fk, laf\u0131n\u0131 s\u00f6ylemek de\u011fil saf\u0131n\u0131 belli etmektir, bunu b\u00f6ylece bil\u2026 <\/p>\n","protected":false},"excerpt":{"rendered":"<p>A\u015fk laf\u0131n\u0131 s\u00f6ylemek de\u011fil, saf\u0131n\u0131 belli etmektir\u2026 Her veda elveda de\u011fildir ey can; belki de bir merhabad\u0131r seni lime lime eden heyecan. Her seni terk ediyorum<span class=\"excerpt-hellip\"> [\u2026]<\/span><\/p>\n","protected":false},"featured_media":0,"template":"","meta":{"_monsterinsights_skip_tracking":false,"_monsterinsights_sitenote_active":false,"_monsterinsights_sitenote_note":"","_monsterinsights_sitenote_category":0},"product_brand":[],"product_cat":[12777,12291],"product_tag":[],"class_list":{"0":"post-703257","1":"product","2":"type-product","3":"status-publish","5":"product_cat-deneme","6":"product_cat-edebiyat","7":"pa_cilt-ciltsiz","8":"pa_tur-kitap","9":"pa_yayinevi-hayat-yayinlari","10":"pa_yazar-zekeriya-efiloglu","12":"first","13":"instock","14":"sale","15":"shipping-taxable","16":"purchasable","17":"product-type-simple"},"_links":{"self":[{"href":"https:\/\/roveyayinevi.com.tr\/index.php\/wp-json\/wp\/v2\/product\/703257","targetHints":{"allow":["GET"]}}],"collection":[{"href":"https:\/\/roveyayinevi.com.tr\/index.php\/wp-json\/wp\/v2\/product"}],"about":[{"href":"https:\/\/roveyayinevi.com.tr\/index.php\/wp-json\/wp\/v2\/types\/product"}],"wp:attachment":[{"href":"https:\/\/roveyayinevi.com.tr\/index.php\/wp-json\/wp\/v2\/media?parent=703257"}],"wp:term":[{"taxonomy":"product_brand","embeddable":true,"href":"https:\/\/roveyayinevi.com.tr\/index.php\/wp-json\/wp\/v2\/product_brand?post=703257"},{"taxonomy":"product_cat","embeddable":true,"href":"https:\/\/roveyayinevi.com.tr\/index.php\/wp-json\/wp\/v2\/product_cat?post=703257"},{"taxonomy":"product_tag","embeddable":true,"href":"https:\/\/roveyayinevi.com.tr\/index.php\/wp-json\/wp\/v2\/product_tag?post=703257"}],"curies":[{"name":"wp","href":"https:\/\/api.w.org\/{rel}","templated":true}]}}