{"id":703254,"date":"2025-08-27T15:24:05","date_gmt":"2025-08-27T12:24:05","guid":{"rendered":"https:\/\/roveyayinevi.com.tr\/index.php\/urun\/sahip-olmak-ya-da-olmak\/"},"modified":"2026-04-16T02:12:33","modified_gmt":"2026-04-15T23:12:33","slug":"sahip-olmak-ya-da-olmak","status":"publish","type":"product","link":"https:\/\/roveyayinevi.com.tr\/index.php\/urun\/sahip-olmak-ya-da-olmak\/","title":{"rendered":"Sahip Olmak ya da Olmak"},"content":{"rendered":"<p>E\u011fer insan yaln\u0131zca \u201csahip oldu\u011fu\u201d \u015feylerden ibaretse, onlar\u0131 yitirdi\u011finde, kendini de yitirecek, kim oldu\u011funu bilemeyecektir. B\u00f6ylece ya\u015fam\u0131 yanl\u0131\u015f kurman\u0131n sonucunda ortaya yenilmi\u015f, moralsiz, y\u0131k\u0131k ve ac\u0131nacak bir insan \u00e7\u0131kar. \u201cOlmak\u201d kavram\u0131nda ise sahip olunan \u015feylerin kaybedilece\u011finden do\u011fan endi\u015fe ve korku yoktur. Oldu\u011fum gibiysem ve ki\u015fili\u011fim \u201colmak\u201d taraf\u0131ndan belirleniyorsa kimse benden bunu alamaz ve ki\u015fili\u011fimin y\u0131k\u0131lmas\u0131 tehlikesi de do\u011fmaz. Odak noktam\u0131 ve davran\u0131\u015flar\u0131m\u0131 y\u00f6nlendiren g\u00fcd\u00fcleri, kendi i\u00e7imde bulurum. \ufffc<\/p>\n","protected":false},"excerpt":{"rendered":"<p>E\u011fer insan yaln\u0131zca \u201csahip oldu\u011fu\u201d \u015feylerden ibaretse, onlar\u0131 yitirdi\u011finde, kendini de yitirecek, kim oldu\u011funu bilemeyecektir. B\u00f6ylece ya\u015fam\u0131 yanl\u0131\u015f kurman\u0131n sonucunda ortaya yenilmi\u015f, moralsiz, y\u0131k\u0131k ve ac\u0131nacak<span class=\"excerpt-hellip\"> [\u2026]<\/span><\/p>\n","protected":false},"featured_media":0,"template":"","meta":{"_monsterinsights_skip_tracking":false,"_monsterinsights_sitenote_active":false,"_monsterinsights_sitenote_note":"","_monsterinsights_sitenote_category":0},"product_brand":[],"product_cat":[12358,12357],"product_tag":[],"class_list":{"0":"post-703254","1":"product","2":"type-product","3":"status-publish","5":"product_cat-genel-psikoloji","6":"product_cat-psikoloji","7":"pa_cilt-ciltsiz","8":"pa_tur-kitap","9":"pa_yayinevi-say-yayinlari","10":"pa_yazar-erich-fromm","12":"first","13":"instock","14":"sale","15":"shipping-taxable","16":"purchasable","17":"product-type-simple"},"_links":{"self":[{"href":"https:\/\/roveyayinevi.com.tr\/index.php\/wp-json\/wp\/v2\/product\/703254","targetHints":{"allow":["GET"]}}],"collection":[{"href":"https:\/\/roveyayinevi.com.tr\/index.php\/wp-json\/wp\/v2\/product"}],"about":[{"href":"https:\/\/roveyayinevi.com.tr\/index.php\/wp-json\/wp\/v2\/types\/product"}],"wp:attachment":[{"href":"https:\/\/roveyayinevi.com.tr\/index.php\/wp-json\/wp\/v2\/media?parent=703254"}],"wp:term":[{"taxonomy":"product_brand","embeddable":true,"href":"https:\/\/roveyayinevi.com.tr\/index.php\/wp-json\/wp\/v2\/product_brand?post=703254"},{"taxonomy":"product_cat","embeddable":true,"href":"https:\/\/roveyayinevi.com.tr\/index.php\/wp-json\/wp\/v2\/product_cat?post=703254"},{"taxonomy":"product_tag","embeddable":true,"href":"https:\/\/roveyayinevi.com.tr\/index.php\/wp-json\/wp\/v2\/product_tag?post=703254"}],"curies":[{"name":"wp","href":"https:\/\/api.w.org\/{rel}","templated":true}]}}