{"id":703253,"date":"2025-08-27T15:24:05","date_gmt":"2025-08-27T12:24:05","guid":{"rendered":"https:\/\/roveyayinevi.com.tr\/index.php\/urun\/emperyalizm-ve-dunya-ekonomisi\/"},"modified":"2026-04-16T02:12:33","modified_gmt":"2026-04-15T23:12:33","slug":"emperyalizm-ve-dunya-ekonomisi","status":"publish","type":"product","link":"https:\/\/roveyayinevi.com.tr\/index.php\/urun\/emperyalizm-ve-dunya-ekonomisi\/","title":{"rendered":"Emperyalizm ve D\u00fcnya Ekonomisi"},"content":{"rendered":"<p>Kapitalizm, militarizmin g\u00fcc\u00fcn\u00fc b\u00fcy\u00fck \u00f6l\u00e7\u00fcde art\u0131rd\u0131. Tarihi arenaya milyonlarca silahl\u0131, insan\u0131 \u00e7\u0131kard\u0131. Bununla beraber, silahlar geri tepip kendisine \u00e7evrildi. Ba\u015flang\u0131\u00e7ta uysal ve itaatkar halk kitleleri politik ya\u015fama kar\u015f\u0131 ayaklanarak seslerini daha da y\u00fckselttiler. Kendilerine tepeden gelen bask\u0131larla sava\u015fmak zorunda kalan, \u00f6l\u00fcmle her an burun buruna gelen halk, emperyalist sava\u015ftan \u00e7ekilip ayn\u0131 cesaretle burjuvaziye kar\u015f\u0131 bir i\u00e7 sava\u015fa d\u00f6n\u00fc\u015ft\u00fcrd\u00fc. B\u00f6ylece, kapitalizm, \u00fcretimin yo\u011funla\u015fmas\u0131n\u0131 b\u00fcy\u00fck \u00f6l\u00e7\u00fclere vard\u0131rarak ve merkezile\u015fmi\u015f bir \u00fcretim ayg\u0131t\u0131 yaratarak, kendi mezar kaz\u0131c\u0131lar\u0131n\u0131 da temin etmi\u015ftir. S\u0131n\u0131flar\u0131n birbirleriyle yapt\u0131klar\u0131 \u00e7at\u0131\u015fmalar i\u00e7inde, finans kapitalin diktat\u00f6rl\u00fc\u011f\u00fc yerini devrimci Proletarya diktat\u00f6rl\u00fc\u011f\u00fcne b\u0131rakm\u0131\u015ft\u0131r.  Kapitalist m\u00fclkiyetin son saati gelmi\u015ftir. M\u00fclkiyete el koyanlara, el konulmu\u015ftur. <\/p>\n","protected":false},"excerpt":{"rendered":"<p>Kapitalizm, militarizmin g\u00fcc\u00fcn\u00fc b\u00fcy\u00fck \u00f6l\u00e7\u00fcde art\u0131rd\u0131. Tarihi arenaya milyonlarca silahl\u0131, insan\u0131 \u00e7\u0131kard\u0131. Bununla beraber, silahlar geri tepip kendisine \u00e7evrildi. Ba\u015flang\u0131\u00e7ta uysal ve itaatkar halk kitleleri politik<span class=\"excerpt-hellip\"> [\u2026]<\/span><\/p>\n","protected":false},"featured_media":0,"template":"","meta":{"_monsterinsights_skip_tracking":false,"_monsterinsights_sitenote_active":false,"_monsterinsights_sitenote_note":"","_monsterinsights_sitenote_category":0},"product_brand":[],"product_cat":[12338,12337],"product_tag":[],"class_list":{"0":"post-703253","1":"product","2":"type-product","3":"status-publish","5":"product_cat-dunya-siyaseti-ve-politikasi","6":"product_cat-politika-siyaset","7":"pa_tur-kitap","8":"pa_yayinevi-kalkedon-yayincilik","9":"pa_yazar-nikolai-i-bukharin","11":"first","12":"instock","13":"sale","14":"shipping-taxable","15":"purchasable","16":"product-type-simple"},"_links":{"self":[{"href":"https:\/\/roveyayinevi.com.tr\/index.php\/wp-json\/wp\/v2\/product\/703253","targetHints":{"allow":["GET"]}}],"collection":[{"href":"https:\/\/roveyayinevi.com.tr\/index.php\/wp-json\/wp\/v2\/product"}],"about":[{"href":"https:\/\/roveyayinevi.com.tr\/index.php\/wp-json\/wp\/v2\/types\/product"}],"wp:attachment":[{"href":"https:\/\/roveyayinevi.com.tr\/index.php\/wp-json\/wp\/v2\/media?parent=703253"}],"wp:term":[{"taxonomy":"product_brand","embeddable":true,"href":"https:\/\/roveyayinevi.com.tr\/index.php\/wp-json\/wp\/v2\/product_brand?post=703253"},{"taxonomy":"product_cat","embeddable":true,"href":"https:\/\/roveyayinevi.com.tr\/index.php\/wp-json\/wp\/v2\/product_cat?post=703253"},{"taxonomy":"product_tag","embeddable":true,"href":"https:\/\/roveyayinevi.com.tr\/index.php\/wp-json\/wp\/v2\/product_tag?post=703253"}],"curies":[{"name":"wp","href":"https:\/\/api.w.org\/{rel}","templated":true}]}}