{"id":703252,"date":"2025-08-27T15:24:04","date_gmt":"2025-08-27T12:24:04","guid":{"rendered":"https:\/\/roveyayinevi.com.tr\/index.php\/urun\/ermeni-halkinin-tarihi\/"},"modified":"2026-04-16T02:12:33","modified_gmt":"2026-04-15T23:12:33","slug":"ermeni-halkinin-tarihi","status":"publish","type":"product","link":"https:\/\/roveyayinevi.com.tr\/index.php\/urun\/ermeni-halkinin-tarihi\/","title":{"rendered":"Ermeni Halk\u0131n\u0131n Tarihi"},"content":{"rendered":"<p>\u0130\u00c7ER\u0130K TANITIM (Arka Kapak) Prof. Gerard Dedeyan\u2019\u0131n derledi\u011fi, Urartulardan 1918\u2019e Ermeni Halk\u0131n\u0131n Tarihi, esas olarak kronolojik bir seyir izlese de \u201cToprak, Halk ve Dil\u201d gibi tematik b\u00f6l\u00fcmler de i\u00e7ermekte. Eser genel olarak Ermenilerin tarihi a\u00e7\u0131s\u0131ndan temel bir ba\u015fvuru kitab\u0131 \u00f6zelli\u011fi ta\u015f\u0131maktad\u0131r. Her biri kendi alan\u0131n\u0131n ve d\u00f6neminin uzman\u0131 olan yazarlar yeni ba\u015flayanlar\u0131n okumalar\u0131n\u0131 kolayla\u015ft\u0131r\u0131rken her b\u00f6l\u00fcm\u00fcn sonundaki zengin kaynak\u00e7a uzman ve merakl\u0131 okuru daha derin ve zengin okumalara davet etmektedir. I              Toprak, Halk ve Dil II             Ermenilerden \u00d6nce: Sava\u015f\u00e7\u0131 ve Kurucu Urartular III            \u0130ran ile Greko-Romen D\u00fcnyas\u0131 Aras\u0131nda Ermeniler (\u0130\u00d6 V. Y\u00fczy\u0131l-IS 300\u2019e Do\u011fru) IV           H\u0131ristiyan Ermenistan \u0130ddias\u0131 (301-590) V             Arap H\u00e2kimiyeti ve Ermeni \u00d6zg\u00fcrl\u00fckleri (VII.-IX. Y\u00fczy\u0131l) VI           Yeniden Bulunmus\u0327 Ba\u011f\u0131ms\u0131zl\u0131k: Kuzey\u2019in Krall\u0131\u011f\u0131 ve G\u00fcney\u2019in Krall\u0131\u011f\u0131 (IX.-XI. Y\u00fczy\u0131l) VII          \u0130mparatorluk Y\u00f6nelimi ya da Diyaspora Yazg\u0131s\u0131: Bizans\u2019ta Ermeniler (IV.-XI. Y\u00fczy\u0131l) VIII         Ha\u00e7l\u0131 Seferi Zamanlar\u0131 (XI. ve XIV. Y\u00fczy\u0131l Sonu) IX           T\u00fcrkmenlerin ve Osmanl\u0131 T\u00fcrklerinin Boyundurug\u0306u Alt\u0131nda ( XV.-XVI. Y\u00fczy\u0131l) X             Ulusal Ba\u011f\u0131ms\u0131zl\u0131k Y\u0131k\u0131nt\u0131lar\u0131 ve Diyaspora (Bas\u0327lang\u0131c\u0131ndan XVIII. Y\u00fczy\u0131la) XI           Ermeni R\u00f6nesans\u0131 ve Kurtulu\u015f Hareketi (XVII. ve XVIII. Y\u00fczy\u0131l) XII          Ermenistan ve Uyruklar\u0131n Uyan\u0131s\u0327\u0131 (1800-1914) XIII         1915-1916 Ermeni Soyk\u0131r\u0131m\u0131 ve Osmanl\u0131 I\u0307mparatorlug\u0306u\u2019nun Sonu (1914-1923)   G\u00c9RARD D\u00c9D\u00c9YAN: G\u00e9rard D\u00e9d\u00e9yan (do\u011fumu 1942 Nantes), babas\u0131 tarih profes\u00f6r\u00fc Charles D\u00e9d\u00e9yan\u2019\u0131n yolundan giderek Montpellier III \u00dcniversitesi\u2019nde orta\u00e7a\u011f tarihi profes\u00f6r\u00fc olur. K\u00f6keni Kayseri \u00e7evresinden olan D\u00e9d\u00e9yan\u2019\u0131n ailesi XVIII. y\u00fczy\u0131l sonunda \u0130zmir\u2019e yerle\u015fir. Burada bir matbaa ve Avrupa edebiyat\u0131n\u0131n \u00dc\u00e7 Silah\u015f\u00f6rler gibi ba\u015feserlerini terc\u00fcme edip yay\u0131nlayacaklar\u0131 bir yay\u0131nevi kurar. 1919\u2019da Fransa\u2019ya yerle\u015fir.   Kullan\u0131lan Reklam Mecralar\u0131: Sosyal Medya ve Gazete\/Dergiler <\/p>\n","protected":false},"excerpt":{"rendered":"<p>\u0130\u00c7ER\u0130K TANITIM (Arka Kapak) Prof. Gerard Dedeyan\u2019\u0131n derledi\u011fi, Urartulardan 1918\u2019e Ermeni Halk\u0131n\u0131n Tarihi, esas olarak kronolojik bir seyir izlese de \u201cToprak, Halk ve Dil\u201d gibi tematik<span class=\"excerpt-hellip\"> [\u2026]<\/span><\/p>\n","protected":false},"featured_media":0,"template":"","meta":{"_monsterinsights_skip_tracking":false,"_monsterinsights_sitenote_active":false,"_monsterinsights_sitenote_note":"","_monsterinsights_sitenote_category":0},"product_brand":[],"product_cat":[13590,12337],"product_tag":[],"class_list":{"0":"post-703252","1":"product","2":"type-product","3":"status-publish","5":"product_cat-arastirma-inceleme-politika-siyaset","6":"product_cat-politika-siyaset","7":"pa_cilt-ciltsiz","8":"pa_tur-kitap","9":"pa_yayinevi-ayrinti-yayinlari","10":"pa_yazar-kolektif","12":"first","13":"instock","14":"sale","15":"shipping-taxable","16":"purchasable","17":"product-type-simple"},"_links":{"self":[{"href":"https:\/\/roveyayinevi.com.tr\/index.php\/wp-json\/wp\/v2\/product\/703252","targetHints":{"allow":["GET"]}}],"collection":[{"href":"https:\/\/roveyayinevi.com.tr\/index.php\/wp-json\/wp\/v2\/product"}],"about":[{"href":"https:\/\/roveyayinevi.com.tr\/index.php\/wp-json\/wp\/v2\/types\/product"}],"wp:attachment":[{"href":"https:\/\/roveyayinevi.com.tr\/index.php\/wp-json\/wp\/v2\/media?parent=703252"}],"wp:term":[{"taxonomy":"product_brand","embeddable":true,"href":"https:\/\/roveyayinevi.com.tr\/index.php\/wp-json\/wp\/v2\/product_brand?post=703252"},{"taxonomy":"product_cat","embeddable":true,"href":"https:\/\/roveyayinevi.com.tr\/index.php\/wp-json\/wp\/v2\/product_cat?post=703252"},{"taxonomy":"product_tag","embeddable":true,"href":"https:\/\/roveyayinevi.com.tr\/index.php\/wp-json\/wp\/v2\/product_tag?post=703252"}],"curies":[{"name":"wp","href":"https:\/\/api.w.org\/{rel}","templated":true}]}}