{"id":703250,"date":"2025-08-27T15:24:04","date_gmt":"2025-08-27T12:24:04","guid":{"rendered":"https:\/\/roveyayinevi.com.tr\/index.php\/urun\/rintintin-1-maskot\/"},"modified":"2026-04-16T02:12:32","modified_gmt":"2026-04-15T23:12:32","slug":"rintintin-1-maskot","status":"publish","type":"product","link":"https:\/\/roveyayinevi.com.tr\/index.php\/urun\/rintintin-1-maskot\/","title":{"rendered":"Rintintin 1 : Maskot"},"content":{"rendered":"<p>G\u00f6lgesinden h\u0131zl\u0131 silah \u00e7eken kovboy Red Kit\u2019ten sonra, g\u00f6lgesinden daha \u015fap\u015fal k\u00f6pek Rintintin\u2019in maceralar\u0131 da YKY\u2019de. \u0130lk kez 1987 y\u0131l\u0131nda ayr\u0131 alb\u00fcmler olarak yay\u0131nlanmaya ba\u015flayan Rintintin\u2019in maceralar\u0131, Morris\u2019in klasikle\u015fmi\u015f \u00e7izgileriyle Red Kit hayranlar\u0131n\u0131n ilgisini \u00e7ekmi\u015fti. YKY bu y\u0131l 4 Rintintin alb\u00fcm\u00fc yay\u0131nlayacak. D\u00fcnyan\u0131n bu en saf k\u00f6pe\u011fiyle tan\u0131\u015fmak isteyenler i\u00e7in i\u015fte ilk macera: Maskot. <\/p>\n","protected":false},"excerpt":{"rendered":"<p>G\u00f6lgesinden h\u0131zl\u0131 silah \u00e7eken kovboy Red Kit\u2019ten sonra, g\u00f6lgesinden daha \u015fap\u015fal k\u00f6pek Rintintin\u2019in maceralar\u0131 da YKY\u2019de. \u0130lk kez 1987 y\u0131l\u0131nda ayr\u0131 alb\u00fcmler olarak yay\u0131nlanmaya ba\u015flayan Rintintin\u2019in<span class=\"excerpt-hellip\"> [\u2026]<\/span><\/p>\n","protected":false},"featured_media":0,"template":"","meta":{"_monsterinsights_skip_tracking":false,"_monsterinsights_sitenote_active":false,"_monsterinsights_sitenote_note":"","_monsterinsights_sitenote_category":0},"product_brand":[],"product_cat":[12689,12274],"product_tag":[],"class_list":{"0":"post-703250","1":"product","2":"type-product","3":"status-publish","5":"product_cat-cizgi-roman-cocuk-ve-genclik-kitaplari","6":"product_cat-cocuk-ve-genclik-kitaplari","7":"pa_cilt-ciltsiz","8":"pa_tur-kitap","9":"pa_yayinevi-yapi-kredi-yayinlari","10":"pa_yazar-x-fauche","12":"first","13":"instock","14":"sale","15":"shipping-taxable","16":"purchasable","17":"product-type-simple"},"_links":{"self":[{"href":"https:\/\/roveyayinevi.com.tr\/index.php\/wp-json\/wp\/v2\/product\/703250","targetHints":{"allow":["GET"]}}],"collection":[{"href":"https:\/\/roveyayinevi.com.tr\/index.php\/wp-json\/wp\/v2\/product"}],"about":[{"href":"https:\/\/roveyayinevi.com.tr\/index.php\/wp-json\/wp\/v2\/types\/product"}],"wp:attachment":[{"href":"https:\/\/roveyayinevi.com.tr\/index.php\/wp-json\/wp\/v2\/media?parent=703250"}],"wp:term":[{"taxonomy":"product_brand","embeddable":true,"href":"https:\/\/roveyayinevi.com.tr\/index.php\/wp-json\/wp\/v2\/product_brand?post=703250"},{"taxonomy":"product_cat","embeddable":true,"href":"https:\/\/roveyayinevi.com.tr\/index.php\/wp-json\/wp\/v2\/product_cat?post=703250"},{"taxonomy":"product_tag","embeddable":true,"href":"https:\/\/roveyayinevi.com.tr\/index.php\/wp-json\/wp\/v2\/product_tag?post=703250"}],"curies":[{"name":"wp","href":"https:\/\/api.w.org\/{rel}","templated":true}]}}