{"id":703249,"date":"2025-08-27T15:24:03","date_gmt":"2025-08-27T12:24:03","guid":{"rendered":"https:\/\/roveyayinevi.com.tr\/index.php\/urun\/edebiyat-ve-sanat-yazilari\/"},"modified":"2026-04-16T02:12:32","modified_gmt":"2026-04-15T23:12:32","slug":"edebiyat-ve-sanat-yazilari","status":"publish","type":"product","link":"https:\/\/roveyayinevi.com.tr\/index.php\/urun\/edebiyat-ve-sanat-yazilari\/","title":{"rendered":"Edebiyat ve Sanat Yaz\u0131lar\u0131"},"content":{"rendered":"<p>Modern roman\u0131n \u00f6nc\u00fclerinden Marcel Proust bu kez ele\u015ftiri, deneme, inceleme, a\u00e7\u0131klama, mektup bi\u00e7iminde kaleme ald\u0131\u011f\u0131 Edebiyat ve Sanat Yaz\u0131lar\u0131\u2019yla kar\u015f\u0131m\u0131za \u00e7\u0131k\u0131yor. \u201cEdebiyat Yaz\u0131lar\u0131\u201dnda Flaubert, Baudelaire, Chateaubriand, Goethe, Dostoyevski, Tolstoy, sembolist \u015fairler, \u015fiir ya da esrarengiz yasalar, vb. yorumlan\u0131rken; \u201cSanat Yaz\u0131lar\u0131\u201dnda Chardin, Rembrandt, Watteau, Moreau, Monet gibi ressamlar; Saint-Saens, Reynaldo Hahn gibi m\u00fczisyenler; ve John Ruskin gibi bir sanat tarih\u00e7isi de\u011ferlendiriliyor.Proust severler, onun yorumlar\u0131n\u0131n ve \u00fcslubunun tad\u0131na \u015fimdi de deneme ve ele\u015ftirileriyle varacaklar. <\/p>\n","protected":false},"excerpt":{"rendered":"<p>Modern roman\u0131n \u00f6nc\u00fclerinden Marcel Proust bu kez ele\u015ftiri, deneme, inceleme, a\u00e7\u0131klama, mektup bi\u00e7iminde kaleme ald\u0131\u011f\u0131 Edebiyat ve Sanat Yaz\u0131lar\u0131\u2019yla kar\u015f\u0131m\u0131za \u00e7\u0131k\u0131yor. \u201cEdebiyat Yaz\u0131lar\u0131\u201dnda Flaubert, Baudelaire, Chateaubriand,<span class=\"excerpt-hellip\"> [\u2026]<\/span><\/p>\n","protected":false},"featured_media":0,"template":"","meta":{"_monsterinsights_skip_tracking":false,"_monsterinsights_sitenote_active":false,"_monsterinsights_sitenote_note":"","_monsterinsights_sitenote_category":0},"product_brand":[],"product_cat":[12777,12291],"product_tag":[],"class_list":{"0":"post-703249","1":"product","2":"type-product","3":"status-publish","5":"product_cat-deneme","6":"product_cat-edebiyat","7":"pa_cilt-ciltsiz","8":"pa_tur-kitap","9":"pa_yayinevi-yapi-kredi-yayinlari","10":"pa_yazar-marcel-proust","12":"first","13":"instock","14":"sale","15":"shipping-taxable","16":"purchasable","17":"product-type-simple"},"_links":{"self":[{"href":"https:\/\/roveyayinevi.com.tr\/index.php\/wp-json\/wp\/v2\/product\/703249","targetHints":{"allow":["GET"]}}],"collection":[{"href":"https:\/\/roveyayinevi.com.tr\/index.php\/wp-json\/wp\/v2\/product"}],"about":[{"href":"https:\/\/roveyayinevi.com.tr\/index.php\/wp-json\/wp\/v2\/types\/product"}],"wp:attachment":[{"href":"https:\/\/roveyayinevi.com.tr\/index.php\/wp-json\/wp\/v2\/media?parent=703249"}],"wp:term":[{"taxonomy":"product_brand","embeddable":true,"href":"https:\/\/roveyayinevi.com.tr\/index.php\/wp-json\/wp\/v2\/product_brand?post=703249"},{"taxonomy":"product_cat","embeddable":true,"href":"https:\/\/roveyayinevi.com.tr\/index.php\/wp-json\/wp\/v2\/product_cat?post=703249"},{"taxonomy":"product_tag","embeddable":true,"href":"https:\/\/roveyayinevi.com.tr\/index.php\/wp-json\/wp\/v2\/product_tag?post=703249"}],"curies":[{"name":"wp","href":"https:\/\/api.w.org\/{rel}","templated":true}]}}