{"id":703245,"date":"2025-08-27T15:24:02","date_gmt":"2025-08-27T12:24:02","guid":{"rendered":"https:\/\/roveyayinevi.com.tr\/index.php\/urun\/cagdas-sanatta-temsiliyet-krizi\/"},"modified":"2026-01-29T02:22:13","modified_gmt":"2026-01-28T23:22:13","slug":"cagdas-sanatta-temsiliyet-krizi","status":"publish","type":"product","link":"https:\/\/roveyayinevi.com.tr\/index.php\/urun\/cagdas-sanatta-temsiliyet-krizi\/","title":{"rendered":"\u00c7a\u011fda\u015f Sanatta Temsiliyet Krizi"},"content":{"rendered":"<p>\u0130nsanlar, duygusal doyum sa\u011flatan ve doyuma ula\u015ft\u0131ran kaynaklar aras\u0131nda kendi be\u011fenilerine uygun bulduklar\u0131n\u0131 ifade etmek ve tercih etmek \u00f6zg\u00fcrl\u00fc\u011f\u00fcne sahiptir. Dinlenilen bir m\u00fczik, okunan bir kitap, seyredilen bir film onlarda duygusal heyecanlar uyand\u0131r\u0131r. Bizleri bir anda etkileyen heyecanlar\u0131n \u00f6tesinde bir sanat yap\u0131t\u0131ndan al\u0131nan haz duygusunun alg\u0131lanarak kavranabilmesi i\u00e7in insanlar\u0131n bir eserin inceli\u011fini ya da b\u00fct\u00fcnl\u00fc\u011f\u00fcn\u00fc g\u00f6rebilmesi, m\u00fczikteki h\u00fczn\u00fc ya da co\u015fkuyu duyabilmesi, bir renk grubunun canl\u0131l\u0131\u011f\u0131n\u0131 fark edebilmesi, bir roman\u0131n g\u00fcc\u00fcn\u00fc hissedebilmesi gerekmektedir. Bireyler bu \u00f6zellikleri alg\u0131layamad\u0131klar\u0131 s\u00fcrece estetik zevk, de\u011ferlendirme ve bu de\u011ferlendirmeye dayal\u0131 yarg\u0131lar yetersiz kal\u0131r.Her insan\u0131n d\u00fcnyaya geldi\u011fi ilk g\u00fcnden itibaren g\u00fczele olan e\u011filimi ve g\u00fczellik kar\u015f\u0131s\u0131nda duydu\u011fu haz, sanat\u0131 anlamada, kavranmas\u0131nda ve sorgulanmas\u0131nda \u00f6ncelikli olmu\u015ftur. Ancak sanat g\u00fczelle e\u015f anlaml\u0131 de\u011fildir. Bu noktada, anlat\u0131lmaya \u00e7al\u0131\u015f\u0131lan g\u00fczel yani sanatsal g\u00fczel sadece ve sadece insan elinden \u00e7\u0131km\u0131\u015f, insan yarat\u0131s\u0131 olan g\u00fczeldir. Bizim duygusal doyum almam\u0131za neden olan bir sanat eseri ise bu doyumun kayna\u011f\u0131 \u2018estetik be\u011feni\u2019 olarak tan\u0131mlan\u0131r. Estetik; g\u00fczeli sorgular ve sanat eserini g\u00fczel yapan nitelikleri irdeler.G\u00fczel sadece sanat\u00e7\u0131lar\u0131n de\u011fil sanatla ilgilenen, sanat\u0131 seven herkesin sorunudur. G\u00fczele ula\u015fmak i\u00e7in g\u00f6sterilen \u00e7aba, bireyin be\u011fenme duygular\u0131n\u0131 g\u00fczeli, daha g\u00fczeli ve nihayet en g\u00fczeli bulmaya do\u011fru y\u00f6nlendirir, geli\u015ftirir ve inceltir. Sanat alan\u0131nda zevklerimizin ve be\u011fenilerimizin ar\u0131t\u0131lmas\u0131, g\u00fczelin evrensel bir de\u011fer olarak kabul edilmesi, sanata bak\u0131\u015fta be\u011fenilerimizin ortak bir noktada birle\u015fmesi uluslararas\u0131 ortak bir dilin olu\u015fmas\u0131na ba\u011fl\u0131d\u0131r.Bu kitap, estetik yarg\u0131n\u0131n gerek\u00e7elendirilebilmesi ve bizde haz duygusu uyand\u0131ran o varolan\u0131n ne kadar sanat eseri say\u0131labilece\u011fini irdeleyen ve esteti\u011fin temel kavramlar\u0131n\u0131 g\u00f6steren bir giri\u015f niteli\u011findedir. <\/p>\n","protected":false},"excerpt":{"rendered":"<p>\u0130nsanlar, duygusal doyum sa\u011flatan ve doyuma ula\u015ft\u0131ran kaynaklar aras\u0131nda kendi be\u011fenilerine uygun bulduklar\u0131n\u0131 ifade etmek ve tercih etmek \u00f6zg\u00fcrl\u00fc\u011f\u00fcne sahiptir. Dinlenilen bir m\u00fczik, okunan bir kitap,<span class=\"excerpt-hellip\"> [\u2026]<\/span><\/p>\n","protected":false},"featured_media":0,"template":"","meta":{"_monsterinsights_skip_tracking":false,"_monsterinsights_sitenote_active":false,"_monsterinsights_sitenote_note":"","_monsterinsights_sitenote_category":0},"product_brand":[],"product_cat":[12274,14573],"product_tag":[],"class_list":{"0":"post-703245","1":"product","2":"type-product","3":"status-publish","5":"product_cat-cocuk-ve-genclik-kitaplari","6":"product_cat-referans-kitaplar-cocuk-ve-genclik-kitaplari","7":"pa_cilt-ciltsiz","8":"pa_tur-kitap","9":"pa_yayinevi-utopya-yayinevi","10":"pa_yazar-rifat-sahiner","12":"first","13":"instock","14":"sale","15":"shipping-taxable","16":"purchasable","17":"product-type-simple"},"_links":{"self":[{"href":"https:\/\/roveyayinevi.com.tr\/index.php\/wp-json\/wp\/v2\/product\/703245","targetHints":{"allow":["GET"]}}],"collection":[{"href":"https:\/\/roveyayinevi.com.tr\/index.php\/wp-json\/wp\/v2\/product"}],"about":[{"href":"https:\/\/roveyayinevi.com.tr\/index.php\/wp-json\/wp\/v2\/types\/product"}],"wp:attachment":[{"href":"https:\/\/roveyayinevi.com.tr\/index.php\/wp-json\/wp\/v2\/media?parent=703245"}],"wp:term":[{"taxonomy":"product_brand","embeddable":true,"href":"https:\/\/roveyayinevi.com.tr\/index.php\/wp-json\/wp\/v2\/product_brand?post=703245"},{"taxonomy":"product_cat","embeddable":true,"href":"https:\/\/roveyayinevi.com.tr\/index.php\/wp-json\/wp\/v2\/product_cat?post=703245"},{"taxonomy":"product_tag","embeddable":true,"href":"https:\/\/roveyayinevi.com.tr\/index.php\/wp-json\/wp\/v2\/product_tag?post=703245"}],"curies":[{"name":"wp","href":"https:\/\/api.w.org\/{rel}","templated":true}]}}