{"id":703244,"date":"2025-08-27T15:24:01","date_gmt":"2025-08-27T12:24:01","guid":{"rendered":"https:\/\/roveyayinevi.com.tr\/index.php\/urun\/marxin-grundrissesi\/"},"modified":"2026-01-29T02:22:13","modified_gmt":"2026-01-28T23:22:13","slug":"marxin-grundrissesi","status":"publish","type":"product","link":"https:\/\/roveyayinevi.com.tr\/index.php\/urun\/marxin-grundrissesi\/","title":{"rendered":"Marx&#8217;\u0131n Grundrisse&#8217;si"},"content":{"rendered":"<p>Marx\u2019\u0131n Kapital\u2019i ekonomi politik ele\u015ftirinin hemen hemen b\u00fct\u00fcn yanlar\u0131n\u0131 kendisinde toplar. Grundrisse ise ekonomi politi\u011fin ele\u015ftirisinin tohumudur; tohum geli\u015fip b\u00fcy\u00fcm\u00fc\u015f Kapital\u2019i yaratm\u0131\u015ft\u0131r. Marx\u2019\u0131n Grundrisse\u2019si Marksizm\u2019in tohumunun hangi fikirleri geli\u015ftirerek ekonomi politi\u011fi a\u015fmaya ba\u015flad\u0131\u011f\u0131n\u0131 g\u00f6stermeyi ama\u00e7l\u0131yor. Grundrisse\u2019yi s\u0131n\u0131r kabul ederek, ondan \u00f6nceki d\u00f6nemin fikirleriyle ondan sonraki d\u00f6nemin d\u00fc\u015f\u00fcncelerini k\u0131yasl\u0131yor. Marksizm\u2019in geli\u015fim b\u00fct\u00fcnl\u00fc\u011f\u00fc ba\u015fka t\u00fcrl\u00fc kavranamaz. Grundrisse, Marx\u2019\u0131n yeniden g\u00f6zden ge\u00e7irerek okuyucuya sundu\u011fu bir eser de\u011fildir. Anla\u015f\u0131lmas\u0131 zor soyut form\u00fcllerle doludur. Kapital ile tan\u0131\u015fmam\u0131\u015f bir insan\u0131n do\u011frudan do\u011fruya Grundrisse ile tan\u0131\u015fmas\u0131 ve onu anlamas\u0131 b\u00fcy\u00fck zorluk i\u00e7erir. Bu a\u00e7\u0131dan Kapital\u2019den yararlanarak Grundrisse okunup anla\u015f\u0131labilir. Bu \u00e7al\u0131\u015fma, Kapital\u2019den yararlanarak Grundrisse\u2019yi \u00e7\u00f6zmeyi hedefliyor. Grundrisse, Marksizm\u2019in do\u011fu\u015fu ile b\u00fcy\u00fcm\u00fc\u015f hali aras\u0131nda oturur; bizim hem Marksizm\u2019in ge\u00e7mi\u015fini, hem de gelece\u011fini kavramam\u0131z\u0131 sa\u011flar. \u0130\u015fte Grundrisse\u2019nin \u00f6nemi! <\/p>\n","protected":false},"excerpt":{"rendered":"<p>Marx\u2019\u0131n Kapital\u2019i ekonomi politik ele\u015ftirinin hemen hemen b\u00fct\u00fcn yanlar\u0131n\u0131 kendisinde toplar. Grundrisse ise ekonomi politi\u011fin ele\u015ftirisinin tohumudur; tohum geli\u015fip b\u00fcy\u00fcm\u00fc\u015f Kapital\u2019i yaratm\u0131\u015ft\u0131r. Marx\u2019\u0131n Grundrisse\u2019si Marksizm\u2019in tohumunun<span class=\"excerpt-hellip\"> [\u2026]<\/span><\/p>\n","protected":false},"featured_media":0,"template":"","meta":{"_monsterinsights_skip_tracking":false,"_monsterinsights_sitenote_active":false,"_monsterinsights_sitenote_note":"","_monsterinsights_sitenote_category":0},"product_brand":[],"product_cat":[12965,12337],"product_tag":[],"class_list":{"0":"post-703244","1":"product","2":"type-product","3":"status-publish","5":"product_cat-genel-politika","6":"product_cat-politika-siyaset","7":"pa_cilt-ciltsiz","8":"pa_tur-kitap","9":"pa_yayinevi-utopya-yayinevi","10":"pa_yazar-mehmet-inanc-turan","12":"first","13":"instock","14":"sale","15":"shipping-taxable","16":"purchasable","17":"product-type-simple"},"_links":{"self":[{"href":"https:\/\/roveyayinevi.com.tr\/index.php\/wp-json\/wp\/v2\/product\/703244","targetHints":{"allow":["GET"]}}],"collection":[{"href":"https:\/\/roveyayinevi.com.tr\/index.php\/wp-json\/wp\/v2\/product"}],"about":[{"href":"https:\/\/roveyayinevi.com.tr\/index.php\/wp-json\/wp\/v2\/types\/product"}],"wp:attachment":[{"href":"https:\/\/roveyayinevi.com.tr\/index.php\/wp-json\/wp\/v2\/media?parent=703244"}],"wp:term":[{"taxonomy":"product_brand","embeddable":true,"href":"https:\/\/roveyayinevi.com.tr\/index.php\/wp-json\/wp\/v2\/product_brand?post=703244"},{"taxonomy":"product_cat","embeddable":true,"href":"https:\/\/roveyayinevi.com.tr\/index.php\/wp-json\/wp\/v2\/product_cat?post=703244"},{"taxonomy":"product_tag","embeddable":true,"href":"https:\/\/roveyayinevi.com.tr\/index.php\/wp-json\/wp\/v2\/product_tag?post=703244"}],"curies":[{"name":"wp","href":"https:\/\/api.w.org\/{rel}","templated":true}]}}