{"id":703243,"date":"2025-08-27T15:24:01","date_gmt":"2025-08-27T12:24:01","guid":{"rendered":"https:\/\/roveyayinevi.com.tr\/index.php\/urun\/amak-i-hayal-2\/"},"modified":"2026-04-08T02:16:13","modified_gmt":"2026-04-07T23:16:13","slug":"amak-i-hayal-2","status":"publish","type":"product","link":"https:\/\/roveyayinevi.com.tr\/index.php\/urun\/amak-i-hayal-2\/","title":{"rendered":"A\u2019mak-\u0131 Hayal"},"content":{"rendered":"<p>B\u00fcy\u00fck T\u00fcrk ayd\u0131n\u0131 Filibeli Ahmet Hilmi Bey, sanat\u00e7\u0131 kimli\u011fini de sergiledi\u011fi bu yap\u0131t\u0131nda, insanl\u0131\u011f\u0131n en temel sorunu \u00fczerine e\u011filiyor. Masallar\u0131n, mitoslar\u0131n, destanlar\u0131n b\u00fcy\u00fcl\u00fc d\u00fcnyas\u0131nda kahraman\u0131n, ger\u00e7e\u011fi, \u00f6l\u00fcms\u00fczl\u00fc\u011f\u00fc ararken ya\u015fad\u0131\u011f\u0131 zorluklar\u0131; kendi benli\u011fine, varl\u0131\u011f\u0131n merkezine giden yolda g\u00f6sterdi\u011fi b\u00fcy\u00fck \u00e7abay\u0131, zengin bir hayalg\u00fcc\u00fcn\u00fcn yaratt\u0131\u011f\u0131 simgelerler anlat\u0131yor. Eserin kahraman\u0131 Raci, ya\u015fam, \u00f6l\u00fcm, ruh,sonsuzluk, a\u015fk&#8230; izlekleri \u00e7evresinde ya\u015fam\u0131n anlam\u0131n\u0131, insan\u0131n varolu\u015f amac\u0131n\u0131 sorguluyor. Manevi yolculu\u011fu s\u0131ras\u0131nda t\u00fcm bi\u00e7imlerin, t\u00fcm olu\u015flar\u0131n, t\u00fcm simgelerin ard\u0131nda, evreni yaratan, her \u015feyi ku\u015fatan ve ak\u0131lla kavranamayan sonsuz ger\u00e7e\u011fi ke\u015ffediyor. Yokluk Tepesi, I\u015f\u0131k&#8217;la Karanl\u0131k&#8217;\u0131n sava\u015f\u0131, K\u00f6rler \u00fclkesinde Mor \u015eeytanlar&#8217;la ilgili tart\u0131\u015fma, Anka Ku\u015fu&#8217;nun s\u0131rt\u0131nda evrende yolculuk, Kaf Da\u011f\u0131&#8217;n\u0131 aray\u0131\u015f, Azamet denizi&#8217;nde do\u011fup bir f\u0131nd\u0131k kabu\u011funda kaybolan Tecelli \u015eelalesi, Edebi Muamma ve Nur Da\u011f\u0131&#8217;nda Marifetle konu\u015fma, A\u015fk Aynas\u0131&#8217;n\u0131n sorusu, Kambur Felek&#8217;le K\u00f6r Talih&#8217;in nasip da\u011f\u0131tmas\u0131&#8230; G\u0131ldam\u0131\u015f&#8217;\u0131, Homeros destanlar\u0131n\u0131, Dante&#8217;nin ilahi Komedya&#8217;s\u0131n\u0131, Ferid\u00fcdin Attar&#8217;\u0131n Mant\u0131kut&#8217;t Tayr ve \u015eeyh Galip&#8217;in H\u00fcsn&#8217;\u00fc A\u015fk mesnevilerini, Binbir Gece Masallar\u0131&#8217;n\u0131 an\u0131msatan ola\u011fan\u00fcst\u00fc \u00f6yk\u00fcler. \u0130nsan olman\u0131n b\u00fcy\u00fckl\u00fc\u011f\u00fcn\u00fc ve sokrumlulu\u011funu anlamak bilincimizi ve g\u00f6nl\u00fcm\u00fcz\u00fc \u00f6rten perdeleri aralamak i\u00e7in s\u0131k s\u0131k ba\u015fvurulacak hayranl\u0131k verici bir kitap. \ufffcTan\u0131t\u0131m Metni<\/p>\n","protected":false},"excerpt":{"rendered":"<p>B\u00fcy\u00fck T\u00fcrk ayd\u0131n\u0131 Filibeli Ahmet Hilmi Bey, sanat\u00e7\u0131 kimli\u011fini de sergiledi\u011fi bu yap\u0131t\u0131nda, insanl\u0131\u011f\u0131n en temel sorunu \u00fczerine e\u011filiyor. Masallar\u0131n, mitoslar\u0131n, destanlar\u0131n b\u00fcy\u00fcl\u00fc d\u00fcnyas\u0131nda kahraman\u0131n, ger\u00e7e\u011fi,<span class=\"excerpt-hellip\"> [\u2026]<\/span><\/p>\n","protected":false},"featured_media":0,"template":"","meta":{"_monsterinsights_skip_tracking":false,"_monsterinsights_sitenote_active":false,"_monsterinsights_sitenote_note":"","_monsterinsights_sitenote_category":0},"product_brand":[],"product_cat":[12291,12292],"product_tag":[],"class_list":{"0":"post-703243","1":"product","2":"type-product","3":"status-publish","5":"product_cat-edebiyat","6":"product_cat-turk-edebiyati","7":"pa_tur-kitap","8":"pa_yayinevi-atac-yayinlari","9":"pa_yazar-sehbenderzade-filibeli-ahmed-hilmi","11":"first","12":"instock","13":"sale","14":"shipping-taxable","15":"purchasable","16":"product-type-simple"},"_links":{"self":[{"href":"https:\/\/roveyayinevi.com.tr\/index.php\/wp-json\/wp\/v2\/product\/703243","targetHints":{"allow":["GET"]}}],"collection":[{"href":"https:\/\/roveyayinevi.com.tr\/index.php\/wp-json\/wp\/v2\/product"}],"about":[{"href":"https:\/\/roveyayinevi.com.tr\/index.php\/wp-json\/wp\/v2\/types\/product"}],"wp:attachment":[{"href":"https:\/\/roveyayinevi.com.tr\/index.php\/wp-json\/wp\/v2\/media?parent=703243"}],"wp:term":[{"taxonomy":"product_brand","embeddable":true,"href":"https:\/\/roveyayinevi.com.tr\/index.php\/wp-json\/wp\/v2\/product_brand?post=703243"},{"taxonomy":"product_cat","embeddable":true,"href":"https:\/\/roveyayinevi.com.tr\/index.php\/wp-json\/wp\/v2\/product_cat?post=703243"},{"taxonomy":"product_tag","embeddable":true,"href":"https:\/\/roveyayinevi.com.tr\/index.php\/wp-json\/wp\/v2\/product_tag?post=703243"}],"curies":[{"name":"wp","href":"https:\/\/api.w.org\/{rel}","templated":true}]}}