{"id":703242,"date":"2025-08-27T15:24:01","date_gmt":"2025-08-27T12:24:01","guid":{"rendered":"https:\/\/roveyayinevi.com.tr\/index.php\/urun\/hint-dini-tarihine-giris\/"},"modified":"2026-04-16T02:12:32","modified_gmt":"2026-04-15T23:12:32","slug":"hint-dini-tarihine-giris","status":"publish","type":"product","link":"https:\/\/roveyayinevi.com.tr\/index.php\/urun\/hint-dini-tarihine-giris\/","title":{"rendered":"Hint Dini Tarihine Giri\u015f"},"content":{"rendered":"<p>T\u00fcrk\u00e7e&#8217;de Hint dinlerini ya da bu dinlerden birini veya onlarla ilgili her hangi bir konuyu ele alan \u00e7al\u0131\u015fmalar olmakla birlikte Hinduizm i\u00e7inde ortaya \u00e7\u0131karak birer mezhep, m\u00fcstakil birer din haline gelen dini ve felsefi yorumlar\u0131 bir b\u00fct\u00fcn halinde veren fazla metnin oldu\u011fu s\u00f6ylenemez. Olsalar bile k\u00fc\u00e7\u00fck bir hacim i\u00e7inde b\u00fct\u00fcn bunlara yer verenler \u00e7ok az oldu\u011fu i\u00e7in bu kitap, Hint dini d\u00fc\u015f\u00fcncesi ve ondaki geli\u015fim ve de\u011fi\u015fimleri bir b\u00fct\u00fcn olarak g\u00f6r\u00fclmesini sa\u011flar d\u00fc\u015f\u00fcncesiyle \u00e7evrilmi\u015ftir. <\/p>\n","protected":false},"excerpt":{"rendered":"<p>T\u00fcrk\u00e7e&#8217;de Hint dinlerini ya da bu dinlerden birini veya onlarla ilgili her hangi bir konuyu ele alan \u00e7al\u0131\u015fmalar olmakla birlikte Hinduizm i\u00e7inde ortaya \u00e7\u0131karak birer mezhep,<span class=\"excerpt-hellip\"> [\u2026]<\/span><\/p>\n","protected":false},"featured_media":0,"template":"","meta":{"_monsterinsights_skip_tracking":false,"_monsterinsights_sitenote_active":false,"_monsterinsights_sitenote_note":"","_monsterinsights_sitenote_category":0},"product_brand":[],"product_cat":[12718,16794],"product_tag":[],"class_list":{"0":"post-703242","1":"product","2":"type-product","3":"status-publish","5":"product_cat-din","6":"product_cat-dinler-tarihi","7":"pa_tur-kitap","8":"pa_yayinevi-atac-yayinlari","9":"pa_yazar-d-s-sarma","11":"first","12":"instock","13":"sale","14":"shipping-taxable","15":"purchasable","16":"product-type-simple"},"_links":{"self":[{"href":"https:\/\/roveyayinevi.com.tr\/index.php\/wp-json\/wp\/v2\/product\/703242","targetHints":{"allow":["GET"]}}],"collection":[{"href":"https:\/\/roveyayinevi.com.tr\/index.php\/wp-json\/wp\/v2\/product"}],"about":[{"href":"https:\/\/roveyayinevi.com.tr\/index.php\/wp-json\/wp\/v2\/types\/product"}],"wp:attachment":[{"href":"https:\/\/roveyayinevi.com.tr\/index.php\/wp-json\/wp\/v2\/media?parent=703242"}],"wp:term":[{"taxonomy":"product_brand","embeddable":true,"href":"https:\/\/roveyayinevi.com.tr\/index.php\/wp-json\/wp\/v2\/product_brand?post=703242"},{"taxonomy":"product_cat","embeddable":true,"href":"https:\/\/roveyayinevi.com.tr\/index.php\/wp-json\/wp\/v2\/product_cat?post=703242"},{"taxonomy":"product_tag","embeddable":true,"href":"https:\/\/roveyayinevi.com.tr\/index.php\/wp-json\/wp\/v2\/product_tag?post=703242"}],"curies":[{"name":"wp","href":"https:\/\/api.w.org\/{rel}","templated":true}]}}