{"id":703241,"date":"2025-08-27T15:24:00","date_gmt":"2025-08-27T12:24:00","guid":{"rendered":"https:\/\/roveyayinevi.com.tr\/index.php\/urun\/gelecegi-kurgulamak\/"},"modified":"2026-04-16T02:12:32","modified_gmt":"2026-04-15T23:12:32","slug":"gelecegi-kurgulamak","status":"publish","type":"product","link":"https:\/\/roveyayinevi.com.tr\/index.php\/urun\/gelecegi-kurgulamak\/","title":{"rendered":"Gelece\u011fi Kurgulamak"},"content":{"rendered":"<p>\u201cBiz art\u0131k bir imparatorlu\u011fuz ve harekete ge\u00e7ti\u011fimizde kendi ger\u00e7ekli\u011fimizi yarat\u0131r\u0131z. Sizler t\u00fcm mant\u0131\u011f\u0131n\u0131z\u0131 kullanarak bu ger\u00e7ekli\u011fi incelerken biz yeniden harekete ge\u00e7er; daha yeni, ba\u015fka ger\u00e7eklikler olu\u015ftururuz; siz bunu da incelersiniz ve i\u015fler bu \u015fekilde s\u00fcr\u00fcp gider. Biz tarihin akt\u00f6rleriyiz\u2026 Ve siz, siz hepiniz, biz her ne yap\u0131yorsak onlar\u0131 incelemekle yetineceksiniz.\u201d \ufffcTan\u0131t\u0131m Metni<\/p>\n","protected":false},"excerpt":{"rendered":"<p>\u201cBiz art\u0131k bir imparatorlu\u011fuz ve harekete ge\u00e7ti\u011fimizde kendi ger\u00e7ekli\u011fimizi yarat\u0131r\u0131z. Sizler t\u00fcm mant\u0131\u011f\u0131n\u0131z\u0131 kullanarak bu ger\u00e7ekli\u011fi incelerken biz yeniden harekete ge\u00e7er; daha yeni, ba\u015fka ger\u00e7eklikler olu\u015ftururuz;<span class=\"excerpt-hellip\"> [\u2026]<\/span><\/p>\n","protected":false},"featured_media":0,"template":"","meta":{"_monsterinsights_skip_tracking":false,"_monsterinsights_sitenote_active":false,"_monsterinsights_sitenote_note":"","_monsterinsights_sitenote_category":0},"product_brand":[],"product_cat":[13590,12337],"product_tag":[],"class_list":{"0":"post-703241","1":"product","2":"type-product","3":"status-publish","5":"product_cat-arastirma-inceleme-politika-siyaset","6":"product_cat-politika-siyaset","7":"pa_cilt-ciltsiz","8":"pa_tur-kitap","9":"pa_yayinevi-inkilap-kitabevi","10":"pa_yazar-noam-chomsky","12":"first","13":"instock","14":"sale","15":"shipping-taxable","16":"purchasable","17":"product-type-simple"},"_links":{"self":[{"href":"https:\/\/roveyayinevi.com.tr\/index.php\/wp-json\/wp\/v2\/product\/703241","targetHints":{"allow":["GET"]}}],"collection":[{"href":"https:\/\/roveyayinevi.com.tr\/index.php\/wp-json\/wp\/v2\/product"}],"about":[{"href":"https:\/\/roveyayinevi.com.tr\/index.php\/wp-json\/wp\/v2\/types\/product"}],"wp:attachment":[{"href":"https:\/\/roveyayinevi.com.tr\/index.php\/wp-json\/wp\/v2\/media?parent=703241"}],"wp:term":[{"taxonomy":"product_brand","embeddable":true,"href":"https:\/\/roveyayinevi.com.tr\/index.php\/wp-json\/wp\/v2\/product_brand?post=703241"},{"taxonomy":"product_cat","embeddable":true,"href":"https:\/\/roveyayinevi.com.tr\/index.php\/wp-json\/wp\/v2\/product_cat?post=703241"},{"taxonomy":"product_tag","embeddable":true,"href":"https:\/\/roveyayinevi.com.tr\/index.php\/wp-json\/wp\/v2\/product_tag?post=703241"}],"curies":[{"name":"wp","href":"https:\/\/api.w.org\/{rel}","templated":true}]}}