{"id":703240,"date":"2025-08-27T15:24:00","date_gmt":"2025-08-27T12:24:00","guid":{"rendered":"https:\/\/roveyayinevi.com.tr\/index.php\/urun\/turk-medeniyeti-tarihi\/"},"modified":"2026-04-16T02:12:32","modified_gmt":"2026-04-15T23:12:32","slug":"turk-medeniyeti-tarihi","status":"publish","type":"product","link":"https:\/\/roveyayinevi.com.tr\/index.php\/urun\/turk-medeniyeti-tarihi\/","title":{"rendered":"T\u00fcrk Medeniyeti Tarihi"},"content":{"rendered":"<p>Ziya G\u00f6kalp&#8217;\u0131n d\u00fc\u015f\u00fcnce adaml\u0131\u011f\u0131n\u0131n yan\u0131 s\u0131ra bilim adaml\u0131\u011f\u0131 vasf\u0131n\u0131n da ortaya \u00e7\u0131kt\u0131\u011f\u0131 eserlerin ba\u015f\u0131nda hi\u00e7 \u015f\u00fcphesiz T\u00fcrk Medeniyeti Tarihi gelmektedir. T\u00fcrk medeniyeti tarihi, haz\u0131rlan\u0131\u015f bi\u00e7imi, terminolojisi ve y\u00f6ntemiyle bilimsel bir eserdir. \u00dcstelik kitapta yer alan bilgiler art\u0131k bug\u00fcn yenilenmi\u015f ve g\u00fcncellenmi\u015f olsa da G\u00f6kalp&#8217;\u0131n de\u011ferlendirmeleri ve yorumlar\u0131 bug\u00fcne kadar hala a\u015f\u0131lamam\u0131\u015f ve bu \u00e7al\u0131\u015fmas\u0131 \u0131\u015f\u0131k tutucu ve \u00f6nc\u00fc bir eser olma \u00f6zelli\u011fini hi\u00e7 kaybetmemi\u015ftir. G\u00f6kalp, T\u00fcrk medeniyeti tarihini bir b\u00fct\u00fcn olarak yazmay\u0131 planlam\u0131\u015f olsa da \u00f6mr\u00fc buna vefa etmemi\u015f ve yaln\u0131zca \u201c\u0130slamiyet&#8217;ten Evvel T\u00fcrk Medeniyeti\u201d k\u0131sm\u0131n\u0131 tamamlayabilmi\u015ftir. T\u00fcrk Medeniyeti Tarihi; Ba\u015flang\u0131\u00e7 k\u0131sm\u0131nda verilen bir tak\u0131m teorik bilgilerden sonra be\u015f kitaptan olu\u015fmaktad\u0131r: \u0130slamiyet&#8217;ten Evvel T\u00fcrk Dini, T\u00fcrk Muakelesi (Mant\u0131\u011f\u0131), \u0130slamiyet&#8217;ten Evvel T\u00fcrk Devleti, \u0130slamiyet&#8217;ten Evvel T\u00fcrk Ailesi ve \u0130slamiyet&#8217;ten Evvel T\u00fcrk \u0130ktisad\u0131. \ufffcTan\u0131t\u0131m Metni<\/p>\n","protected":false},"excerpt":{"rendered":"<p>Ziya G\u00f6kalp&#8217;\u0131n d\u00fc\u015f\u00fcnce adaml\u0131\u011f\u0131n\u0131n yan\u0131 s\u0131ra bilim adaml\u0131\u011f\u0131 vasf\u0131n\u0131n da ortaya \u00e7\u0131kt\u0131\u011f\u0131 eserlerin ba\u015f\u0131nda hi\u00e7 \u015f\u00fcphesiz T\u00fcrk Medeniyeti Tarihi gelmektedir. T\u00fcrk medeniyeti tarihi, haz\u0131rlan\u0131\u015f bi\u00e7imi, terminolojisi<span class=\"excerpt-hellip\"> [\u2026]<\/span><\/p>\n","protected":false},"featured_media":0,"template":"","meta":{"_monsterinsights_skip_tracking":false,"_monsterinsights_sitenote_active":false,"_monsterinsights_sitenote_note":"","_monsterinsights_sitenote_category":0},"product_brand":[],"product_cat":[12835,12324],"product_tag":[],"class_list":{"0":"post-703240","1":"product","2":"type-product","3":"status-publish","5":"product_cat-genel-sosyoloji","6":"product_cat-sosyoloji","7":"pa_cilt-ciltsiz","8":"pa_tur-kitap","9":"pa_yayinevi-otuken-nesriyat","10":"pa_yazar-ziya-gokalp","12":"first","13":"instock","14":"sale","15":"shipping-taxable","16":"purchasable","17":"product-type-simple"},"_links":{"self":[{"href":"https:\/\/roveyayinevi.com.tr\/index.php\/wp-json\/wp\/v2\/product\/703240","targetHints":{"allow":["GET"]}}],"collection":[{"href":"https:\/\/roveyayinevi.com.tr\/index.php\/wp-json\/wp\/v2\/product"}],"about":[{"href":"https:\/\/roveyayinevi.com.tr\/index.php\/wp-json\/wp\/v2\/types\/product"}],"wp:attachment":[{"href":"https:\/\/roveyayinevi.com.tr\/index.php\/wp-json\/wp\/v2\/media?parent=703240"}],"wp:term":[{"taxonomy":"product_brand","embeddable":true,"href":"https:\/\/roveyayinevi.com.tr\/index.php\/wp-json\/wp\/v2\/product_brand?post=703240"},{"taxonomy":"product_cat","embeddable":true,"href":"https:\/\/roveyayinevi.com.tr\/index.php\/wp-json\/wp\/v2\/product_cat?post=703240"},{"taxonomy":"product_tag","embeddable":true,"href":"https:\/\/roveyayinevi.com.tr\/index.php\/wp-json\/wp\/v2\/product_tag?post=703240"}],"curies":[{"name":"wp","href":"https:\/\/api.w.org\/{rel}","templated":true}]}}