{"id":703238,"date":"2025-08-27T15:23:59","date_gmt":"2025-08-27T12:23:59","guid":{"rendered":"https:\/\/roveyayinevi.com.tr\/index.php\/urun\/cizgilerle-prens\/"},"modified":"2026-04-16T02:12:32","modified_gmt":"2026-04-15T23:12:32","slug":"cizgilerle-prens","status":"publish","type":"product","link":"https:\/\/roveyayinevi.com.tr\/index.php\/urun\/cizgilerle-prens\/","title":{"rendered":"\u00c7izgilerle Prens"},"content":{"rendered":"<p>Modern siyaset biliminin kurucusu Machiavelli&#8217;nin klasikle\u015fmi\u015f ba\u015fyap\u0131t\u0131, bu sefer \u00e7izgi roman format\u0131nda, bir kez daha T\u00fcrk okuyucusuyla bulu\u015fuyor. Machiavelli&#8217;nin 1500&#8217;l\u00fc y\u0131llarda   prenslere   verdi\u011fi \u00f6\u011f\u00fctler, g\u00fcn\u00fcm\u00fcz\u00fcn liderleri ve g\u00fc\u00e7 sahibi ki\u015fileri i\u00e7inde ge\u00e7erli\u011fini koruyor;insan do\u011fas\u0131na, olgulara ve tarihe ili\u015fkin g\u00f6zlemleri insanlar\u0131, toplumu ve d\u00fcnyay\u0131 daha derinlemesine anlamam\u0131z\u0131 sa\u011fl\u0131yor. <\/p>\n","protected":false},"excerpt":{"rendered":"<p>Modern siyaset biliminin kurucusu Machiavelli&#8217;nin klasikle\u015fmi\u015f ba\u015fyap\u0131t\u0131, bu sefer \u00e7izgi roman format\u0131nda, bir kez daha T\u00fcrk okuyucusuyla bulu\u015fuyor. Machiavelli&#8217;nin 1500&#8217;l\u00fc y\u0131llarda prenslere verdi\u011fi \u00f6\u011f\u00fctler, g\u00fcn\u00fcm\u00fcz\u00fcn liderleri<span class=\"excerpt-hellip\"> [\u2026]<\/span><\/p>\n","protected":false},"featured_media":0,"template":"","meta":{"_monsterinsights_skip_tracking":false,"_monsterinsights_sitenote_active":false,"_monsterinsights_sitenote_note":"","_monsterinsights_sitenote_category":0},"product_brand":[],"product_cat":[12416,12291],"product_tag":[],"class_list":{"0":"post-703238","1":"product","2":"type-product","3":"status-publish","5":"product_cat-cizgi-roman","6":"product_cat-edebiyat","7":"pa_cilt-ciltsiz","8":"pa_tur-kitap","9":"pa_yayinevi-akil-celen-kitaplar","10":"pa_yazar-niccolo-machiavelli","12":"first","13":"instock","14":"sale","15":"shipping-taxable","16":"purchasable","17":"product-type-simple"},"_links":{"self":[{"href":"https:\/\/roveyayinevi.com.tr\/index.php\/wp-json\/wp\/v2\/product\/703238","targetHints":{"allow":["GET"]}}],"collection":[{"href":"https:\/\/roveyayinevi.com.tr\/index.php\/wp-json\/wp\/v2\/product"}],"about":[{"href":"https:\/\/roveyayinevi.com.tr\/index.php\/wp-json\/wp\/v2\/types\/product"}],"wp:attachment":[{"href":"https:\/\/roveyayinevi.com.tr\/index.php\/wp-json\/wp\/v2\/media?parent=703238"}],"wp:term":[{"taxonomy":"product_brand","embeddable":true,"href":"https:\/\/roveyayinevi.com.tr\/index.php\/wp-json\/wp\/v2\/product_brand?post=703238"},{"taxonomy":"product_cat","embeddable":true,"href":"https:\/\/roveyayinevi.com.tr\/index.php\/wp-json\/wp\/v2\/product_cat?post=703238"},{"taxonomy":"product_tag","embeddable":true,"href":"https:\/\/roveyayinevi.com.tr\/index.php\/wp-json\/wp\/v2\/product_tag?post=703238"}],"curies":[{"name":"wp","href":"https:\/\/api.w.org\/{rel}","templated":true}]}}