{"id":703237,"date":"2025-08-27T15:23:59","date_gmt":"2025-08-27T12:23:59","guid":{"rendered":"https:\/\/roveyayinevi.com.tr\/index.php\/urun\/aydede-1949-3\/"},"modified":"2026-04-16T02:12:32","modified_gmt":"2026-04-15T23:12:32","slug":"aydede-1949-3","status":"publish","type":"product","link":"https:\/\/roveyayinevi.com.tr\/index.php\/urun\/aydede-1949-3\/","title":{"rendered":"Aydede 1949 -3"},"content":{"rendered":"<p>Refik Halid Karay\u2019\u0131n s\u00fcrg\u00fcnden d\u00f6nd\u00fckten sonra 8 May\u0131s 1948 tarihinde yeniden yay\u0131mlamaya ba\u015flad\u0131\u011f\u0131 Aydede dergisi 1 Ekim 1949 tarihli 125. say\u0131ya kadar varl\u0131\u011f\u0131n\u0131 s\u00fcrd\u00fcrm\u00fc\u015ft\u00fcr. 1922\u2019de 90 say\u0131 \u00e7\u0131kt\u0131ktan sonra derginin ba\u015fyazar\u0131 ve kurucusu Refit Halid\u2019in yurtd\u0131\u015f\u0131na g\u00f6nderilmesiyle Aydede\u2019nin ilk d\u00f6nemi de kapanm\u0131\u015f oluyordu. <\/p>\n","protected":false},"excerpt":{"rendered":"<p>Refik Halid Karay\u2019\u0131n s\u00fcrg\u00fcnden d\u00f6nd\u00fckten sonra 8 May\u0131s 1948 tarihinde yeniden yay\u0131mlamaya ba\u015flad\u0131\u011f\u0131 Aydede dergisi 1 Ekim 1949 tarihli 125. say\u0131ya kadar varl\u0131\u011f\u0131n\u0131 s\u00fcrd\u00fcrm\u00fc\u015ft\u00fcr. 1922\u2019de 90<span class=\"excerpt-hellip\"> [\u2026]<\/span><\/p>\n","protected":false},"featured_media":0,"template":"","meta":{"_monsterinsights_skip_tracking":false,"_monsterinsights_sitenote_active":false,"_monsterinsights_sitenote_note":"","_monsterinsights_sitenote_category":0},"product_brand":[],"product_cat":[12291,14825],"product_tag":[],"class_list":{"0":"post-703237","1":"product","2":"type-product","3":"status-publish","5":"product_cat-edebiyat","6":"product_cat-mizah","7":"pa_cilt-ciltsiz","8":"pa_tur-kitap","9":"pa_yayinevi-inkilap-kitabevi","10":"pa_yazar-refik-halid-karay","12":"first","13":"instock","14":"sale","15":"shipping-taxable","16":"purchasable","17":"product-type-simple"},"_links":{"self":[{"href":"https:\/\/roveyayinevi.com.tr\/index.php\/wp-json\/wp\/v2\/product\/703237","targetHints":{"allow":["GET"]}}],"collection":[{"href":"https:\/\/roveyayinevi.com.tr\/index.php\/wp-json\/wp\/v2\/product"}],"about":[{"href":"https:\/\/roveyayinevi.com.tr\/index.php\/wp-json\/wp\/v2\/types\/product"}],"wp:attachment":[{"href":"https:\/\/roveyayinevi.com.tr\/index.php\/wp-json\/wp\/v2\/media?parent=703237"}],"wp:term":[{"taxonomy":"product_brand","embeddable":true,"href":"https:\/\/roveyayinevi.com.tr\/index.php\/wp-json\/wp\/v2\/product_brand?post=703237"},{"taxonomy":"product_cat","embeddable":true,"href":"https:\/\/roveyayinevi.com.tr\/index.php\/wp-json\/wp\/v2\/product_cat?post=703237"},{"taxonomy":"product_tag","embeddable":true,"href":"https:\/\/roveyayinevi.com.tr\/index.php\/wp-json\/wp\/v2\/product_tag?post=703237"}],"curies":[{"name":"wp","href":"https:\/\/api.w.org\/{rel}","templated":true}]}}