{"id":703233,"date":"2025-08-27T15:23:14","date_gmt":"2025-08-27T12:23:14","guid":{"rendered":"https:\/\/roveyayinevi.com.tr\/index.php\/urun\/minik-dahi-beyin\/"},"modified":"2026-04-16T02:12:32","modified_gmt":"2026-04-15T23:12:32","slug":"minik-dahi-beyin","status":"publish","type":"product","link":"https:\/\/roveyayinevi.com.tr\/index.php\/urun\/minik-dahi-beyin\/","title":{"rendered":"Minik Dahi Beyin"},"content":{"rendered":"<p>Merhaba! Ben Minik Dahi. Bu kitap kafan\u0131n i\u00e7inde bulunan ve beyin denilen muhte\u015fem makina hakk\u0131nda. Sana onunla ilgili her\u015feyi anlatmak i\u00e7in buraday\u0131m. Bu e\u011flenceli kitap beyinler hakk\u0131nda bilmen gereken her \u015feyi i\u00e7eriyor. \u00d6rne\u011fin: Kafandan \u00e7\u0131karmadan beynini nas\u0131l g\u00f6rebilirsin? Ba\u015fa\u011fr\u0131s\u0131 nerden gelir? Hayal etmek nedir? Canl\u0131 resimler ve etkileyici, basit metinleriyle gelece\u011fin beyin cerrahlar\u0131n\u0131n sahip olmas\u0131 gereken bir ba\u015fucu kitab\u0131. Sizin \u00e7ocu\u011funuz da bilimsel temelli bu kitap sayesinde bir Minik Dahi olabilir. <\/p>\n","protected":false},"excerpt":{"rendered":"<p>Merhaba! Ben Minik Dahi. Bu kitap kafan\u0131n i\u00e7inde bulunan ve beyin denilen muhte\u015fem makina hakk\u0131nda. Sana onunla ilgili her\u015feyi anlatmak i\u00e7in buraday\u0131m. Bu e\u011flenceli kitap beyinler<span class=\"excerpt-hellip\"> [\u2026]<\/span><\/p>\n","protected":false},"featured_media":0,"template":"","meta":{"_monsterinsights_skip_tracking":false,"_monsterinsights_sitenote_active":false,"_monsterinsights_sitenote_note":"","_monsterinsights_sitenote_category":0},"product_brand":[],"product_cat":[12274,14573],"product_tag":[],"class_list":{"0":"post-703233","1":"product","2":"type-product","3":"status-publish","5":"product_cat-cocuk-ve-genclik-kitaplari","6":"product_cat-referans-kitaplar-cocuk-ve-genclik-kitaplari","7":"pa_cilt-ciltsiz","8":"pa_tur-kitap","9":"pa_yayinevi-is-bankasi-kultur-yayinlari","10":"pa_yazar-kate-lennard","12":"first","13":"instock","14":"sale","15":"shipping-taxable","16":"purchasable","17":"product-type-simple"},"_links":{"self":[{"href":"https:\/\/roveyayinevi.com.tr\/index.php\/wp-json\/wp\/v2\/product\/703233","targetHints":{"allow":["GET"]}}],"collection":[{"href":"https:\/\/roveyayinevi.com.tr\/index.php\/wp-json\/wp\/v2\/product"}],"about":[{"href":"https:\/\/roveyayinevi.com.tr\/index.php\/wp-json\/wp\/v2\/types\/product"}],"wp:attachment":[{"href":"https:\/\/roveyayinevi.com.tr\/index.php\/wp-json\/wp\/v2\/media?parent=703233"}],"wp:term":[{"taxonomy":"product_brand","embeddable":true,"href":"https:\/\/roveyayinevi.com.tr\/index.php\/wp-json\/wp\/v2\/product_brand?post=703233"},{"taxonomy":"product_cat","embeddable":true,"href":"https:\/\/roveyayinevi.com.tr\/index.php\/wp-json\/wp\/v2\/product_cat?post=703233"},{"taxonomy":"product_tag","embeddable":true,"href":"https:\/\/roveyayinevi.com.tr\/index.php\/wp-json\/wp\/v2\/product_tag?post=703233"}],"curies":[{"name":"wp","href":"https:\/\/api.w.org\/{rel}","templated":true}]}}