{"id":703232,"date":"2025-08-27T15:23:13","date_gmt":"2025-08-27T12:23:13","guid":{"rendered":"https:\/\/roveyayinevi.com.tr\/index.php\/urun\/minik-canlilar\/"},"modified":"2026-04-16T02:12:32","modified_gmt":"2026-04-15T23:12:32","slug":"minik-canlilar","status":"publish","type":"product","link":"https:\/\/roveyayinevi.com.tr\/index.php\/urun\/minik-canlilar\/","title":{"rendered":"Minik Canl\u0131lar"},"content":{"rendered":"<p>Bilinen hayvan t\u00fcrlerinin yar\u0131s\u0131ndan fazlas\u0131 b\u00f6cektir. Bug\u00fcne kadar tan\u0131mlanm\u0131\u015f bir milyondan fazla b\u00f6cek t\u00fcr\u00fc vard\u0131r. Ayr\u0131ca hen\u00fcz tan\u0131mlanmam\u0131\u015f milyonlarca b\u00f6cek t\u00fcr\u00fc oldu\u011fu tahmin edilmektedir B\u00f6ceklerin \u00e7o\u011fu do\u011fada \u00f6nemli roller \u00fcstlenir. \u00c7i\u00e7ekli bitkilerin d\u00f6rtte \u00fc\u00e7\u00fcnde tozla\u015fmay\u0131 b\u00f6cekler sa\u011flar ve pek \u00e7ok hayvan b\u00f6cek yiyerek beslenir. B\u00f6cekler olmasayd\u0131 topraklar bu kadar verimli, ormanlar bu kadar g\u00fczel olmazd\u0131\u011f Gelin birlikte minik canl\u0131lar\u0131n harika d\u00fcnyas\u0131n\u0131 ziyaret edelim.<\/p>\n","protected":false},"excerpt":{"rendered":"<p>Bilinen hayvan t\u00fcrlerinin yar\u0131s\u0131ndan fazlas\u0131 b\u00f6cektir. Bug\u00fcne kadar tan\u0131mlanm\u0131\u015f bir milyondan fazla b\u00f6cek t\u00fcr\u00fc vard\u0131r. Ayr\u0131ca hen\u00fcz tan\u0131mlanmam\u0131\u015f milyonlarca b\u00f6cek t\u00fcr\u00fc oldu\u011fu tahmin edilmektedir B\u00f6ceklerin \u00e7o\u011fu<span class=\"excerpt-hellip\"> [\u2026]<\/span><\/p>\n","protected":false},"featured_media":0,"template":"","meta":{"_monsterinsights_skip_tracking":false,"_monsterinsights_sitenote_active":false,"_monsterinsights_sitenote_note":"","_monsterinsights_sitenote_category":0},"product_brand":[],"product_cat":[13829,12274],"product_tag":[],"class_list":{"0":"post-703232","1":"product","2":"type-product","3":"status-publish","5":"product_cat-bilimsel-kitaplar","6":"product_cat-cocuk-ve-genclik-kitaplari","7":"pa_cilt-ciltsiz","8":"pa_tur-kitap","9":"pa_yayinevi-is-bankasi-kultur-yayinlari","10":"pa_yazar-kolektif","12":"first","13":"instock","14":"sale","15":"shipping-taxable","16":"purchasable","17":"product-type-simple"},"_links":{"self":[{"href":"https:\/\/roveyayinevi.com.tr\/index.php\/wp-json\/wp\/v2\/product\/703232","targetHints":{"allow":["GET"]}}],"collection":[{"href":"https:\/\/roveyayinevi.com.tr\/index.php\/wp-json\/wp\/v2\/product"}],"about":[{"href":"https:\/\/roveyayinevi.com.tr\/index.php\/wp-json\/wp\/v2\/types\/product"}],"wp:attachment":[{"href":"https:\/\/roveyayinevi.com.tr\/index.php\/wp-json\/wp\/v2\/media?parent=703232"}],"wp:term":[{"taxonomy":"product_brand","embeddable":true,"href":"https:\/\/roveyayinevi.com.tr\/index.php\/wp-json\/wp\/v2\/product_brand?post=703232"},{"taxonomy":"product_cat","embeddable":true,"href":"https:\/\/roveyayinevi.com.tr\/index.php\/wp-json\/wp\/v2\/product_cat?post=703232"},{"taxonomy":"product_tag","embeddable":true,"href":"https:\/\/roveyayinevi.com.tr\/index.php\/wp-json\/wp\/v2\/product_tag?post=703232"}],"curies":[{"name":"wp","href":"https:\/\/api.w.org\/{rel}","templated":true}]}}