{"id":703228,"date":"2025-08-27T15:23:12","date_gmt":"2025-08-27T12:23:12","guid":{"rendered":"https:\/\/roveyayinevi.com.tr\/index.php\/urun\/metis-kucuk-filozoflar-serisi-18-profesor-freud-baliklarla-konusuyor\/"},"modified":"2026-04-16T02:12:32","modified_gmt":"2026-04-15T23:12:32","slug":"metis-kucuk-filozoflar-serisi-18-profesor-freud-baliklarla-konusuyor","status":"publish","type":"product","link":"https:\/\/roveyayinevi.com.tr\/index.php\/urun\/metis-kucuk-filozoflar-serisi-18-profesor-freud-baliklarla-konusuyor\/","title":{"rendered":"Metis K\u00fc\u00e7\u00fck Filozoflar Serisi 18 &#8211; Profes\u00f6r Freud Bal\u0131klarla Konu\u015fuyor"},"content":{"rendered":"<p>K\u00fc\u00e7\u00fck Filozoflar dizisinin 18. kitab\u0131. Marion Muller-Colard yazd\u0131, Nathalie Novi resimledi. Nesrin Demiryontan\u2019\u0131n \u00e7evirisiyle.\u201cBu kurba\u011falar\u0131 tan\u0131yor musun ?\u201d  diye soruyor Profes\u00f6r merak i\u00e7inde.\u201cHer g\u00fcn ayn\u0131 \u015fey,\u201d diye i\u00e7ini \u00e7ekiyor sazan.\u201c\u0130d, \u00dcstben\u2019in nil\u00fcferine \u00e7\u0131kmak istiyor, beriki ona bir tokat patlat\u0131yor, \u0130d yeniden dibe iniyor ve inan bana, b\u00fct\u00fcn bunlar Ben\u2019i \u00e7ok geriyor.\u201d <\/p>\n","protected":false},"excerpt":{"rendered":"<p>K\u00fc\u00e7\u00fck Filozoflar dizisinin 18. kitab\u0131. Marion Muller-Colard yazd\u0131, Nathalie Novi resimledi. Nesrin Demiryontan\u2019\u0131n \u00e7evirisiyle.\u201cBu kurba\u011falar\u0131 tan\u0131yor musun ?\u201d diye soruyor Profes\u00f6r merak i\u00e7inde.\u201cHer g\u00fcn ayn\u0131 \u015fey,\u201d<span class=\"excerpt-hellip\"> [\u2026]<\/span><\/p>\n","protected":false},"featured_media":0,"template":"","meta":{"_monsterinsights_skip_tracking":false,"_monsterinsights_sitenote_active":false,"_monsterinsights_sitenote_note":"","_monsterinsights_sitenote_category":0},"product_brand":[],"product_cat":[12312,12304],"product_tag":[],"class_list":{"0":"post-703228","1":"product","2":"type-product","3":"status-publish","5":"product_cat-diger","6":"product_cat-tarih","7":"pa_cilt-ciltsiz","8":"pa_tur-kitap","9":"pa_yayinevi-metis-yayinlari","10":"pa_yazar-marion-muller-colard","12":"first","13":"instock","14":"sale","15":"shipping-taxable","16":"purchasable","17":"product-type-simple"},"_links":{"self":[{"href":"https:\/\/roveyayinevi.com.tr\/index.php\/wp-json\/wp\/v2\/product\/703228","targetHints":{"allow":["GET"]}}],"collection":[{"href":"https:\/\/roveyayinevi.com.tr\/index.php\/wp-json\/wp\/v2\/product"}],"about":[{"href":"https:\/\/roveyayinevi.com.tr\/index.php\/wp-json\/wp\/v2\/types\/product"}],"wp:attachment":[{"href":"https:\/\/roveyayinevi.com.tr\/index.php\/wp-json\/wp\/v2\/media?parent=703228"}],"wp:term":[{"taxonomy":"product_brand","embeddable":true,"href":"https:\/\/roveyayinevi.com.tr\/index.php\/wp-json\/wp\/v2\/product_brand?post=703228"},{"taxonomy":"product_cat","embeddable":true,"href":"https:\/\/roveyayinevi.com.tr\/index.php\/wp-json\/wp\/v2\/product_cat?post=703228"},{"taxonomy":"product_tag","embeddable":true,"href":"https:\/\/roveyayinevi.com.tr\/index.php\/wp-json\/wp\/v2\/product_tag?post=703228"}],"curies":[{"name":"wp","href":"https:\/\/api.w.org\/{rel}","templated":true}]}}