{"id":703223,"date":"2025-08-27T15:23:10","date_gmt":"2025-08-27T12:23:10","guid":{"rendered":"https:\/\/roveyayinevi.com.tr\/index.php\/urun\/yar-bana-bir-eglence-karagoz-ve-hacivat\/"},"modified":"2026-04-16T02:12:32","modified_gmt":"2026-04-15T23:12:32","slug":"yar-bana-bir-eglence-karagoz-ve-hacivat","status":"publish","type":"product","link":"https:\/\/roveyayinevi.com.tr\/index.php\/urun\/yar-bana-bir-eglence-karagoz-ve-hacivat\/","title":{"rendered":"Yar Bana Bir E\u011flence : Karag\u00f6z ve Hacivat"},"content":{"rendered":"<p>E\u015fsiz bir komediye haz\u0131r m\u0131s\u0131n\u0131z? E\u011flence ve ne\u015feyi sever misiniz? Peki, doyas\u0131ya g\u00fclmeye ne dersiniz? Yan\u0131t\u0131n\u0131z evet ise, haydi gelin! E\u011flenceli Bilgi D\u00fcnyas\u0131  sizleri kahkaha dolu bir yolculu\u011fa \u00e7\u0131kar\u0131yor. \u0130\u015fte, kar\u015f\u0131n\u0131zda mizah\u0131n efsane karakterleri Karag\u00f6z ve Hacivat! Her i\u015fe kar\u0131\u015fmay\u0131 seven Karag\u00f6z, nabza g\u00f6re \u015ferbet veren Hacivat\u2019la bulu\u015fursa neler olur? Elbette birbirinden ne\u015feli, s\u00fcr\u00fckleyici ve e\u011flenceli diyaloglar ortaya \u00e7\u0131kar. Karag\u00f6z ve Hacivat\u2019\u0131 sizler de \u00e7ok sevecek, farkl\u0131l\u0131klar\u0131n\u0131n yan\u0131nda sa\u011flam dostluklar\u0131yla dikkat \u00e7eken bu m\u00fcthi\u015f ikilinin uyumuna bay\u0131lacaks\u0131n\u0131z! \u00dcstelik tarihin tozlu sayfalar\u0131na macera dolu bir yolculuk da sizleri bekliyor! Gizem dolu efsaneler, ilgin\u00e7 bilinmeyenler, y\u0131llara meydan okuyan g\u00f6lge oyunu, renkli tiplemeler ve hayal dolu bir d\u00fcnya! Hepsi bu kitapta ke\u015ffedilmeyi bekliyor! <\/p>\n","protected":false},"excerpt":{"rendered":"<p>E\u015fsiz bir komediye haz\u0131r m\u0131s\u0131n\u0131z? E\u011flence ve ne\u015feyi sever misiniz? Peki, doyas\u0131ya g\u00fclmeye ne dersiniz? Yan\u0131t\u0131n\u0131z evet ise, haydi gelin! E\u011flenceli Bilgi D\u00fcnyas\u0131 sizleri kahkaha dolu<span class=\"excerpt-hellip\"> [\u2026]<\/span><\/p>\n","protected":false},"featured_media":0,"template":"","meta":{"_monsterinsights_skip_tracking":false,"_monsterinsights_sitenote_active":false,"_monsterinsights_sitenote_note":"","_monsterinsights_sitenote_category":0},"product_brand":[],"product_cat":[12291,14825],"product_tag":[],"class_list":{"0":"post-703223","1":"product","2":"type-product","3":"status-publish","5":"product_cat-edebiyat","6":"product_cat-mizah","7":"pa_cilt-ciltsiz","8":"pa_tur-kitap","9":"pa_yayinevi-eglenceli-bilgi-yayinlari","10":"pa_yazar-gulizi-ozen","12":"first","13":"instock","14":"sale","15":"shipping-taxable","16":"purchasable","17":"product-type-simple"},"_links":{"self":[{"href":"https:\/\/roveyayinevi.com.tr\/index.php\/wp-json\/wp\/v2\/product\/703223","targetHints":{"allow":["GET"]}}],"collection":[{"href":"https:\/\/roveyayinevi.com.tr\/index.php\/wp-json\/wp\/v2\/product"}],"about":[{"href":"https:\/\/roveyayinevi.com.tr\/index.php\/wp-json\/wp\/v2\/types\/product"}],"wp:attachment":[{"href":"https:\/\/roveyayinevi.com.tr\/index.php\/wp-json\/wp\/v2\/media?parent=703223"}],"wp:term":[{"taxonomy":"product_brand","embeddable":true,"href":"https:\/\/roveyayinevi.com.tr\/index.php\/wp-json\/wp\/v2\/product_brand?post=703223"},{"taxonomy":"product_cat","embeddable":true,"href":"https:\/\/roveyayinevi.com.tr\/index.php\/wp-json\/wp\/v2\/product_cat?post=703223"},{"taxonomy":"product_tag","embeddable":true,"href":"https:\/\/roveyayinevi.com.tr\/index.php\/wp-json\/wp\/v2\/product_tag?post=703223"}],"curies":[{"name":"wp","href":"https:\/\/api.w.org\/{rel}","templated":true}]}}